{"id":422,"date":"2023-08-28T15:09:07","date_gmt":"2023-08-28T15:09:07","guid":{"rendered":"https:\/\/kdtmiddleast.com\/?post_type=product&#038;p=422"},"modified":"2024-08-27T08:51:24","modified_gmt":"2024-08-27T08:51:24","slug":"2014-model-edgetech-208sjg-on-frze-kose-yuvarlama-kanal","status":"publish","type":"product","link":"https:\/\/kdtmiddleast.com\/en\/product\/2014-model-edgetech-208sjg-on-frze-kose-yuvarlama-kanal\/","title":{"rendered":"2014 MODEL EDGETECH 208SJG \u00d6N FREZE-K\u00d6\u015eE YUVARLAMA-KANAL"},"content":{"rendered":"","protected":false},"excerpt":{"rendered":"","protected":false},"featured_media":423,"comment_status":"open","ping_status":"closed","template":"","meta":[],"product_cat":[45],"product_tag":[44],"class_list":{"0":"post-422","1":"product","2":"type-product","3":"status-publish","4":"has-post-thumbnail","6":"product_cat-ikinci-el-makinalar","7":"product_tag-ikinci-el-makinalar","9":"first","10":"instock","11":"shipping-taxable","12":"product-type-external"},"_links":{"self":[{"href":"https:\/\/kdtmiddleast.com\/en\/wp-json\/wp\/v2\/product\/422","targetHints":{"allow":["GET"]}}],"collection":[{"href":"https:\/\/kdtmiddleast.com\/en\/wp-json\/wp\/v2\/product"}],"about":[{"href":"https:\/\/kdtmiddleast.com\/en\/wp-json\/wp\/v2\/types\/product"}],"replies":[{"embeddable":true,"href":"https:\/\/kdtmiddleast.com\/en\/wp-json\/wp\/v2\/comments?post=422"}],"wp:featuredmedia":[{"embeddable":true,"href":"https:\/\/kdtmiddleast.com\/en\/wp-json\/wp\/v2\/media\/423"}],"wp:attachment":[{"href":"https:\/\/kdtmiddleast.com\/en\/wp-json\/wp\/v2\/media?parent=422"}],"wp:term":[{"taxonomy":"product_cat","embeddable":true,"href":"https:\/\/kdtmiddleast.com\/en\/wp-json\/wp\/v2\/product_cat?post=422"},{"taxonomy":"product_tag","embeddable":true,"href":"https:\/\/kdtmiddleast.com\/en\/wp-json\/wp\/v2\/product_tag?post=422"}],"curies":[{"name":"wp","href":"https:\/\/api.w.org\/{rel}","templated":true}]}}