{"id":2249,"date":"2024-07-10T07:09:24","date_gmt":"2024-07-10T07:09:24","guid":{"rendered":"https:\/\/kdtmiddleast.com\/?post_type=product&#038;p=2249"},"modified":"2024-07-29T11:08:08","modified_gmt":"2024-07-29T11:08:08","slug":"mactech-mpack-2","status":"publish","type":"product","link":"https:\/\/kdtmiddleast.com\/en\/product\/mactech-mpack-2\/","title":{"rendered":"MACTECH-MPACK"},"content":{"rendered":"<div class=\"wpb-content-wrapper\"><div id=\"teknik-parametreler\" class=\"vc_row wpb_row vc_row-fluid teknik-parametreler wd-rs-6523fcabb6c43\"><div class=\"wpb_column vc_column_container vc_col-sm-12\"><div class=\"vc_column-inner\"><div class=\"wpb_wrapper\"><div class=\"vc_separator wpb_content_element vc_separator_align_center vc_sep_width_100 vc_sep_pos_align_center vc_sep_color_grey vc_separator-has-text\" ><span class=\"vc_sep_holder vc_sep_holder_l\"><span class=\"vc_sep_line\"><\/span><\/span><h4>TECHNICAL FEATURES<\/h4><span class=\"vc_sep_holder vc_sep_holder_r\"><span class=\"vc_sep_line\"><\/span><\/span>\n<\/div>\n\t<div class=\"wpb_text_column wpb_content_element\" >\n\t\t<div class=\"wpb_wrapper\">\n\t\t\t<h1 class=\"product_title entry-title wd-entities-title\">MACTECH-MPACK<\/h1>\n<p>Kutu kapatma makinesi<\/p>\n<p>Kapasite: 6\/8 kutu\/dakika<\/p>\n\n\t\t<\/div>\n\t<\/div>\n<\/div><\/div><\/div><\/div><div id=\"urun-videomuz\" class=\"vc_row wpb_row vc_row-fluid urun-videomuz wd-rs-668e297760c08\"><div class=\"wpb_column vc_column_container vc_col-sm-12\"><div class=\"vc_column-inner\"><div class=\"wpb_wrapper\"><div class=\"vc_separator wpb_content_element vc_separator_align_center vc_sep_width_100 vc_sep_border_width_3 vc_sep_pos_align_center vc_separator_no_text vc_sep_color_grey\" ><span class=\"vc_sep_holder vc_sep_holder_l\"><span class=\"vc_sep_line\"><\/span><\/span><span class=\"vc_sep_holder vc_sep_holder_r\"><span class=\"vc_sep_line\"><\/span><\/span>\n<\/div>\n\t<div class=\"wpb_video_widget wpb_content_element vc_clearfix vc_video-aspect-ratio-169 vc_video-el-width-100 vc_video-align-left wd-rs-668e34750a295\" >\n\t\t<div class=\"wpb_wrapper\">\n\t\t\t\n\t\t\t<div class=\"wpb_video_wrapper\"><iframe loading=\"lazy\" title=\"MACTECH-MPACK\" width=\"500\" height=\"281\" src=\"https:\/\/www.youtube.com\/embed\/tqJEoZKbMB4?feature=oembed\" frameborder=\"0\" allow=\"accelerometer; autoplay; clipboard-write; encrypted-media; gyroscope; picture-in-picture; web-share\" referrerpolicy=\"strict-origin-when-cross-origin\" allowfullscreen><\/iframe><\/div>\n\t\t<\/div>\n\t<\/div>\n<div class=\"vc_separator wpb_content_element vc_separator_align_center vc_sep_width_100 vc_sep_border_width_3 vc_sep_pos_align_center vc_separator_no_text vc_sep_color_grey\" ><span class=\"vc_sep_holder vc_sep_holder_l\"><span class=\"vc_sep_line\"><\/span><\/span><span class=\"vc_sep_holder vc_sep_holder_r\"><span class=\"vc_sep_line\"><\/span><\/span>\n<\/div><\/div><\/div><\/div><\/div><div class=\"vc_row wpb_row vc_row-fluid\"><div class=\"wpb_column vc_column_container vc_col-sm-6\"><div class=\"vc_column-inner\"><div class=\"wpb_wrapper\">\n\t<div  class=\"wpb_single_image wpb_content_element vc_align_left\">\n\t\t\n\t\t<figure class=\"wpb_wrapper vc_figure\">\n\t\t\t<div class=\"vc_single_image-wrapper   vc_box_border_grey\"><img decoding=\"async\" class=\"vc_img-placeholder vc_single_image-img\" src=\"https:\/\/kdtmiddleast.com\/wp-content\/plugins\/js_composer\/assets\/vc\/no_image.png\" \/><\/div>\n\t\t<\/figure>\n\t<\/div>\n<\/div><\/div><\/div><div class=\"wpb_column vc_column_container vc_col-sm-6\"><div class=\"vc_column-inner\"><div class=\"wpb_wrapper\">\n\t\t<div id=\"wd-668e34c50c108\" class=\"title-wrapper wd-wpb set-mb-s reset-last-child  wd-rs-668e34c50c108 wd-title-color-default wd-title-style-underlined-2 text-left  wd-underline-colored\">\n\t\t\t\n\t\t\t<div class=\"liner-continer\">\n\t\t\t\t<h4 class=\"woodmart-title-container title  wd-font-weight- wd-fontsize-l\" >BA\u015eLIK EKLENECEK<\/h4>\n\t\t\t\t\t\t\t<\/div>\n\t\t\t\n\t\t\t\n\t\t\t\n\t\t<\/div>\n\t\t\n\t\t\n\t<div class=\"wpb_text_column wpb_content_element\" >\n\t\t<div class=\"wpb_wrapper\">\n\t\t\t<p>A\u00e7\u0131klama<\/p>\n<p>a\u00e7\u0131klama<\/p>\n<p>A\u00e7\u0131klama<\/p>\n<p>a\u00e7\u0131klama<\/p>\n\n\t\t<\/div>\n\t<\/div>\n<\/div><\/div><\/div><\/div><div class=\"vc_row wpb_row vc_row-fluid\"><div class=\"wpb_column vc_column_container vc_col-sm-12\"><div class=\"vc_column-inner\"><div class=\"wpb_wrapper\"><div class=\"vc_separator wpb_content_element vc_separator_align_center vc_sep_width_100 vc_sep_border_width_3 vc_sep_pos_align_center vc_separator_no_text vc_sep_color_grey\" ><span class=\"vc_sep_holder vc_sep_holder_l\"><span class=\"vc_sep_line\"><\/span><\/span><span class=\"vc_sep_holder vc_sep_holder_r\"><span class=\"vc_sep_line\"><\/span><\/span>\n<\/div><\/div><\/div><\/div><\/div><div class=\"vc_row wpb_row vc_row-fluid\"><div class=\"wpb_column vc_column_container vc_col-sm-6\"><div class=\"vc_column-inner\"><div class=\"wpb_wrapper\">\n\t\t<div id=\"wd-668e2db7dbf74\" class=\"title-wrapper wd-wpb set-mb-s reset-last-child  wd-rs-668e2db7dbf74 wd-title-color-default wd-title-style-underlined-2 text-left  wd-underline-colored\">\n\t\t\t\n\t\t\t<div class=\"liner-continer\">\n\t\t\t\t<h4 class=\"woodmart-title-container title  wd-font-weight- wd-fontsize-l\" >\u00d6NE \u00c7IKAN \u00d6ZELL\u0130K YAZILACAK<\/h4>\n\t\t\t\t\t\t\t<\/div>\n\t\t\t\n\t\t\t\n\t\t\t\n\t\t<\/div>\n\t\t\n\t\t\n\t<div class=\"wpb_text_column wpb_content_element\" >\n\t\t<div class=\"wpb_wrapper\">\n\t\t\t<p>A\u00e7\u0131klama<\/p>\n<p>A\u00e7\u0131klama<\/p>\n<p>A\u00e7\u0131klama<\/p>\n<p>A\u00e7\u0131klama<\/p>\n\n\t\t<\/div>\n\t<\/div>\n<\/div><\/div><\/div><div class=\"wpb_column vc_column_container vc_col-sm-6\"><div class=\"vc_column-inner\"><div class=\"wpb_wrapper\">\n\t<div  class=\"wpb_single_image wpb_content_element vc_align_left\">\n\t\t\n\t\t<figure class=\"wpb_wrapper vc_figure\">\n\t\t\t<div class=\"vc_single_image-wrapper   vc_box_border_grey\"><img decoding=\"async\" class=\"vc_img-placeholder vc_single_image-img\" src=\"https:\/\/kdtmiddleast.com\/wp-content\/plugins\/js_composer\/assets\/vc\/no_image.png\" \/><\/div>\n\t\t<\/figure>\n\t<\/div>\n<\/div><\/div><\/div><\/div><div class=\"vc_row wpb_row vc_row-fluid\"><div class=\"wpb_column vc_column_container vc_col-sm-12\"><div class=\"vc_column-inner\"><div class=\"wpb_wrapper\"><div class=\"vc_separator wpb_content_element vc_separator_align_center vc_sep_width_100 vc_sep_border_width_3 vc_sep_pos_align_center vc_separator_no_text vc_sep_color_grey\" ><span class=\"vc_sep_holder vc_sep_holder_l\"><span class=\"vc_sep_line\"><\/span><\/span><span class=\"vc_sep_holder vc_sep_holder_r\"><span class=\"vc_sep_line\"><\/span><\/span>\n<\/div><\/div><\/div><\/div><\/div>\n<\/div>","protected":false},"excerpt":{"rendered":"<p><strong>Products Details<\/strong><\/p>\n<p>&nbsp;<\/p>\n<p>Tape thickness: 10 - 60 mm<\/p>\n<p>Feeding speed: 18 - 23 m\/min<\/p>\n<p>With rollers<\/p>\n<p>Pre-heating, Pre-milling and grooving units<\/p>\n<p>Automatic lubrications<\/p>\n<p><a class=\"button\" href=\"#teknik-parametreler\">TECHNICAL FEATURES<\/a> <a class=\"button\" href=\"#urun-videomuz\">Machine Video<\/a><\/p>","protected":false},"featured_media":1858,"comment_status":"open","ping_status":"closed","template":"","meta":[],"product_cat":[70],"product_tag":[85,83,84],"class_list":{"0":"post-2249","1":"product","2":"type-product","3":"status-publish","4":"has-post-thumbnail","6":"product_cat-kutu-kapama-mactech-mpack","7":"product_tag-box-closing","8":"product_tag-kutu-kapama","9":"product_tag-paketleme-makineleri","11":"first","12":"instock","13":"shipping-taxable","14":"product-type-simple"},"_links":{"self":[{"href":"https:\/\/kdtmiddleast.com\/en\/wp-json\/wp\/v2\/product\/2249","targetHints":{"allow":["GET"]}}],"collection":[{"href":"https:\/\/kdtmiddleast.com\/en\/wp-json\/wp\/v2\/product"}],"about":[{"href":"https:\/\/kdtmiddleast.com\/en\/wp-json\/wp\/v2\/types\/product"}],"replies":[{"embeddable":true,"href":"https:\/\/kdtmiddleast.com\/en\/wp-json\/wp\/v2\/comments?post=2249"}],"wp:featuredmedia":[{"embeddable":true,"href":"https:\/\/kdtmiddleast.com\/en\/wp-json\/wp\/v2\/media\/1858"}],"wp:attachment":[{"href":"https:\/\/kdtmiddleast.com\/en\/wp-json\/wp\/v2\/media?parent=2249"}],"wp:term":[{"taxonomy":"product_cat","embeddable":true,"href":"https:\/\/kdtmiddleast.com\/en\/wp-json\/wp\/v2\/product_cat?post=2249"},{"taxonomy":"product_tag","embeddable":true,"href":"https:\/\/kdtmiddleast.com\/en\/wp-json\/wp\/v2\/product_tag?post=2249"}],"curies":[{"name":"wp","href":"https:\/\/api.w.org\/{rel}","templated":true}]}}