{"id":209,"date":"2023-08-24T15:21:02","date_gmt":"2023-08-24T15:21:02","guid":{"rendered":"https:\/\/kdtmiddleast.com\/?post_type=product&#038;p=209"},"modified":"2024-07-29T14:30:55","modified_gmt":"2024-07-29T14:30:55","slug":"ka2713-bosaltma-asansoru","status":"publish","type":"product","link":"https:\/\/kdtmiddleast.com\/en\/product\/ka2713-bosaltma-asansoru\/","title":{"rendered":"KHA-9713 Bo\u015faltma Asans\u00f6r\u00fc"},"content":{"rendered":"<div class=\"wpb-content-wrapper\"><div id=\"teknik-parametreler\" class=\"vc_row wpb_row vc_row-fluid teknik-parametreler wd-rs-652405a715f11\"><div class=\"wpb_column vc_column_container vc_col-sm-12\"><div class=\"vc_column-inner\"><div class=\"wpb_wrapper\"><div class=\"vc_separator wpb_content_element vc_separator_align_center vc_sep_width_100 vc_sep_pos_align_center vc_sep_color_grey vc_separator-has-text\" ><span class=\"vc_sep_holder vc_sep_holder_l\"><span class=\"vc_sep_line\"><\/span><\/span><h4>TECHNICAL PARAMETERS<\/h4><span class=\"vc_sep_holder vc_sep_holder_r\"><span class=\"vc_sep_line\"><\/span><\/span>\n<\/div>\n\t<div class=\"wpb_text_column wpb_content_element\" >\n\t\t<div class=\"wpb_wrapper\">\n\t\t\t<table class=\"layui-table\">\n<tbody>\n<tr>\n<td>1.MAX PANEL(L*W)<\/td>\n<td class=\"layui-col-space10\">3965*2100<\/td>\n<\/tr>\n<tr>\n<td>2.Working table size(mm)<\/td>\n<td class=\"layui-col-space10\">4185*2120<\/td>\n<\/tr>\n<tr>\n<td>3.Panel length(mm)<\/td>\n<td class=\"layui-col-space10\">3965<\/td>\n<\/tr>\n<tr>\n<td>4.Panel width(mm)<\/td>\n<td class=\"layui-col-space10\">2100<\/td>\n<\/tr>\n<tr>\n<td>5.Panel thickness(mm)<\/td>\n<td class=\"layui-col-space10\">10-60<\/td>\n<\/tr>\n<tr>\n<td>6.Max.Speed\uff08m\/min)<\/td>\n<td class=\"layui-col-space10\">19<\/td>\n<\/tr>\n<tr>\n<td>7.Working Pressure\uff08MPa\uff09<\/td>\n<td class=\"layui-col-space10\">0.6<\/td>\n<\/tr>\n<tr>\n<td>8.Total Power\uff08kW\uff09<\/td>\n<td class=\"layui-col-space10\">1.5<\/td>\n<\/tr>\n<tr>\n<td>9.Gross Weight\uff08kg\uff09<\/td>\n<td class=\"layui-col-space10\">750<\/td>\n<\/tr>\n<tr>\n<td>10.Overall Size(L*W*H)<\/td>\n<td class=\"layui-col-space10\">4455*2525*976<\/td>\n<\/tr>\n<\/tbody>\n<\/table>\n\n\t\t<\/div>\n\t<\/div>\n<\/div><\/div><\/div><\/div><div id=\"urun-videomuz\" class=\"vc_row wpb_row vc_row-fluid urun-videomuz wd-rs-65256b8451f91\"><div class=\"wpb_column vc_column_container vc_col-sm-12\"><div class=\"vc_column-inner\"><div class=\"wpb_wrapper\"><div class=\"vc_separator wpb_content_element vc_separator_align_center vc_sep_width_100 vc_sep_pos_align_center vc_sep_color_grey vc_separator-has-text\" ><span class=\"vc_sep_holder vc_sep_holder_l\"><span class=\"vc_sep_line\"><\/span><\/span><h4>Machine Video<\/h4><span class=\"vc_sep_holder vc_sep_holder_r\"><span class=\"vc_sep_line\"><\/span><\/span>\n<\/div><\/div><\/div><\/div><\/div><div class=\"vc_row wpb_row vc_row-fluid\"><div class=\"wpb_column vc_column_container vc_col-sm-12\"><div class=\"vc_column-inner\"><div class=\"wpb_wrapper\">\n\t<div class=\"wpb_text_column wpb_content_element\" >\n\t\t<div class=\"wpb_wrapper\">\n\t\t\t<p>&nbsp;<\/p>\n\n\t\t<\/div>\n\t<\/div>\n<\/div><\/div><\/div><\/div><div id=\"teknik-parametreler\" class=\"vc_row wpb_row vc_row-fluid teknik-parametreler wd-rs-6523fcabb6c43\"><div class=\"wpb_column vc_column_container vc_col-sm-12\"><div class=\"vc_column-inner\"><div class=\"wpb_wrapper\"><\/div><\/div><\/div><\/div><div id=\"urun-videomuz\" class=\"vc_row wpb_row vc_row-fluid urun-videomuz wd-rs-668e297760c08\"><div class=\"wpb_column vc_column_container vc_col-sm-12\"><div class=\"vc_column-inner\"><div class=\"wpb_wrapper\"><div class=\"vc_separator wpb_content_element vc_separator_align_center vc_sep_width_100 vc_sep_border_width_3 vc_sep_pos_align_center vc_separator_no_text vc_sep_color_grey\" ><span class=\"vc_sep_holder vc_sep_holder_l\"><span class=\"vc_sep_line\"><\/span><\/span><span class=\"vc_sep_holder vc_sep_holder_r\"><span class=\"vc_sep_line\"><\/span><\/span>\n<\/div><\/div><\/div><\/div><\/div><div class=\"vc_row wpb_row vc_row-fluid\"><div class=\"wpb_column vc_column_container vc_col-sm-6\"><div class=\"vc_column-inner\"><div class=\"wpb_wrapper\">\n\t<div  class=\"wpb_single_image wpb_content_element vc_align_left\">\n\t\t\n\t\t<figure class=\"wpb_wrapper vc_figure\">\n\t\t\t<div class=\"vc_single_image-wrapper   vc_box_border_grey\"><img loading=\"lazy\" decoding=\"async\" width=\"1000\" height=\"750\" src=\"data:image\/jpeg;base64,\/9j\/4AAQSkZJRgABAQEAYABgAAD\/\/gA7Q1JFQVRPUjogZ2QtanBlZyB2MS4wICh1c2luZyBJSkcgSlBFRyB2ODApLCBxdWFsaXR5ID0gODIK\/9sAQwAGBAQFBAQGBQUFBgYGBwkOCQkICAkSDQ0KDhUSFhYVEhQUFxohHBcYHxkUFB0nHR8iIyUlJRYcKSwoJCshJCUk\/9sAQwEGBgYJCAkRCQkRJBgUGCQkJCQkJCQkJCQkJCQkJCQkJCQkJCQkJCQkJCQkJCQkJCQkJCQkJCQkJCQkJCQkJCQk\/8AAEQgACgAOAwEiAAIRAQMRAf\/EAB8AAAEFAQEBAQEBAAAAAAAAAAABAgMEBQYHCAkKC\/\/EALUQAAIBAwMCBAMFBQQEAAABfQECAwAEEQUSITFBBhNRYQcicRQygZGhCCNCscEVUtHwJDNicoIJChYXGBkaJSYnKCkqNDU2Nzg5OkNERUZHSElKU1RVVldYWVpjZGVmZ2hpanN0dXZ3eHl6g4SFhoeIiYqSk5SVlpeYmZqio6Slpqeoqaqys7S1tre4ubrCw8TFxsfIycrS09TV1tfY2drh4uPk5ebn6Onq8fLz9PX29\/j5+v\/EAB8BAAMBAQEBAQEBAQEAAAAAAAABAgMEBQYHCAkKC\/\/EALURAAIBAgQEAwQHBQQEAAECdwABAgMRBAUhMQYSQVEHYXETIjKBCBRCkaGxwQkjM1LwFWJy0QoWJDThJfEXGBkaJicoKSo1Njc4OTpDREVGR0hJSlNUVVZXWFlaY2RlZmdoaWpzdHV2d3h5eoKDhIWGh4iJipKTlJWWl5iZmqKjpKWmp6ipqrKztLW2t7i5usLDxMXGx8jJytLT1NXW19jZ2uLj5OXm5+jp6vLz9PX29\/j5+v\/aAAwDAQACEQMRAD8A57xC\/wAQYbuRNI8RRyLLcSIAyRoVU8g4wSepycYrd+Hl9rUGq3TeJvF0V6kdsiiCQxqscjEHg9TjaR269Kw7iKNLgBI1UHqAMZrW0hFRGCKFHsMVlY0uf\/\/Z\" class=\"vc_single_image-img attachment-large wd-lazy-load wd-lazy-fade\" alt=\"\" title=\"1.KHA-9713-SENSOR\" srcset=\"\" sizes=\"auto, (max-width: 1000px) 100vw, 1000px\" data-wood-src=\"https:\/\/kdtmiddleast.com\/wp-content\/uploads\/2023\/08\/1.KHA-9713-SENSOR.jpeg\" data-srcset=\"https:\/\/kdtmiddleast.com\/wp-content\/uploads\/2023\/08\/1.KHA-9713-SENSOR.jpeg 1000w, https:\/\/kdtmiddleast.com\/wp-content\/uploads\/2023\/08\/1.KHA-9713-SENSOR-300x225.jpeg 300w, https:\/\/kdtmiddleast.com\/wp-content\/uploads\/2023\/08\/1.KHA-9713-SENSOR-768x576.jpeg 768w, https:\/\/kdtmiddleast.com\/wp-content\/uploads\/2023\/08\/1.KHA-9713-SENSOR-16x12.jpeg 16w, https:\/\/kdtmiddleast.com\/wp-content\/uploads\/2023\/08\/1.KHA-9713-SENSOR-600x450.jpeg 600w, https:\/\/kdtmiddleast.com\/wp-content\/uploads\/2023\/08\/1.KHA-9713-SENSOR-250x188.jpeg 250w\" \/><\/div>\n\t\t<\/figure>\n\t<\/div>\n<\/div><\/div><\/div><div class=\"wpb_column vc_column_container vc_col-sm-6\"><div class=\"vc_column-inner\"><div class=\"wpb_wrapper\">\n\t\t<div id=\"wd-66a7a72f218b0\" class=\"title-wrapper wd-wpb set-mb-s reset-last-child  wd-rs-66a7a72f218b0 wd-title-color-default wd-title-style-underlined-2 text-left  wd-underline-colored\">\n\t\t\t\n\t\t\t<div class=\"liner-continer\">\n\t\t\t\t<h4 class=\"woodmart-title-container title  wd-font-weight- wd-fontsize-l\" >AUTOMATIC SENSOR<\/h4>\n\t\t\t\t\t\t\t<\/div>\n\t\t\t\n\t\t\t\n\t\t\t\n\t\t<\/div>\n\t\t\n\t\t\n\t<div class=\"wpb_text_column wpb_content_element\" >\n\t\t<div class=\"wpb_wrapper\">\n\t\t\t<h3>Automatic start-stop device; the conveyor belt conveys panel to designated position by using photoelectric sensor<\/h3>\n\n\t\t<\/div>\n\t<\/div>\n<\/div><\/div><\/div><\/div><div class=\"vc_row wpb_row vc_row-fluid\"><div class=\"wpb_column vc_column_container vc_col-sm-12\"><div class=\"vc_column-inner\"><div class=\"wpb_wrapper\"><div class=\"vc_separator wpb_content_element vc_separator_align_center vc_sep_width_100 vc_sep_border_width_3 vc_sep_pos_align_center vc_separator_no_text vc_sep_color_grey\" ><span class=\"vc_sep_holder vc_sep_holder_l\"><span class=\"vc_sep_line\"><\/span><\/span><span class=\"vc_sep_holder vc_sep_holder_r\"><span class=\"vc_sep_line\"><\/span><\/span>\n<\/div><\/div><\/div><\/div><\/div>\n<\/div>","protected":false},"excerpt":{"rendered":"<table class=\"layui-table\">\n<tbody>\n<tr>\n<td colspan=\"2\">\n<h1>KHA-9713<\/h1>\n<\/td>\n<\/tr>\n<tr>\n<td colspan=\"2\"><\/td>\n<\/tr>\n<tr>\n<td class=\"layui-col-space1\">1.Configurated with panel sensor, machine automatically stops.<\/td>\n<\/tr>\n<tr>\n<td class=\"layui-col-space1\">2.High rigidity frame structure.<\/td>\n<\/tr>\n<tr>\n<td class=\"layui-col-space1\">3.High efficiency three &#8211; phase asynchronous motor.<\/td>\n<\/tr>\n<\/tbody>\n<\/table>","protected":false},"featured_media":210,"comment_status":"open","ping_status":"closed","template":"","meta":[],"product_cat":[36],"product_tag":[30],"class_list":{"0":"post-209","1":"product","2":"type-product","3":"status-publish","4":"has-post-thumbnail","6":"product_cat-otomasyon-duzlem-cnc-makinalari","7":"product_tag-otomasyon-cozumleri","9":"first","10":"instock","11":"shipping-taxable","12":"product-type-simple"},"_links":{"self":[{"href":"https:\/\/kdtmiddleast.com\/en\/wp-json\/wp\/v2\/product\/209","targetHints":{"allow":["GET"]}}],"collection":[{"href":"https:\/\/kdtmiddleast.com\/en\/wp-json\/wp\/v2\/product"}],"about":[{"href":"https:\/\/kdtmiddleast.com\/en\/wp-json\/wp\/v2\/types\/product"}],"replies":[{"embeddable":true,"href":"https:\/\/kdtmiddleast.com\/en\/wp-json\/wp\/v2\/comments?post=209"}],"wp:featuredmedia":[{"embeddable":true,"href":"https:\/\/kdtmiddleast.com\/en\/wp-json\/wp\/v2\/media\/210"}],"wp:attachment":[{"href":"https:\/\/kdtmiddleast.com\/en\/wp-json\/wp\/v2\/media?parent=209"}],"wp:term":[{"taxonomy":"product_cat","embeddable":true,"href":"https:\/\/kdtmiddleast.com\/en\/wp-json\/wp\/v2\/product_cat?post=209"},{"taxonomy":"product_tag","embeddable":true,"href":"https:\/\/kdtmiddleast.com\/en\/wp-json\/wp\/v2\/product_tag?post=209"}],"curies":[{"name":"wp","href":"https:\/\/api.w.org\/{rel}","templated":true}]}}