{"id":205,"date":"2023-08-24T15:18:51","date_gmt":"2023-08-24T15:18:51","guid":{"rendered":"https:\/\/kdtmiddleast.com\/?post_type=product&#038;p=205"},"modified":"2024-08-07T12:38:29","modified_gmt":"2024-08-07T12:38:29","slug":"ks-132k-138k","status":"publish","type":"product","link":"https:\/\/kdtmiddleast.com\/en\/product\/ks-132k-138k\/","title":{"rendered":"KS-132K-138K"},"content":{"rendered":"<div class=\"wpb-content-wrapper\"><div id=\"urun-videomuz\" class=\"vc_row wpb_row vc_row-fluid urun-videomuz wd-rs-668e297760c08\"><div class=\"wpb_column vc_column_container vc_col-sm-12\"><div class=\"vc_column-inner\"><div class=\"wpb_wrapper\"><div class=\"vc_separator wpb_content_element vc_separator_align_center vc_sep_width_100 vc_sep_border_width_3 vc_sep_pos_align_center vc_separator_no_text vc_sep_color_grey\" ><span class=\"vc_sep_holder vc_sep_holder_l\"><span class=\"vc_sep_line\"><\/span><\/span><span class=\"vc_sep_holder vc_sep_holder_r\"><span class=\"vc_sep_line\"><\/span><\/span>\n<\/div><div class=\"vc_separator wpb_content_element vc_separator_align_center vc_sep_width_100 vc_sep_border_width_3 vc_sep_pos_align_center vc_separator_no_text vc_sep_color_grey\" ><span class=\"vc_sep_holder vc_sep_holder_l\"><span class=\"vc_sep_line\"><\/span><\/span><span class=\"vc_sep_holder vc_sep_holder_r\"><span class=\"vc_sep_line\"><\/span><\/span>\n<\/div><\/div><\/div><\/div><\/div><div class=\"vc_row wpb_row vc_row-fluid\"><div class=\"wpb_column vc_column_container vc_col-sm-12\"><div class=\"vc_column-inner\"><div class=\"wpb_wrapper\">\n\t<div class=\"wpb_text_column wpb_content_element\" >\n\t\t<div class=\"wpb_wrapper\">\n\t\t\t\n\t\t<\/div>\n\t<\/div>\n<\/div><\/div><\/div><\/div><div id=\"teknik-parametreler\" class=\"vc_row wpb_row vc_row-fluid teknik-parametreler wd-rs-65240c601bd79\"><div class=\"wpb_column vc_column_container vc_col-sm-12\"><div class=\"vc_column-inner\"><div class=\"wpb_wrapper\">\n\t<div class=\"wpb_text_column wpb_content_element\" >\n\t\t<div class=\"wpb_wrapper\">\n\t\t\t<table>\n<tbody>\n<tr>\n<th>Modeli: KS-132K\/138K<\/th>\n<\/tr>\n<tr>\n<td>S\u00fcrg\u00fcl\u00fc Masa Uzunlu\u011fu (mm)<\/td>\n<td>3800<\/td>\n<\/tr>\n<tr>\n<td>Maksimum Kesme Uzunlu\u011fu (mm)<\/td>\n<td>3720<\/td>\n<\/tr>\n<tr>\n<td>Dikey Kesme Y\u00fcksekli\u011fi (mm)<\/td>\n<td>80(\u0130ste\u011fe ba\u011fl\u0131 100)<\/td>\n<\/tr>\n<tr>\n<td>Dikey Y\u00f6nlendirme \u00c7ubu\u011fu Stroku (mm)<\/td>\n<td>1250<\/td>\n<\/tr>\n<tr>\n<td>Ana Testere Kald\u0131rma Modu<\/td>\n<td>Oto<\/td>\n<\/tr>\n<tr>\n<td>B\u0131\u00e7ak Devirme Derecesi<\/td>\n<td>0\u301c45\u00b0<\/td>\n<\/tr>\n<tr>\n<td>Ana Testere G\u00fcc\u00fc (kW)<\/td>\n<td>5.5<\/td>\n<\/tr>\n<tr>\n<td>Ana Testere Boyutu (mm)<\/td>\n<td>\u00d8300*\u00d830<br \/>\n(\u0130ste\u011fe ba\u011fl\u0131 \u00d8350*\u00d830)<\/td>\n<\/tr>\n<tr>\n<td>Puanlama Testere G\u00fcc\u00fc (kW)<\/td>\n<td>1,1<\/td>\n<\/tr>\n<tr>\n<td>\u00c7izme Testere Boyutu (mm)<\/td>\n<td>\u00d8120*\u00d822<\/td>\n<\/tr>\n<\/tbody>\n<\/table>\n\n\t\t<\/div>\n\t<\/div>\n<\/div><\/div><\/div><\/div><div class=\"vc_row wpb_row vc_row-fluid\"><div class=\"wpb_column vc_column_container vc_col-sm-12\"><div class=\"vc_column-inner\"><div class=\"wpb_wrapper\">\n\t<div class=\"wpb_text_column wpb_content_element\" >\n\t\t<div class=\"wpb_wrapper\">\n\t\t\t<p>&nbsp;<\/p>\n\n\t\t<\/div>\n\t<\/div>\n<\/div><\/div><\/div><\/div><div id=\"teknik-parametreler\" class=\"vc_row wpb_row vc_row-fluid teknik-parametreler wd-rs-6523fcabb6c43\"><div class=\"wpb_column vc_column_container vc_col-sm-12\"><div class=\"vc_column-inner\"><div class=\"wpb_wrapper\"><\/div><\/div><\/div><\/div><div id=\"urun-videomuz\" class=\"vc_row wpb_row vc_row-fluid urun-videomuz wd-rs-668e297760c08\"><div class=\"wpb_column vc_column_container vc_col-sm-12\"><div class=\"vc_column-inner\"><div class=\"wpb_wrapper\"><div class=\"vc_separator wpb_content_element vc_separator_align_center vc_sep_width_100 vc_sep_border_width_3 vc_sep_pos_align_center vc_separator_no_text vc_sep_color_grey\" ><span class=\"vc_sep_holder vc_sep_holder_l\"><span class=\"vc_sep_line\"><\/span><\/span><span class=\"vc_sep_holder vc_sep_holder_r\"><span class=\"vc_sep_line\"><\/span><\/span>\n<\/div><\/div><\/div><\/div><\/div>\n<\/div>","protected":false},"excerpt":{"rendered":"<p><strong>Products Details<\/strong><\/p>\n<p><a class=\"button\" href=\"#teknik-parametreler\"> TECHNICAL FEATURES<\/a> <a class=\"button\" href=\"#urun-videomuz\">Machine Video<\/a><\/p>","protected":false},"featured_media":206,"comment_status":"open","ping_status":"closed","template":"","meta":[],"product_cat":[41],"product_tag":[29],"class_list":{"0":"post-205","1":"product","2":"type-product","3":"status-publish","4":"has-post-thumbnail","6":"product_cat-smart-cizicili-yatar-daire-makinalari","7":"product_tag-kesim-makinalari","9":"first","10":"instock","11":"shipping-taxable","12":"product-type-simple"},"_links":{"self":[{"href":"https:\/\/kdtmiddleast.com\/en\/wp-json\/wp\/v2\/product\/205","targetHints":{"allow":["GET"]}}],"collection":[{"href":"https:\/\/kdtmiddleast.com\/en\/wp-json\/wp\/v2\/product"}],"about":[{"href":"https:\/\/kdtmiddleast.com\/en\/wp-json\/wp\/v2\/types\/product"}],"replies":[{"embeddable":true,"href":"https:\/\/kdtmiddleast.com\/en\/wp-json\/wp\/v2\/comments?post=205"}],"wp:featuredmedia":[{"embeddable":true,"href":"https:\/\/kdtmiddleast.com\/en\/wp-json\/wp\/v2\/media\/206"}],"wp:attachment":[{"href":"https:\/\/kdtmiddleast.com\/en\/wp-json\/wp\/v2\/media?parent=205"}],"wp:term":[{"taxonomy":"product_cat","embeddable":true,"href":"https:\/\/kdtmiddleast.com\/en\/wp-json\/wp\/v2\/product_cat?post=205"},{"taxonomy":"product_tag","embeddable":true,"href":"https:\/\/kdtmiddleast.com\/en\/wp-json\/wp\/v2\/product_tag?post=205"}],"curies":[{"name":"wp","href":"https:\/\/api.w.org\/{rel}","templated":true}]}}