{"id":201,"date":"2023-08-24T15:17:02","date_gmt":"2023-08-24T15:17:02","guid":{"rendered":"https:\/\/kdtmiddleast.com\/?post_type=product&#038;p=201"},"modified":"2024-07-07T09:32:44","modified_gmt":"2024-07-07T09:32:44","slug":"ks843hlm-twin-pusher-asansorlu","status":"publish","type":"product","link":"https:\/\/kdtmiddleast.com\/en\/product\/ks843hlm-twin-pusher-asansorlu\/","title":{"rendered":"KS-843HLM Twin Pusher with Lifter"},"content":{"rendered":"<div class=\"wpb-content-wrapper\"><div id=\"teknik-parametreler\" class=\"vc_row wpb_row vc_row-fluid teknik-parametreler wd-rs-65240e316b0b3\"><div class=\"wpb_column vc_column_container vc_col-sm-12\"><div class=\"vc_column-inner\"><div class=\"wpb_wrapper\"><div class=\"vc_separator wpb_content_element vc_separator_align_center vc_sep_width_100 vc_sep_pos_align_center vc_sep_color_grey vc_separator-has-text\" ><span class=\"vc_sep_holder vc_sep_holder_l\"><span class=\"vc_sep_line\"><\/span><\/span><h4>TECHNICAL FEATURES<\/h4><span class=\"vc_sep_holder vc_sep_holder_r\"><span class=\"vc_sep_line\"><\/span><\/span>\n<\/div>\n\t<div class=\"wpb_text_column wpb_content_element\" >\n\t\t<div class=\"wpb_wrapper\">\n\t\t\t<table>\n<tbody>\n<tr>\n<th>Modeli: KS-843HLM<\/th>\n<\/tr>\n<tr>\n<td>Maksimum \u00c7al\u0131\u015fma \u00d6l\u00e7\u00fcleri uzunluk(L)geni\u015flik(W)y\u00fckseklik(H)(mm)<\/td>\n<td>4280L*4280W*120H<br \/>\nAsans\u00f6rden besleme; 4000*2100<\/td>\n<\/tr>\n<tr>\n<td>Saw carriage forward speed (m\/min)<\/td>\n<td>120<\/td>\n<\/tr>\n<tr>\n<td>Saw carriage backward speed (m\/min)<\/td>\n<td>150<\/td>\n<\/tr>\n<tr>\n<td>Pusher forward speed (m\/min)<\/td>\n<td>95<\/td>\n<\/tr>\n<tr>\n<td>Ana Testere Motoru(kW)<\/td>\n<td>18.5<\/td>\n<\/tr>\n<tr>\n<td>\u00c7izici Testere Motoru (kW)<\/td>\n<td>1.5<\/td>\n<\/tr>\n<tr>\n<td>Testere Ta\u015f\u0131y\u0131c\u0131 Motor G\u00fcc\u00fc(kW)<\/td>\n<td>2<\/td>\n<\/tr>\n<tr>\n<td>Besleme Motoru(kW)<\/td>\n<td>2<\/td>\n<\/tr>\n<tr>\n<td>Total power (kW)<\/td>\n<td>38<\/td>\n<\/tr>\n<tr>\n<td>Overall dimension (L)(W)(H)(mm)<\/td>\n<td>12755L*6656W*2030H<\/td>\n<\/tr>\n<\/tbody>\n<\/table>\n<p>Genel Boyut (L)(W)(H)(mm)12755L*6656W*2030H<\/p>\n\n\t\t<\/div>\n\t<\/div>\n<\/div><\/div><\/div><\/div><div id=\"urun-videomuz\" class=\"vc_row wpb_row vc_row-fluid urun-videomuz wd-rs-652563642cb1a\"><div class=\"wpb_column vc_column_container vc_col-sm-12\"><div class=\"vc_column-inner\"><div class=\"wpb_wrapper\"><div class=\"vc_separator wpb_content_element vc_separator_align_center vc_sep_width_100 vc_sep_pos_align_center vc_sep_color_grey vc_separator-has-text\" ><span class=\"vc_sep_holder vc_sep_holder_l\"><span class=\"vc_sep_line\"><\/span><\/span><h4>Machine Video<\/h4><span class=\"vc_sep_holder vc_sep_holder_r\"><span class=\"vc_sep_line\"><\/span><\/span>\n<\/div>\n\t<div class=\"wpb_video_widget wpb_content_element vc_clearfix vc_video-aspect-ratio-169 vc_video-el-width-100 vc_video-align-left wd-rs-652563379da98\" >\n\t\t<div class=\"wpb_wrapper\">\n\t\t\t\n\t\t\t<div class=\"wpb_video_wrapper\"><iframe loading=\"lazy\" title=\"New twin pusher KS-843HL\" width=\"500\" height=\"281\" src=\"https:\/\/www.youtube.com\/embed\/1TlvqvuEcss?feature=oembed\" frameborder=\"0\" allow=\"accelerometer; autoplay; clipboard-write; encrypted-media; gyroscope; picture-in-picture; web-share\" referrerpolicy=\"strict-origin-when-cross-origin\" allowfullscreen><\/iframe><\/div>\n\t\t<\/div>\n\t<\/div>\n<div class=\"vc_separator wpb_content_element vc_separator_align_center vc_sep_width_100 vc_sep_border_width_10 vc_sep_pos_align_center vc_separator_no_text vc_sep_color_grey\" ><span class=\"vc_sep_holder vc_sep_holder_l\"><span class=\"vc_sep_line\"><\/span><\/span><span class=\"vc_sep_holder vc_sep_holder_r\"><span class=\"vc_sep_line\"><\/span><\/span>\n<\/div><\/div><\/div><\/div><\/div><div class=\"vc_row wpb_row vc_row-fluid\"><div class=\"wpb_column vc_column_container vc_col-sm-6\"><div class=\"vc_column-inner\"><div class=\"wpb_wrapper\">\n\t\t<div id=\"wd-66895fbeeefb5\" class=\"title-wrapper wd-wpb set-mb-s reset-last-child  wd-rs-66895fbeeefb5 wd-title-color-default wd-title-style-underlined-2 text-left  wd-underline-colored\">\n\t\t\t\n\t\t\t<div class=\"liner-continer\">\n\t\t\t\t<h4 class=\"woodmart-title-container title  wd-font-weight- wd-fontsize-l\" >DOUBLE PUSHER<\/h4>\n\t\t\t\t\t\t\t<\/div>\n\t\t\t\n\t\t\t\n\t\t\t\n\t\t<\/div>\n\t\t\n\t\t\n\t<div class=\"wpb_text_column wpb_content_element\" >\n\t\t<div class=\"wpb_wrapper\">\n\t\t\t<h2>Double crossbeam feeding mechanism<br \/>\nClamps and pusher independently works, simultaneously loading and sawing, which reduce waiting time in loading and thus improve 20% working efficiency.<\/h2>\n\n\t\t<\/div>\n\t<\/div>\n<\/div><\/div><\/div><div class=\"wpb_column vc_column_container vc_col-sm-6\"><div class=\"vc_column-inner\"><div class=\"wpb_wrapper\">\n\t<div  class=\"wpb_single_image wpb_content_element vc_align_left\">\n\t\t\n\t\t<figure class=\"wpb_wrapper vc_figure\">\n\t\t\t<div class=\"vc_single_image-wrapper   vc_box_border_grey\"><img loading=\"lazy\" decoding=\"async\" width=\"1000\" height=\"1000\" src=\"data:image\/jpg;base64,\/9j\/4AAQSkZJRgABAQEAYABgAAD\/\/gA7Q1JFQVRPUjogZ2QtanBlZyB2MS4wICh1c2luZyBJSkcgSlBFRyB2ODApLCBxdWFsaXR5ID0gODIK\/9sAQwAGBAQFBAQGBQUFBgYGBwkOCQkICAkSDQ0KDhUSFhYVEhQUFxohHBcYHxkUFB0nHR8iIyUlJRYcKSwoJCshJCUk\/9sAQwEGBgYJCAkRCQkRJBgUGCQkJCQkJCQkJCQkJCQkJCQkJCQkJCQkJCQkJCQkJCQkJCQkJCQkJCQkJCQkJCQkJCQk\/8AAEQgACgAKAwEiAAIRAQMRAf\/EAB8AAAEFAQEBAQEBAAAAAAAAAAABAgMEBQYHCAkKC\/\/EALUQAAIBAwMCBAMFBQQEAAABfQECAwAEEQUSITFBBhNRYQcicRQygZGhCCNCscEVUtHwJDNicoIJChYXGBkaJSYnKCkqNDU2Nzg5OkNERUZHSElKU1RVVldYWVpjZGVmZ2hpanN0dXZ3eHl6g4SFhoeIiYqSk5SVlpeYmZqio6Slpqeoqaqys7S1tre4ubrCw8TFxsfIycrS09TV1tfY2drh4uPk5ebn6Onq8fLz9PX29\/j5+v\/EAB8BAAMBAQEBAQEBAQEAAAAAAAABAgMEBQYHCAkKC\/\/EALURAAIBAgQEAwQHBQQEAAECdwABAgMRBAUhMQYSQVEHYXETIjKBCBRCkaGxwQkjM1LwFWJy0QoWJDThJfEXGBkaJicoKSo1Njc4OTpDREVGR0hJSlNUVVZXWFlaY2RlZmdoaWpzdHV2d3h5eoKDhIWGh4iJipKTlJWWl5iZmqKjpKWmp6ipqrKztLW2t7i5usLDxMXGx8jJytLT1NXW19jZ2uLj5OXm5+jp6vLz9PX29\/j5+v\/aAAwDAQACEQMRAD8A9qbwj4gutS8+e7MK\/eDxOBg\/3dvcVtjwzdY5v7nPfBXH8q6SiqcmxWP\/2Q==\" class=\"vc_single_image-img attachment-full wd-lazy-load wd-lazy-fade\" alt=\"\" title=\"KS-843HLM DOUBLE PUSHER2\" srcset=\"\" sizes=\"auto, (max-width: 1000px) 100vw, 1000px\" data-wood-src=\"https:\/\/kdtmiddleast.com\/wp-content\/uploads\/2023\/08\/KS-843HLM-DOUBLE-PUSHER2.jpg\" data-srcset=\"https:\/\/kdtmiddleast.com\/wp-content\/uploads\/2023\/08\/KS-843HLM-DOUBLE-PUSHER2.jpg 1000w, https:\/\/kdtmiddleast.com\/wp-content\/uploads\/2023\/08\/KS-843HLM-DOUBLE-PUSHER2-300x300.jpg 300w, https:\/\/kdtmiddleast.com\/wp-content\/uploads\/2023\/08\/KS-843HLM-DOUBLE-PUSHER2-150x150.jpg 150w, https:\/\/kdtmiddleast.com\/wp-content\/uploads\/2023\/08\/KS-843HLM-DOUBLE-PUSHER2-768x768.jpg 768w, https:\/\/kdtmiddleast.com\/wp-content\/uploads\/2023\/08\/KS-843HLM-DOUBLE-PUSHER2-12x12.jpg 12w, https:\/\/kdtmiddleast.com\/wp-content\/uploads\/2023\/08\/KS-843HLM-DOUBLE-PUSHER2-600x600.jpg 600w, https:\/\/kdtmiddleast.com\/wp-content\/uploads\/2023\/08\/KS-843HLM-DOUBLE-PUSHER2-250x250.jpg 250w\" \/><\/div>\n\t\t<\/figure>\n\t<\/div>\n<\/div><\/div><\/div><\/div><div class=\"vc_row wpb_row vc_row-fluid\"><div class=\"wpb_column vc_column_container vc_col-sm-12\"><div class=\"vc_column-inner\"><div class=\"wpb_wrapper\"><div class=\"vc_separator wpb_content_element vc_separator_align_center vc_sep_width_100 vc_sep_border_width_3 vc_sep_pos_align_center vc_separator_no_text vc_sep_color_grey\" ><span class=\"vc_sep_holder vc_sep_holder_l\"><span class=\"vc_sep_line\"><\/span><\/span><span class=\"vc_sep_holder vc_sep_holder_r\"><span class=\"vc_sep_line\"><\/span><\/span>\n<\/div><\/div><\/div><\/div><\/div><div class=\"vc_row wpb_row vc_row-fluid\"><div class=\"wpb_column vc_column_container vc_col-sm-6\"><div class=\"vc_column-inner\"><div class=\"wpb_wrapper\">\n\t<div  class=\"wpb_single_image wpb_content_element vc_align_left\">\n\t\t\n\t\t<figure class=\"wpb_wrapper vc_figure\">\n\t\t\t<div class=\"vc_single_image-wrapper   vc_box_border_grey\"><img loading=\"lazy\" decoding=\"async\" width=\"1000\" height=\"1000\" src=\"data:image\/jpg;base64,\/9j\/4AAQSkZJRgABAQEAYABgAAD\/\/gA7Q1JFQVRPUjogZ2QtanBlZyB2MS4wICh1c2luZyBJSkcgSlBFRyB2ODApLCBxdWFsaXR5ID0gODIK\/9sAQwAGBAQFBAQGBQUFBgYGBwkOCQkICAkSDQ0KDhUSFhYVEhQUFxohHBcYHxkUFB0nHR8iIyUlJRYcKSwoJCshJCUk\/9sAQwEGBgYJCAkRCQkRJBgUGCQkJCQkJCQkJCQkJCQkJCQkJCQkJCQkJCQkJCQkJCQkJCQkJCQkJCQkJCQkJCQkJCQk\/8AAEQgACgAKAwEiAAIRAQMRAf\/EAB8AAAEFAQEBAQEBAAAAAAAAAAABAgMEBQYHCAkKC\/\/EALUQAAIBAwMCBAMFBQQEAAABfQECAwAEEQUSITFBBhNRYQcicRQygZGhCCNCscEVUtHwJDNicoIJChYXGBkaJSYnKCkqNDU2Nzg5OkNERUZHSElKU1RVVldYWVpjZGVmZ2hpanN0dXZ3eHl6g4SFhoeIiYqSk5SVlpeYmZqio6Slpqeoqaqys7S1tre4ubrCw8TFxsfIycrS09TV1tfY2drh4uPk5ebn6Onq8fLz9PX29\/j5+v\/EAB8BAAMBAQEBAQEBAQEAAAAAAAABAgMEBQYHCAkKC\/\/EALURAAIBAgQEAwQHBQQEAAECdwABAgMRBAUhMQYSQVEHYXETIjKBCBRCkaGxwQkjM1LwFWJy0QoWJDThJfEXGBkaJicoKSo1Njc4OTpDREVGR0hJSlNUVVZXWFlaY2RlZmdoaWpzdHV2d3h5eoKDhIWGh4iJipKTlJWWl5iZmqKjpKWmp6ipqrKztLW2t7i5usLDxMXGx8jJytLT1NXW19jZ2uLj5OXm5+jp6vLz9PX29\/j5+v\/aAAwDAQACEQMRAD8A9vso\/EdwzG+Hkr9v+RF2nEC5IYkHucDGa0Fi1hlDGdVJGcbV4\/8AHa6qiq5ieU\/\/2Q==\" class=\"vc_single_image-img attachment-full wd-lazy-load wd-lazy-fade\" alt=\"\" title=\"KS-843HLM MOVABLE GRIPPER\" srcset=\"\" sizes=\"auto, (max-width: 1000px) 100vw, 1000px\" data-wood-src=\"https:\/\/kdtmiddleast.com\/wp-content\/uploads\/2023\/08\/KS-843HLM-MOVABLE-GRIPPER.jpg\" data-srcset=\"https:\/\/kdtmiddleast.com\/wp-content\/uploads\/2023\/08\/KS-843HLM-MOVABLE-GRIPPER.jpg 1000w, https:\/\/kdtmiddleast.com\/wp-content\/uploads\/2023\/08\/KS-843HLM-MOVABLE-GRIPPER-300x300.jpg 300w, https:\/\/kdtmiddleast.com\/wp-content\/uploads\/2023\/08\/KS-843HLM-MOVABLE-GRIPPER-150x150.jpg 150w, https:\/\/kdtmiddleast.com\/wp-content\/uploads\/2023\/08\/KS-843HLM-MOVABLE-GRIPPER-768x768.jpg 768w, https:\/\/kdtmiddleast.com\/wp-content\/uploads\/2023\/08\/KS-843HLM-MOVABLE-GRIPPER-12x12.jpg 12w, https:\/\/kdtmiddleast.com\/wp-content\/uploads\/2023\/08\/KS-843HLM-MOVABLE-GRIPPER-600x600.jpg 600w, https:\/\/kdtmiddleast.com\/wp-content\/uploads\/2023\/08\/KS-843HLM-MOVABLE-GRIPPER-250x250.jpg 250w\" \/><\/div>\n\t\t<\/figure>\n\t<\/div>\n<\/div><\/div><\/div><div class=\"wpb_column vc_column_container vc_col-sm-6\"><div class=\"vc_column-inner\"><div class=\"wpb_wrapper\">\n\t\t<div id=\"wd-668a50e45a205\" class=\"title-wrapper wd-wpb set-mb-s reset-last-child  wd-rs-668a50e45a205 wd-title-color-default wd-title-style-underlined-2 text-left  wd-underline-colored\">\n\t\t\t\n\t\t\t<div class=\"liner-continer\">\n\t\t\t\t<h4 class=\"woodmart-title-container title  wd-font-weight- wd-fontsize-l\" >MOVABLE GRIPPER<\/h4>\n\t\t\t\t\t\t\t<\/div>\n\t\t\t\n\t\t\t\n\t\t\t\n\t\t<\/div>\n\t\t\n\t\t\n\t<div class=\"wpb_text_column wpb_content_element\" >\n\t\t<div class=\"wpb_wrapper\">\n\t\t\t<h2>Twin-Pusher Structure; Twin Pusher independently drives and collaboratively works, cut 2 workpieces with different size simultaneously, sawing efficiency improves by 30%.<\/h2>\n\n\t\t<\/div>\n\t<\/div>\n<\/div><\/div><\/div><\/div><div class=\"vc_row wpb_row vc_row-fluid\"><div class=\"wpb_column vc_column_container vc_col-sm-12\"><div class=\"vc_column-inner\"><div class=\"wpb_wrapper\"><div class=\"vc_separator wpb_content_element vc_separator_align_center vc_sep_width_100 vc_sep_border_width_3 vc_sep_pos_align_center vc_separator_no_text vc_sep_color_grey\" ><span class=\"vc_sep_holder vc_sep_holder_l\"><span class=\"vc_sep_line\"><\/span><\/span><span class=\"vc_sep_holder vc_sep_holder_r\"><span class=\"vc_sep_line\"><\/span><\/span>\n<\/div><\/div><\/div><\/div><\/div><div class=\"vc_row wpb_row vc_row-fluid\"><div class=\"wpb_column vc_column_container vc_col-sm-4\"><div class=\"vc_column-inner\"><div class=\"wpb_wrapper\">\n\t\t<div id=\"wd-668a538bbf0be\" class=\"title-wrapper wd-wpb set-mb-s reset-last-child  wd-rs-668a538bbf0be wd-title-color-default wd-title-style-bordered text-center  wd-underline-colored\">\n\t\t\t\n\t\t\t<div class=\"liner-continer\">\n\t\t\t\t<h4 class=\"woodmart-title-container title  wd-font-weight- wd-fontsize-m\" >HIGHLIGHTS<\/h4>\n\t\t\t\t\t\t\t<\/div>\n\t\t\t\n\t\t\t\n\t\t\t\n\t\t<\/div>\n\t\t\n\t\t\n\t\t<div id=\"wd-668a574ab6ae5\" class=\"title-wrapper wd-wpb set-mb-s reset-last-child  wd-rs-668a574ab6ae5 wd-title-color-default wd-title-style-underlined-2 text-center  wd-underline-colored\">\n\t\t\t\n\t\t\t<div class=\"liner-continer\">\n\t\t\t\t<h4 class=\"woodmart-title-container title  wd-font-weight- wd-fontsize-l\" >FLEXIBLE CONTROL UNIT<\/h4>\n\t\t\t\t\t\t\t<\/div>\n\t\t\t\n\t\t\t\n\t\t\t\n\t\t<\/div>\n\t\t\n\t\t\n\t<div  class=\"wpb_single_image wpb_content_element vc_align_left\">\n\t\t\n\t\t<figure class=\"wpb_wrapper vc_figure\">\n\t\t\t<div class=\"vc_single_image-wrapper vc_box_border_circle  vc_box_border_grey\"><img loading=\"lazy\" decoding=\"async\" width=\"1000\" height=\"1000\" src=\"data:image\/jpg;base64,\/9j\/4AAQSkZJRgABAQEAYABgAAD\/\/gA7Q1JFQVRPUjogZ2QtanBlZyB2MS4wICh1c2luZyBJSkcgSlBFRyB2ODApLCBxdWFsaXR5ID0gODIK\/9sAQwAGBAQFBAQGBQUFBgYGBwkOCQkICAkSDQ0KDhUSFhYVEhQUFxohHBcYHxkUFB0nHR8iIyUlJRYcKSwoJCshJCUk\/9sAQwEGBgYJCAkRCQkRJBgUGCQkJCQkJCQkJCQkJCQkJCQkJCQkJCQkJCQkJCQkJCQkJCQkJCQkJCQkJCQkJCQkJCQk\/8AAEQgACgAKAwEiAAIRAQMRAf\/EAB8AAAEFAQEBAQEBAAAAAAAAAAABAgMEBQYHCAkKC\/\/EALUQAAIBAwMCBAMFBQQEAAABfQECAwAEEQUSITFBBhNRYQcicRQygZGhCCNCscEVUtHwJDNicoIJChYXGBkaJSYnKCkqNDU2Nzg5OkNERUZHSElKU1RVVldYWVpjZGVmZ2hpanN0dXZ3eHl6g4SFhoeIiYqSk5SVlpeYmZqio6Slpqeoqaqys7S1tre4ubrCw8TFxsfIycrS09TV1tfY2drh4uPk5ebn6Onq8fLz9PX29\/j5+v\/EAB8BAAMBAQEBAQEBAQEAAAAAAAABAgMEBQYHCAkKC\/\/EALURAAIBAgQEAwQHBQQEAAECdwABAgMRBAUhMQYSQVEHYXETIjKBCBRCkaGxwQkjM1LwFWJy0QoWJDThJfEXGBkaJicoKSo1Njc4OTpDREVGR0hJSlNUVVZXWFlaY2RlZmdoaWpzdHV2d3h5eoKDhIWGh4iJipKTlJWWl5iZmqKjpKWmp6ipqrKztLW2t7i5usLDxMXGx8jJytLT1NXW19jZ2uLj5OXm5+jp6vLz9PX29\/j5+v\/aAAwDAQACEQMRAD8A9QsvGepXF3HBL4tCB88kWw\/AHyz\/ACq5LrWqJK6j4h2qgMRj7NC2Px2c\/WvTaKdxWP\/Z\" class=\"vc_single_image-img attachment-full wd-lazy-load wd-lazy-fade\" alt=\"\" title=\"KS-843HLM SOFTWARE\" srcset=\"\" sizes=\"auto, (max-width: 1000px) 100vw, 1000px\" data-wood-src=\"https:\/\/kdtmiddleast.com\/wp-content\/uploads\/2023\/08\/KS-843HLM-SOFTWARE.jpg\" data-srcset=\"https:\/\/kdtmiddleast.com\/wp-content\/uploads\/2023\/08\/KS-843HLM-SOFTWARE.jpg 1000w, https:\/\/kdtmiddleast.com\/wp-content\/uploads\/2023\/08\/KS-843HLM-SOFTWARE-300x300.jpg 300w, https:\/\/kdtmiddleast.com\/wp-content\/uploads\/2023\/08\/KS-843HLM-SOFTWARE-150x150.jpg 150w, https:\/\/kdtmiddleast.com\/wp-content\/uploads\/2023\/08\/KS-843HLM-SOFTWARE-768x768.jpg 768w, https:\/\/kdtmiddleast.com\/wp-content\/uploads\/2023\/08\/KS-843HLM-SOFTWARE-12x12.jpg 12w, https:\/\/kdtmiddleast.com\/wp-content\/uploads\/2023\/08\/KS-843HLM-SOFTWARE-600x600.jpg 600w, https:\/\/kdtmiddleast.com\/wp-content\/uploads\/2023\/08\/KS-843HLM-SOFTWARE-250x250.jpg 250w\" \/><\/div>\n\t\t<\/figure>\n\t<\/div>\n\n\t\t<div id=\"wd-668a5758a76f7\" class=\"title-wrapper wd-wpb set-mb-s reset-last-child  wd-rs-668a5758a76f7 wd-title-color-default wd-title-style-default text-center  wd-underline-colored\">\n\t\t\t\n\t\t\t<div class=\"liner-continer\">\n\t\t\t\t<h4 class=\"woodmart-title-container title  wd-font-weight- wd-fontsize-m\" >FLEXIBLE CONTROL UNIT<br \/>\nReading files;<br \/>\nKDT Cutting, XML Files<br \/>\nTXT Files, SAW Files, PTX Files,<br \/>\nJOB Files, Customs Cutting Files<\/h4>\n\t\t\t\t\t\t\t<\/div>\n\t\t\t\n\t\t\t\n\t\t\t\n\t\t<\/div>\n\t\t\n\t\t<\/div><\/div><\/div><div class=\"wpb_column vc_column_container vc_col-sm-4\"><div class=\"vc_column-inner\"><div class=\"wpb_wrapper\">\n\t\t<div id=\"wd-668a538bbf0be\" class=\"title-wrapper wd-wpb set-mb-s reset-last-child  wd-rs-668a538bbf0be wd-title-color-default wd-title-style-bordered text-center  wd-underline-colored\">\n\t\t\t\n\t\t\t<div class=\"liner-continer\">\n\t\t\t\t<h4 class=\"woodmart-title-container title  wd-font-weight- wd-fontsize-m\" >HIGHLIGHTS<\/h4>\n\t\t\t\t\t\t\t<\/div>\n\t\t\t\n\t\t\t\n\t\t\t\n\t\t<\/div>\n\t\t\n\t\t\n\t\t<div id=\"wd-668a58dd0e9da\" class=\"title-wrapper wd-wpb set-mb-s reset-last-child  wd-rs-668a58dd0e9da wd-title-color-default wd-title-style-underlined-2 text-center  wd-underline-colored\">\n\t\t\t\n\t\t\t<div class=\"liner-continer\">\n\t\t\t\t<h4 class=\"woodmart-title-container title  wd-font-weight- wd-fontsize-l\" >ELECTRONICAL SCORING ADJUSTMENT<\/h4>\n\t\t\t\t\t\t\t<\/div>\n\t\t\t\n\t\t\t\n\t\t\t\n\t\t<\/div>\n\t\t\n\t\t\n\t<div  class=\"wpb_single_image wpb_content_element vc_align_left\">\n\t\t\n\t\t<figure class=\"wpb_wrapper vc_figure\">\n\t\t\t<div class=\"vc_single_image-wrapper vc_box_border_circle  vc_box_border_grey\"><img loading=\"lazy\" decoding=\"async\" width=\"1000\" height=\"1000\" src=\"data:image\/jpg;base64,\/9j\/4AAQSkZJRgABAQEAYABgAAD\/\/gA7Q1JFQVRPUjogZ2QtanBlZyB2MS4wICh1c2luZyBJSkcgSlBFRyB2ODApLCBxdWFsaXR5ID0gODIK\/9sAQwAGBAQFBAQGBQUFBgYGBwkOCQkICAkSDQ0KDhUSFhYVEhQUFxohHBcYHxkUFB0nHR8iIyUlJRYcKSwoJCshJCUk\/9sAQwEGBgYJCAkRCQkRJBgUGCQkJCQkJCQkJCQkJCQkJCQkJCQkJCQkJCQkJCQkJCQkJCQkJCQkJCQkJCQkJCQkJCQk\/8AAEQgACgAKAwEiAAIRAQMRAf\/EAB8AAAEFAQEBAQEBAAAAAAAAAAABAgMEBQYHCAkKC\/\/EALUQAAIBAwMCBAMFBQQEAAABfQECAwAEEQUSITFBBhNRYQcicRQygZGhCCNCscEVUtHwJDNicoIJChYXGBkaJSYnKCkqNDU2Nzg5OkNERUZHSElKU1RVVldYWVpjZGVmZ2hpanN0dXZ3eHl6g4SFhoeIiYqSk5SVlpeYmZqio6Slpqeoqaqys7S1tre4ubrCw8TFxsfIycrS09TV1tfY2drh4uPk5ebn6Onq8fLz9PX29\/j5+v\/EAB8BAAMBAQEBAQEBAQEAAAAAAAABAgMEBQYHCAkKC\/\/EALURAAIBAgQEAwQHBQQEAAECdwABAgMRBAUhMQYSQVEHYXETIjKBCBRCkaGxwQkjM1LwFWJy0QoWJDThJfEXGBkaJicoKSo1Njc4OTpDREVGR0hJSlNUVVZXWFlaY2RlZmdoaWpzdHV2d3h5eoKDhIWGh4iJipKTlJWWl5iZmqKjpKWmp6ipqrKztLW2t7i5usLDxMXGx8jJytLT1NXW19jZ2uLj5OXm5+jp6vLz9PX29\/j5+v\/aAAwDAQACEQMRAD8A9STx\/wCJwt80ttKFtxmAp5TG64bgDHB4HX+9V2y8ca9c2cE00FxBJJGrvEyR5QkZKn6dK9Koptisf\/\/Z\" class=\"vc_single_image-img attachment-full wd-lazy-load wd-lazy-fade\" alt=\"\" title=\"KS-843HLM AUTOMATIC SCORING\" srcset=\"\" sizes=\"auto, (max-width: 1000px) 100vw, 1000px\" data-wood-src=\"https:\/\/kdtmiddleast.com\/wp-content\/uploads\/2023\/08\/KS-843HLM-AUTOMATIC-SCORING.jpg\" data-srcset=\"https:\/\/kdtmiddleast.com\/wp-content\/uploads\/2023\/08\/KS-843HLM-AUTOMATIC-SCORING.jpg 1000w, https:\/\/kdtmiddleast.com\/wp-content\/uploads\/2023\/08\/KS-843HLM-AUTOMATIC-SCORING-300x300.jpg 300w, https:\/\/kdtmiddleast.com\/wp-content\/uploads\/2023\/08\/KS-843HLM-AUTOMATIC-SCORING-150x150.jpg 150w, https:\/\/kdtmiddleast.com\/wp-content\/uploads\/2023\/08\/KS-843HLM-AUTOMATIC-SCORING-768x768.jpg 768w, https:\/\/kdtmiddleast.com\/wp-content\/uploads\/2023\/08\/KS-843HLM-AUTOMATIC-SCORING-12x12.jpg 12w, https:\/\/kdtmiddleast.com\/wp-content\/uploads\/2023\/08\/KS-843HLM-AUTOMATIC-SCORING-600x600.jpg 600w, https:\/\/kdtmiddleast.com\/wp-content\/uploads\/2023\/08\/KS-843HLM-AUTOMATIC-SCORING-250x250.jpg 250w\" \/><\/div>\n\t\t<\/figure>\n\t<\/div>\n\n\t\t<div id=\"wd-668a53b21a858\" class=\"title-wrapper wd-wpb set-mb-s reset-last-child  wd-rs-668a53b21a858 wd-title-color-default wd-title-style-default text-center  wd-underline-colored\">\n\t\t\t\n\t\t\t<div class=\"liner-continer\">\n\t\t\t\t<h4 class=\"woodmart-title-container title  wd-font-weight- wd-fontsize-m\" >Scoring Saw Adjustment<br \/>\nTo realize parametric adjustment on movement of scoring blades without stopping machine.<\/h4>\n\t\t\t\t\t\t\t<\/div>\n\t\t\t\n\t\t\t\n\t\t\t\n\t\t<\/div>\n\t\t\n\t\t<\/div><\/div><\/div><div class=\"wpb_column vc_column_container vc_col-sm-4\"><div class=\"vc_column-inner\"><div class=\"wpb_wrapper\">\n\t\t<div id=\"wd-668a538bbf0be\" class=\"title-wrapper wd-wpb set-mb-s reset-last-child  wd-rs-668a538bbf0be wd-title-color-default wd-title-style-bordered text-center  wd-underline-colored\">\n\t\t\t\n\t\t\t<div class=\"liner-continer\">\n\t\t\t\t<h4 class=\"woodmart-title-container title  wd-font-weight- wd-fontsize-m\" >HIGHLIGHTS<\/h4>\n\t\t\t\t\t\t\t<\/div>\n\t\t\t\n\t\t\t\n\t\t\t\n\t\t<\/div>\n\t\t\n\t\t\n\t\t<div id=\"wd-668a58f3cb5a9\" class=\"title-wrapper wd-wpb set-mb-s reset-last-child  wd-rs-668a58f3cb5a9 wd-title-color-default wd-title-style-underlined-2 text-center  wd-underline-colored\">\n\t\t\t\n\t\t\t<div class=\"liner-continer\">\n\t\t\t\t<h4 class=\"woodmart-title-container title  wd-font-weight- wd-fontsize-l\" >INVERTOR CONTROL<\/h4>\n\t\t\t\t\t\t\t<\/div>\n\t\t\t\n\t\t\t\n\t\t\t\n\t\t<\/div>\n\t\t\n\t\t\n\t<div  class=\"wpb_single_image wpb_content_element vc_align_left\">\n\t\t\n\t\t<figure class=\"wpb_wrapper vc_figure\">\n\t\t\t<div class=\"vc_single_image-wrapper vc_box_border_circle  vc_box_border_grey\"><img loading=\"lazy\" decoding=\"async\" width=\"1000\" height=\"1000\" src=\"data:image\/jpg;base64,\/9j\/4AAQSkZJRgABAQEAYABgAAD\/\/gA7Q1JFQVRPUjogZ2QtanBlZyB2MS4wICh1c2luZyBJSkcgSlBFRyB2ODApLCBxdWFsaXR5ID0gODIK\/9sAQwAGBAQFBAQGBQUFBgYGBwkOCQkICAkSDQ0KDhUSFhYVEhQUFxohHBcYHxkUFB0nHR8iIyUlJRYcKSwoJCshJCUk\/9sAQwEGBgYJCAkRCQkRJBgUGCQkJCQkJCQkJCQkJCQkJCQkJCQkJCQkJCQkJCQkJCQkJCQkJCQkJCQkJCQkJCQkJCQk\/8AAEQgACgAKAwEiAAIRAQMRAf\/EAB8AAAEFAQEBAQEBAAAAAAAAAAABAgMEBQYHCAkKC\/\/EALUQAAIBAwMCBAMFBQQEAAABfQECAwAEEQUSITFBBhNRYQcicRQygZGhCCNCscEVUtHwJDNicoIJChYXGBkaJSYnKCkqNDU2Nzg5OkNERUZHSElKU1RVVldYWVpjZGVmZ2hpanN0dXZ3eHl6g4SFhoeIiYqSk5SVlpeYmZqio6Slpqeoqaqys7S1tre4ubrCw8TFxsfIycrS09TV1tfY2drh4uPk5ebn6Onq8fLz9PX29\/j5+v\/EAB8BAAMBAQEBAQEBAQEAAAAAAAABAgMEBQYHCAkKC\/\/EALURAAIBAgQEAwQHBQQEAAECdwABAgMRBAUhMQYSQVEHYXETIjKBCBRCkaGxwQkjM1LwFWJy0QoWJDThJfEXGBkaJicoKSo1Njc4OTpDREVGR0hJSlNUVVZXWFlaY2RlZmdoaWpzdHV2d3h5eoKDhIWGh4iJipKTlJWWl5iZmqKjpKWmp6ipqrKztLW2t7i5usLDxMXGx8jJytLT1NXW19jZ2uLj5OXm5+jp6vLz9PX29\/j5+v\/aAAwDAQACEQMRAD8A90mGrX0bNHrDWyHZsMLZO4H5wSx5GMAYA5PQ4xWmPtJAIu5sH1Lg\/wAq3ltbdBhYIlHsgp+xP7q\/lTYH\/9k=\" class=\"vc_single_image-img attachment-full wd-lazy-load wd-lazy-fade\" alt=\"\" title=\"KS-843HLM MAIN MOTOR WITH INVERTER\" srcset=\"\" sizes=\"auto, (max-width: 1000px) 100vw, 1000px\" data-wood-src=\"https:\/\/kdtmiddleast.com\/wp-content\/uploads\/2023\/08\/KS-843HLM-MAIN-MOTOR-WITH-INVERTER.jpg\" data-srcset=\"https:\/\/kdtmiddleast.com\/wp-content\/uploads\/2023\/08\/KS-843HLM-MAIN-MOTOR-WITH-INVERTER.jpg 1000w, https:\/\/kdtmiddleast.com\/wp-content\/uploads\/2023\/08\/KS-843HLM-MAIN-MOTOR-WITH-INVERTER-300x300.jpg 300w, https:\/\/kdtmiddleast.com\/wp-content\/uploads\/2023\/08\/KS-843HLM-MAIN-MOTOR-WITH-INVERTER-150x150.jpg 150w, https:\/\/kdtmiddleast.com\/wp-content\/uploads\/2023\/08\/KS-843HLM-MAIN-MOTOR-WITH-INVERTER-768x768.jpg 768w, https:\/\/kdtmiddleast.com\/wp-content\/uploads\/2023\/08\/KS-843HLM-MAIN-MOTOR-WITH-INVERTER-12x12.jpg 12w, https:\/\/kdtmiddleast.com\/wp-content\/uploads\/2023\/08\/KS-843HLM-MAIN-MOTOR-WITH-INVERTER-600x600.jpg 600w, https:\/\/kdtmiddleast.com\/wp-content\/uploads\/2023\/08\/KS-843HLM-MAIN-MOTOR-WITH-INVERTER-250x250.jpg 250w\" \/><\/div>\n\t\t<\/figure>\n\t<\/div>\n\n\t\t<div id=\"wd-668a587a304aa\" class=\"title-wrapper wd-wpb set-mb-s reset-last-child  wd-rs-668a587a304aa wd-title-color-default wd-title-style-default text-center  wd-underline-colored\">\n\t\t\t\n\t\t\t<div class=\"liner-continer\">\n\t\t\t\t<h4 class=\"woodmart-title-container title  wd-font-weight- wd-fontsize-m\" >The revolution speed(rpm) could be adjusted so it makes a better quality cut for sensetive materials.<br \/>\nThe revolution speed(rpm) could be adjusted so it makes a better quality cut for sensetive materials.<\/h4>\n\t\t\t\t\t\t\t<\/div>\n\t\t\t\n\t\t\t\n\t\t\t\n\t\t<\/div>\n\t\t\n\t\t<\/div><\/div><\/div><\/div>\n<\/div>","protected":false},"excerpt":{"rendered":"<p><strong>Products Details<\/strong><\/p>\n<p>Cutting Height: 120 mm<\/p>\n<p>Main saw motor power: 25 HP<\/p>\n<p>Scoring saw motor power: 2,2 HP<\/p>\n<p>Saw carriage forward speed: 120m\/min<\/p>\n<p>Saw carriage backward speed: 150m\/min<\/p>\n<p>Full optimisation is availabe<\/p>\n<p><a class=\"button\" href=\"#teknik-parametreler\"> TECHNICAL FEATURES<\/a> <a class=\"button\" href=\"#urun-videomuz\">Machine Video<\/a><\/p>","protected":false},"featured_media":202,"comment_status":"open","ping_status":"closed","template":"","meta":[],"product_cat":[40],"product_tag":[81,29],"class_list":{"0":"post-201","1":"product","2":"type-product","3":"status-publish","4":"has-post-thumbnail","6":"product_cat-panel-ebatlama-makinalari","7":"product_tag-ebatlama-makineleri","8":"product_tag-kesim-makinalari","10":"first","11":"instock","12":"shipping-taxable","13":"product-type-simple"},"_links":{"self":[{"href":"https:\/\/kdtmiddleast.com\/en\/wp-json\/wp\/v2\/product\/201","targetHints":{"allow":["GET"]}}],"collection":[{"href":"https:\/\/kdtmiddleast.com\/en\/wp-json\/wp\/v2\/product"}],"about":[{"href":"https:\/\/kdtmiddleast.com\/en\/wp-json\/wp\/v2\/types\/product"}],"replies":[{"embeddable":true,"href":"https:\/\/kdtmiddleast.com\/en\/wp-json\/wp\/v2\/comments?post=201"}],"wp:featuredmedia":[{"embeddable":true,"href":"https:\/\/kdtmiddleast.com\/en\/wp-json\/wp\/v2\/media\/202"}],"wp:attachment":[{"href":"https:\/\/kdtmiddleast.com\/en\/wp-json\/wp\/v2\/media?parent=201"}],"wp:term":[{"taxonomy":"product_cat","embeddable":true,"href":"https:\/\/kdtmiddleast.com\/en\/wp-json\/wp\/v2\/product_cat?post=201"},{"taxonomy":"product_tag","embeddable":true,"href":"https:\/\/kdtmiddleast.com\/en\/wp-json\/wp\/v2\/product_tag?post=201"}],"curies":[{"name":"wp","href":"https:\/\/api.w.org\/{rel}","templated":true}]}}