{"id":177,"date":"2023-08-24T15:02:12","date_gmt":"2023-08-24T15:02:12","guid":{"rendered":"https:\/\/kdtmiddleast.com\/?post_type=product&#038;p=177"},"modified":"2024-08-07T12:28:11","modified_gmt":"2024-08-07T12:28:11","slug":"ke395j","status":"publish","type":"product","link":"https:\/\/kdtmiddleast.com\/en\/product\/ke395j\/","title":{"rendered":"KE-395J"},"content":{"rendered":"<div class=\"wpb-content-wrapper\"><div id=\"teknik-parametreler\" class=\"vc_row wpb_row vc_row-fluid teknik-parametreler wd-rs-6523f8189d799\"><div class=\"wpb_column vc_column_container vc_col-sm-12\"><div class=\"vc_column-inner\"><div class=\"wpb_wrapper\"><div class=\"vc_separator wpb_content_element vc_separator_align_center vc_sep_width_100 vc_sep_pos_align_center vc_sep_color_grey vc_separator-has-text\" ><span class=\"vc_sep_holder vc_sep_holder_l\"><span class=\"vc_sep_line\"><\/span><\/span><h4>TECHNICAL FEATURES<\/h4><span class=\"vc_sep_holder vc_sep_holder_r\"><span class=\"vc_sep_line\"><\/span><\/span>\n<\/div>\n\t<div class=\"wpb_text_column wpb_content_element\" >\n\t\t<div class=\"wpb_wrapper\">\n\t\t\t<table>\n<tbody>\n<tr>\n<th>Modeli: KE-395J<\/th>\n<\/tr>\n<tr>\n<td>Feeding Speed (m\/min)<\/td>\n<td>14<\/td>\n<\/tr>\n<tr>\n<td>Tape Thickness (mm)<\/td>\n<td>0.45-1.5(A\u00e7\u0131l\u0131)<\/td>\n<\/tr>\n<tr>\n<td>Panel thickness(mm)<\/td>\n<td>9-25<\/td>\n<\/tr>\n<tr>\n<td>Panel Lenght (mm)<\/td>\n<td>640<\/td>\n<\/tr>\n<tr>\n<td>Max. distance between two vertical heads<\/td>\n<td>\u2265150<\/td>\n<\/tr>\n<tr>\n<td>Panel Lenght (mm)<\/td>\n<td>\u2265135<\/td>\n<\/tr>\n<tr>\n<td>Total power (kW)<\/td>\n<td>150*135<\/td>\n<\/tr>\n<tr>\n<td>Max. vertical boring depth (mm)<\/td>\n<td>50<\/td>\n<\/tr>\n<tr>\n<td>Total power (kW)<\/td>\n<td>20.35<\/td>\n<\/tr>\n<tr>\n<td>Overall Dimension  L*W*H (mm)<\/td>\n<td>5750L*830W*1700H<\/td>\n<\/tr>\n<tr>\n<td>Number of the dust hoses and diameters<\/td>\n<td>\u00d8125*6+\u00d8100*2+\u00d850*1<\/td>\n<\/tr>\n<\/tbody>\n<\/table>\n\n\t\t<\/div>\n\t<\/div>\n<\/div><\/div><\/div><\/div><div class=\"vc_row wpb_row vc_row-fluid\"><div class=\"wpb_column vc_column_container vc_col-sm-12\"><div class=\"vc_column-inner\"><div class=\"wpb_wrapper\">\n\t<div class=\"wpb_text_column wpb_content_element\" >\n\t\t<div class=\"wpb_wrapper\">\n\t\t\t<p>&nbsp;<\/p>\n\n\t\t<\/div>\n\t<\/div>\n<\/div><\/div><\/div><\/div><div id=\"teknik-parametreler\" class=\"vc_row wpb_row vc_row-fluid teknik-parametreler wd-rs-6523fcabb6c43\"><div class=\"wpb_column vc_column_container vc_col-sm-12\"><div class=\"vc_column-inner\"><div class=\"wpb_wrapper\"><\/div><\/div><\/div><\/div><div id=\"urun-videomuz\" class=\"vc_row wpb_row vc_row-fluid urun-videomuz wd-rs-668e297760c08\"><div class=\"wpb_column vc_column_container vc_col-sm-12\"><div class=\"vc_column-inner\"><div class=\"wpb_wrapper\"><div class=\"vc_separator wpb_content_element vc_separator_align_center vc_sep_width_100 vc_sep_border_width_3 vc_sep_pos_align_center vc_separator_no_text vc_sep_color_grey\" ><span class=\"vc_sep_holder vc_sep_holder_l\"><span class=\"vc_sep_line\"><\/span><\/span><span class=\"vc_sep_holder vc_sep_holder_r\"><span class=\"vc_sep_line\"><\/span><\/span>\n<\/div><\/div><\/div><\/div><\/div>\n<\/div>","protected":false},"excerpt":{"rendered":"<p><strong>Products Details<\/strong><\/p>\n<p>Tekserlek bask\u0131l\u0131 a\u00e7\u0131l\u0131 kenar bantlama<\/p>\n<p>A\u00e7\u0131l\u0131 Bantlama kal\u0131nl\u0131\u011f\u0131: 18-25 mm<\/p>\n<p>Besleme h\u0131z\u0131: 14 m\/dk<\/p>\n<p>Automatic lubrications<\/p>\n<p><a class=\"button\" href=\"#teknik-parametreler\"> TECHNICAL FEATURES<\/a> <a class=\"button\" href=\"#urun-videomuz\">Machine Video<\/a><\/p>","protected":false},"featured_media":1933,"comment_status":"open","ping_status":"closed","template":"","meta":[],"product_cat":[37],"product_tag":[28],"class_list":{"0":"post-177","1":"product","2":"type-product","3":"status-publish","4":"has-post-thumbnail","6":"product_cat-acili-kenar-bantlama-makinalari","7":"product_tag-kenar-bantlama-makinalari","9":"first","10":"instock","11":"shipping-taxable","12":"product-type-simple"},"_links":{"self":[{"href":"https:\/\/kdtmiddleast.com\/en\/wp-json\/wp\/v2\/product\/177","targetHints":{"allow":["GET"]}}],"collection":[{"href":"https:\/\/kdtmiddleast.com\/en\/wp-json\/wp\/v2\/product"}],"about":[{"href":"https:\/\/kdtmiddleast.com\/en\/wp-json\/wp\/v2\/types\/product"}],"replies":[{"embeddable":true,"href":"https:\/\/kdtmiddleast.com\/en\/wp-json\/wp\/v2\/comments?post=177"}],"wp:featuredmedia":[{"embeddable":true,"href":"https:\/\/kdtmiddleast.com\/en\/wp-json\/wp\/v2\/media\/1933"}],"wp:attachment":[{"href":"https:\/\/kdtmiddleast.com\/en\/wp-json\/wp\/v2\/media?parent=177"}],"wp:term":[{"taxonomy":"product_cat","embeddable":true,"href":"https:\/\/kdtmiddleast.com\/en\/wp-json\/wp\/v2\/product_cat?post=177"},{"taxonomy":"product_tag","embeddable":true,"href":"https:\/\/kdtmiddleast.com\/en\/wp-json\/wp\/v2\/product_tag?post=177"}],"curies":[{"name":"wp","href":"https:\/\/api.w.org\/{rel}","templated":true}]}}