{"id":169,"date":"2023-08-24T14:40:18","date_gmt":"2023-08-24T14:40:18","guid":{"rendered":"https:\/\/kdtmiddleast.com\/?post_type=product&#038;p=169"},"modified":"2024-08-07T07:18:58","modified_gmt":"2024-08-07T07:18:58","slug":"kn3713de-hat-yukleme-ve-bosaltmali","status":"publish","type":"product","link":"https:\/\/kdtmiddleast.com\/en\/product\/kn3713de-hat-yukleme-ve-bosaltmali\/","title":{"rendered":"KN-3713DE Hat Y\u00fckleme\/Bo\u015faltmal\u0131 ve Etiket basmal\u0131"},"content":{"rendered":"<div class=\"wpb-content-wrapper\"><div id=\"teknik-parametreler\" class=\"vc_row wpb_row vc_row-fluid teknik-parametreler wd-rs-652407a859729\"><div class=\"wpb_column vc_column_container vc_col-sm-12\"><div class=\"vc_column-inner\"><div class=\"wpb_wrapper\"><div class=\"vc_separator wpb_content_element vc_separator_align_center vc_sep_width_100 vc_sep_pos_align_center vc_sep_color_grey vc_separator-has-text\" ><span class=\"vc_sep_holder vc_sep_holder_l\"><span class=\"vc_sep_line\"><\/span><\/span><h4>TECHNICAL FEATURES<\/h4><span class=\"vc_sep_holder vc_sep_holder_r\"><span class=\"vc_sep_line\"><\/span><\/span>\n<\/div>\n\t<div class=\"wpb_text_column wpb_content_element\" >\n\t\t<div class=\"wpb_wrapper\">\n\t\t\t<table>\n<tbody>\n<tr>\n<th>Modeli: KN-3710DE\/KN-3713DE HAT<\/th>\n<\/tr>\n<tr>\n<td>Max. working dimensions X\/Y\/Z(mm)<\/td>\n<td>3050\/4200*2150*200<\/td>\n<\/tr>\n<tr>\n<td>Max. movement speed X\/Y\/Z\/m\/min)<\/td>\n<td>80\/80\/30<\/td>\n<\/tr>\n<tr>\n<td>Number of vacuum areas<\/td>\n<td>6<\/td>\n<\/tr>\n<tr>\n<td>Vacuum capacity(m\u00b3\/h)<\/td>\n<td>244*2<\/td>\n<\/tr>\n<tr>\n<td>Number of the dust hoses and diameters<\/td>\n<td>\u00d8200*1<\/td>\n<\/tr>\n<tr>\n<td>Tak\u0131m Magazini<\/td>\n<td>12 PAR\u00c7ALI D\u00f6ner ATC<\/td>\n<\/tr>\n<tr>\n<td>Total power (kW)<\/td>\n<td>36,5<\/td>\n<\/tr>\n<tr>\n<td>Ana Mil<\/td>\n<td>12,0kW<br \/>\nISO30<\/td>\n<\/tr>\n<tr>\n<td>Boring Unit<\/td>\n<td>5+5 Delme Kafas\u0131<\/td>\n<\/tr>\n<tr>\n<td>Machine Overall dimension(L)(W)(H)(mm)<\/td>\n<td>15940L*5463W*2415H<\/td>\n<\/tr>\n<\/tbody>\n<\/table>\n\n\t\t<\/div>\n\t<\/div>\n<\/div><\/div><\/div><\/div><div class=\"vc_row wpb_row vc_row-fluid\"><div class=\"wpb_column vc_column_container vc_col-sm-12\"><div class=\"vc_column-inner\"><div class=\"wpb_wrapper\">\n\t<div class=\"wpb_text_column wpb_content_element\" >\n\t\t<div class=\"wpb_wrapper\">\n\t\t\t<p>&nbsp;<\/p>\n\n\t\t<\/div>\n\t<\/div>\n<\/div><\/div><\/div><\/div><div id=\"teknik-parametreler\" class=\"vc_row wpb_row vc_row-fluid teknik-parametreler wd-rs-6523fcabb6c43\"><div class=\"wpb_column vc_column_container vc_col-sm-12\"><div class=\"vc_column-inner\"><div class=\"wpb_wrapper\"><\/div><\/div><\/div><\/div><div id=\"urun-videomuz\" class=\"vc_row wpb_row vc_row-fluid urun-videomuz wd-rs-668e297760c08\"><div class=\"wpb_column vc_column_container vc_col-sm-12\"><div class=\"vc_column-inner\"><div class=\"wpb_wrapper\"><div class=\"vc_separator wpb_content_element vc_separator_align_center vc_sep_width_100 vc_sep_border_width_3 vc_sep_pos_align_center vc_separator_no_text vc_sep_color_grey\" ><span class=\"vc_sep_holder vc_sep_holder_l\"><span class=\"vc_sep_line\"><\/span><\/span><span class=\"vc_sep_holder vc_sep_holder_r\"><span class=\"vc_sep_line\"><\/span><\/span>\n<\/div><\/div><\/div><\/div><\/div><div class=\"vc_row wpb_row vc_row-fluid\"><div class=\"wpb_column vc_column_container vc_col-sm-6\"><div class=\"vc_column-inner\"><div class=\"wpb_wrapper\">\n\t<div  class=\"wpb_single_image wpb_content_element vc_align_left\">\n\t\t\n\t\t<figure class=\"wpb_wrapper vc_figure\">\n\t\t\t<div class=\"vc_single_image-wrapper   vc_box_border_grey\"><img loading=\"lazy\" decoding=\"async\" width=\"1000\" height=\"1000\" src=\"data:image\/jpg;base64,\/9j\/4AAQSkZJRgABAQEAYABgAAD\/\/gA7Q1JFQVRPUjogZ2QtanBlZyB2MS4wICh1c2luZyBJSkcgSlBFRyB2ODApLCBxdWFsaXR5ID0gODIK\/9sAQwAGBAQFBAQGBQUFBgYGBwkOCQkICAkSDQ0KDhUSFhYVEhQUFxohHBcYHxkUFB0nHR8iIyUlJRYcKSwoJCshJCUk\/9sAQwEGBgYJCAkRCQkRJBgUGCQkJCQkJCQkJCQkJCQkJCQkJCQkJCQkJCQkJCQkJCQkJCQkJCQkJCQkJCQkJCQkJCQk\/8AAEQgACgAKAwEiAAIRAQMRAf\/EAB8AAAEFAQEBAQEBAAAAAAAAAAABAgMEBQYHCAkKC\/\/EALUQAAIBAwMCBAMFBQQEAAABfQECAwAEEQUSITFBBhNRYQcicRQygZGhCCNCscEVUtHwJDNicoIJChYXGBkaJSYnKCkqNDU2Nzg5OkNERUZHSElKU1RVVldYWVpjZGVmZ2hpanN0dXZ3eHl6g4SFhoeIiYqSk5SVlpeYmZqio6Slpqeoqaqys7S1tre4ubrCw8TFxsfIycrS09TV1tfY2drh4uPk5ebn6Onq8fLz9PX29\/j5+v\/EAB8BAAMBAQEBAQEBAQEAAAAAAAABAgMEBQYHCAkKC\/\/EALURAAIBAgQEAwQHBQQEAAECdwABAgMRBAUhMQYSQVEHYXETIjKBCBRCkaGxwQkjM1LwFWJy0QoWJDThJfEXGBkaJicoKSo1Njc4OTpDREVGR0hJSlNUVVZXWFlaY2RlZmdoaWpzdHV2d3h5eoKDhIWGh4iJipKTlJWWl5iZmqKjpKWmp6ipqrKztLW2t7i5usLDxMXGx8jJytLT1NXW19jZ2uLj5OXm5+jp6vLz9PX29\/j5+v\/aAAwDAQACEQMRAD8A+kdQ1m+s7iNIdLluYySHKbsj3HHP0\/WtCO5leNWa2dCwBKk8j2qxRTA\/\/9k=\" class=\"vc_single_image-img attachment-large wd-lazy-load wd-lazy-fade\" alt=\"\" title=\"8.7.1 KHA-1713TS\" srcset=\"\" sizes=\"auto, (max-width: 1000px) 100vw, 1000px\" data-wood-src=\"https:\/\/kdtmiddleast.com\/wp-content\/uploads\/2024\/07\/8.7.1-KHA-1713TS.jpg\" data-srcset=\"https:\/\/kdtmiddleast.com\/wp-content\/uploads\/2024\/07\/8.7.1-KHA-1713TS.jpg 1000w, https:\/\/kdtmiddleast.com\/wp-content\/uploads\/2024\/07\/8.7.1-KHA-1713TS-300x300.jpg 300w, https:\/\/kdtmiddleast.com\/wp-content\/uploads\/2024\/07\/8.7.1-KHA-1713TS-150x150.jpg 150w, https:\/\/kdtmiddleast.com\/wp-content\/uploads\/2024\/07\/8.7.1-KHA-1713TS-768x768.jpg 768w, https:\/\/kdtmiddleast.com\/wp-content\/uploads\/2024\/07\/8.7.1-KHA-1713TS-600x600.jpg 600w, https:\/\/kdtmiddleast.com\/wp-content\/uploads\/2024\/07\/8.7.1-KHA-1713TS-250x250.jpg 250w\" \/><\/div>\n\t\t<\/figure>\n\t<\/div>\n<\/div><\/div><\/div><div class=\"wpb_column vc_column_container vc_col-sm-6\"><div class=\"vc_column-inner\"><div class=\"wpb_wrapper\">\n\t\t<div id=\"wd-66b31d67e90fb\" class=\"title-wrapper wd-wpb set-mb-s reset-last-child  wd-rs-66b31d67e90fb wd-title-color-default wd-title-style-underlined-2 text-left  wd-underline-colored\">\n\t\t\t\n\t\t\t<div class=\"liner-continer\">\n\t\t\t\t<h4 class=\"woodmart-title-container title  wd-font-weight- wd-fontsize-l\" >LABELLING<\/h4>\n\t\t\t\t\t\t\t<\/div>\n\t\t\t\n\t\t\t\n\t\t\t\n\t\t<\/div>\n\t\t\n\t\t\n\t<div class=\"wpb_text_column wpb_content_element\" >\n\t\t<div class=\"wpb_wrapper\">\n\t\t\t<table class=\"layui-table\">\n<tbody>\n<tr>\n<td colspan=\"2\">\n<h3>Application Features: Automatically calibrates workpiece position and intelligently detects workpiece by position sensor; height of workpiece can be automatically adjusted;Label automatically pastes and system can detect if there is label missing or label wrong pasted by ensor.Available to connect with automatic unloader to consist of nesting automation line, so as to reduce error caused by manpower, and also to improve productivity<\/h3>\n<\/td>\n<\/tr>\n<tr>\n<td class=\"layui-col-space1\">1.This equipment is mainly used for loading and labeling.<\/td>\n<\/tr>\n<tr>\n<td class=\"layui-col-space1\">2.Weight capacity for the Lift table is 3500kg;<\/td>\n<\/tr>\n<tr>\n<td class=\"layui-col-space1\">3.Stacking height:500mm<\/td>\n<\/tr>\n<tr>\n<td class=\"layui-col-space1\">4.Auto Alignment ensures for an accurate labeling.<\/td>\n<\/tr>\n<tr>\n<td class=\"layui-col-space1\">5.Pre-position in feeding process,to realized feeding in one-step completion<\/td>\n<\/tr>\n<tr>\n<td class=\"layui-col-space1\">6.Alignment in labeller automatically calibrates the workpiece pposition<\/td>\n<\/tr>\n<tr>\n<td class=\"layui-col-space1\">\n<h3>7.Detection device for missing labels or wrong paste .<\/h3>\n<\/td>\n<\/tr>\n<\/tbody>\n<\/table>\n\n\t\t<\/div>\n\t<\/div>\n<\/div><\/div><\/div><\/div><div class=\"vc_row wpb_row vc_row-fluid\"><div class=\"wpb_column vc_column_container vc_col-sm-12\"><div class=\"vc_column-inner\"><div class=\"wpb_wrapper\"><div class=\"vc_separator wpb_content_element vc_separator_align_center vc_sep_width_100 vc_sep_border_width_3 vc_sep_pos_align_center vc_separator_no_text vc_sep_color_grey\" ><span class=\"vc_sep_holder vc_sep_holder_l\"><span class=\"vc_sep_line\"><\/span><\/span><span class=\"vc_sep_holder vc_sep_holder_r\"><span class=\"vc_sep_line\"><\/span><\/span>\n<\/div><\/div><\/div><\/div><\/div><div class=\"vc_row wpb_row vc_row-fluid\"><div class=\"wpb_column vc_column_container vc_col-sm-6\"><div class=\"vc_column-inner\"><div class=\"wpb_wrapper\">\n\t\t<div id=\"wd-66b31ee98c375\" class=\"title-wrapper wd-wpb set-mb-s reset-last-child  wd-rs-66b31ee98c375 wd-title-color-default wd-title-style-underlined-2 text-left  wd-underline-colored\">\n\t\t\t\n\t\t\t<div class=\"liner-continer\">\n\t\t\t\t<h4 class=\"woodmart-title-container title  wd-font-weight- wd-fontsize-l\" >UNLOADING CONVEYOR<\/h4>\n\t\t\t\t\t\t\t<\/div>\n\t\t\t\n\t\t\t\n\t\t\t\n\t\t<\/div>\n\t\t\n\t\t\n\t<div class=\"wpb_text_column wpb_content_element\" >\n\t\t<div class=\"wpb_wrapper\">\n\t\t\t<table class=\"layui-table\">\n<tbody>\n<tr>\n<td colspan=\"2\">\n<h1>KHA-9713<\/h1>\n<\/td>\n<\/tr>\n<tr>\n<td colspan=\"2\"><\/td>\n<\/tr>\n<tr>\n<td class=\"layui-col-space1\">1.Configurated with panel sensor, machine automatically stops.<\/td>\n<\/tr>\n<tr>\n<td class=\"layui-col-space1\">2.High rigidity frame structure.<\/td>\n<\/tr>\n<tr>\n<td class=\"layui-col-space1\">3.High efficiency three \u2013 phase asynchronous motor.<\/td>\n<\/tr>\n<\/tbody>\n<\/table>\n\n\t\t<\/div>\n\t<\/div>\n<\/div><\/div><\/div><div class=\"wpb_column vc_column_container vc_col-sm-6\"><div class=\"vc_column-inner\"><div class=\"wpb_wrapper\">\n\t<div  class=\"wpb_single_image wpb_content_element vc_align_left\">\n\t\t\n\t\t<figure class=\"wpb_wrapper vc_figure\">\n\t\t\t<div class=\"vc_single_image-wrapper   vc_box_border_grey\"><img loading=\"lazy\" decoding=\"async\" width=\"1000\" height=\"1000\" src=\"data:image\/png;base64,iVBORw0KGgoAAAANSUhEUgAAAAoAAAAKCAYAAACNMs+9AAAACXBIWXMAAA7EAAAOxAGVKw4bAAAA0klEQVQYlZWQzU6DQBgA51tYSlmgCG5iY43WlPd\/BRvT96hXGzGxi\/wF8GC84xwncxqZ53lmAWpJ9K\/QP5\/f+LpeGbqBru\/puwHnHGG4Jk4M2SZlt3vAj6KIl+MrXdOz3d4TBCuy7BYTxRiTEAQrXF2jiqLgeb\/ncnnndDpS5JanxwPW3mFMjCiNtQWqbTustZRlSZomaO0zjhNN0\/DdODyvB0Ccq+eq+qRtO6qPCk8FpJuYdRSS5zdorfF9D5mmaR7Hkb+bAohSiAgiv0YEZOnwH3cXTW3k6LaaAAAAAElFTkSuQmCC\" class=\"vc_single_image-img attachment-large wd-lazy-load wd-lazy-fade\" alt=\"\" title=\"KA2713-Bosaltma-Asansoru\" srcset=\"\" sizes=\"auto, (max-width: 1000px) 100vw, 1000px\" data-wood-src=\"https:\/\/kdtmiddleast.com\/wp-content\/uploads\/2023\/08\/KA2713-Bosaltma-Asansoru-1.png\" data-srcset=\"https:\/\/kdtmiddleast.com\/wp-content\/uploads\/2023\/08\/KA2713-Bosaltma-Asansoru-1.png 1000w, https:\/\/kdtmiddleast.com\/wp-content\/uploads\/2023\/08\/KA2713-Bosaltma-Asansoru-1-300x300.png 300w, https:\/\/kdtmiddleast.com\/wp-content\/uploads\/2023\/08\/KA2713-Bosaltma-Asansoru-1-150x150.png 150w, https:\/\/kdtmiddleast.com\/wp-content\/uploads\/2023\/08\/KA2713-Bosaltma-Asansoru-1-768x768.png 768w, https:\/\/kdtmiddleast.com\/wp-content\/uploads\/2023\/08\/KA2713-Bosaltma-Asansoru-1-12x12.png 12w, https:\/\/kdtmiddleast.com\/wp-content\/uploads\/2023\/08\/KA2713-Bosaltma-Asansoru-1-600x600.png 600w, https:\/\/kdtmiddleast.com\/wp-content\/uploads\/2023\/08\/KA2713-Bosaltma-Asansoru-1-250x250.png 250w\" \/><\/div>\n\t\t<\/figure>\n\t<\/div>\n<\/div><\/div><\/div><\/div><div class=\"vc_row wpb_row vc_row-fluid\"><div class=\"wpb_column vc_column_container vc_col-sm-12\"><div class=\"vc_column-inner\"><div class=\"wpb_wrapper\"><div class=\"vc_separator wpb_content_element vc_separator_align_center vc_sep_width_100 vc_sep_border_width_3 vc_sep_pos_align_center vc_separator_no_text vc_sep_color_grey\" ><span class=\"vc_sep_holder vc_sep_holder_l\"><span class=\"vc_sep_line\"><\/span><\/span><span class=\"vc_sep_holder vc_sep_holder_r\"><span class=\"vc_sep_line\"><\/span><\/span>\n<\/div><\/div><\/div><\/div><\/div><div class=\"vc_row wpb_row vc_row-fluid\"><div class=\"wpb_column vc_column_container vc_col-sm-4\"><div class=\"vc_column-inner\"><div class=\"wpb_wrapper\"><\/div><\/div><\/div><div class=\"wpb_column vc_column_container vc_col-sm-4\"><div class=\"vc_column-inner\"><div class=\"wpb_wrapper\"><\/div><\/div><\/div><div class=\"wpb_column vc_column_container vc_col-sm-4\"><div class=\"vc_column-inner\"><div class=\"wpb_wrapper\"><\/div><\/div><\/div><\/div>\n<\/div>","protected":false},"excerpt":{"rendered":"<p><strong>Products Details<\/strong><\/p>\n<table class=\"layui-table\">\n<tbody>\n<tr>\n<td colspan=\"2\">\n<h3>Introduced with the Italian technology, KDT CNC machine is widely used for nesting, grooving and drilling process in custom furniture manufacture; Compatible with various machining data that generated by the 3rd Party\u2019s Optimized software, easy for operation<\/h3>\n<\/td>\n<\/tr>\n<tr>\n<td class=\"layui-col-space1\">1.Rigid frame and high precesion ensures for a stable run and long-lasting performance.<\/td>\n<\/tr>\n<tr>\n<td class=\"layui-col-space1\">2.Max. running speed is up to up to X80m\/min, Y80m\/min, Z30m\/min;<\/td>\n<\/tr>\n<tr>\n<td class=\"layui-col-space1\">3.Delta bus control system and IPC comes as standard<\/td>\n<\/tr>\n<tr>\n<td class=\"layui-col-space1\">4.KDT 12KW spindle standard configured<\/td>\n<\/tr>\n<\/tbody>\n<\/table>\n<p><a class=\"button\" href=\"#teknik-parametreler\"> TECHNICAL FEATURES<\/a> <a class=\"button\" href=\"#urun-videomuz\">Machine Video<\/a><\/p>","protected":false},"featured_media":2384,"comment_status":"open","ping_status":"closed","template":"","meta":[],"product_cat":[36],"product_tag":[25],"class_list":{"0":"post-169","1":"product","2":"type-product","3":"status-publish","4":"has-post-thumbnail","6":"product_cat-otomasyon-duzlem-cnc-makinalari","7":"product_tag-duzlem-cnc-makinalari","9":"first","10":"instock","11":"shipping-taxable","12":"product-type-simple"},"_links":{"self":[{"href":"https:\/\/kdtmiddleast.com\/en\/wp-json\/wp\/v2\/product\/169","targetHints":{"allow":["GET"]}}],"collection":[{"href":"https:\/\/kdtmiddleast.com\/en\/wp-json\/wp\/v2\/product"}],"about":[{"href":"https:\/\/kdtmiddleast.com\/en\/wp-json\/wp\/v2\/types\/product"}],"replies":[{"embeddable":true,"href":"https:\/\/kdtmiddleast.com\/en\/wp-json\/wp\/v2\/comments?post=169"}],"wp:featuredmedia":[{"embeddable":true,"href":"https:\/\/kdtmiddleast.com\/en\/wp-json\/wp\/v2\/media\/2384"}],"wp:attachment":[{"href":"https:\/\/kdtmiddleast.com\/en\/wp-json\/wp\/v2\/media?parent=169"}],"wp:term":[{"taxonomy":"product_cat","embeddable":true,"href":"https:\/\/kdtmiddleast.com\/en\/wp-json\/wp\/v2\/product_cat?post=169"},{"taxonomy":"product_tag","embeddable":true,"href":"https:\/\/kdtmiddleast.com\/en\/wp-json\/wp\/v2\/product_tag?post=169"}],"curies":[{"name":"wp","href":"https:\/\/api.w.org\/{rel}","templated":true}]}}