{"id":159,"date":"2023-08-24T14:28:39","date_gmt":"2023-08-24T14:28:39","guid":{"rendered":"https:\/\/kdtmiddleast.com\/?post_type=product&#038;p=159"},"modified":"2024-08-07T12:20:18","modified_gmt":"2024-08-07T12:20:18","slug":"kd6032tj","status":"publish","type":"product","link":"https:\/\/kdtmiddleast.com\/en\/product\/kd6032tj\/","title":{"rendered":"KDT-6032TS"},"content":{"rendered":"<div class=\"wpb-content-wrapper\"><div id=\"teknik-parametreler\" class=\"vc_row wpb_row vc_row-fluid teknik-parametreler wd-rs-6523f24299020\"><div class=\"wpb_column vc_column_container vc_col-sm-12\"><div class=\"vc_column-inner\"><div class=\"wpb_wrapper\"><div class=\"vc_separator wpb_content_element vc_separator_align_center vc_sep_width_100 vc_sep_pos_align_center vc_sep_color_grey vc_separator-has-text\" ><span class=\"vc_sep_holder vc_sep_holder_l\"><span class=\"vc_sep_line\"><\/span><\/span><h4>TECHNICAL FEATURES<\/h4><span class=\"vc_sep_holder vc_sep_holder_r\"><span class=\"vc_sep_line\"><\/span><\/span>\n<\/div>\n\t<div class=\"wpb_text_column wpb_content_element\" >\n\t\t<div class=\"wpb_wrapper\">\n\t\t\t<table>\n<tbody>\n<tr>\n<th>Modeli: KDT-6032TS<\/th>\n<\/tr>\n<tr>\n<td>Working Lenght (X Direction)(mm)<\/td>\n<td>280-1265<\/td>\n<\/tr>\n<tr>\n<td>Working Dimension (Y Direction)(mm)<\/td>\n<td>(1 sayfa)50-600<br \/>\n(2 sayfa)50-300<\/td>\n<\/tr>\n<tr>\n<td>Max. Working Thickness (mm)<\/td>\n<td>45<\/td>\n<\/tr>\n<tr>\n<td>Max. distance between two heads (mm)<\/td>\n<td>672<\/td>\n<\/tr>\n<tr>\n<td>Max. distance between two vertical heads<\/td>\n<td>772<\/td>\n<\/tr>\n<tr>\n<td>Min. The distance between two vertical heads (mm)<\/td>\n<td>230<\/td>\n<\/tr>\n<tr>\n<td>Max. horizontal boring depth (mm)<\/td>\n<td>40<\/td>\n<\/tr>\n<tr>\n<td>Max. vertical boring depth (mm)<\/td>\n<td>45<\/td>\n<\/tr>\n<tr>\n<td>Total power (kW)<\/td>\n<td>12,55<\/td>\n<\/tr>\n<tr>\n<td>Overall Dimension  L*W*H (mm)<\/td>\n<td>2680L*3100W*1580H<\/td>\n<\/tr>\n<\/tbody>\n<\/table>\n\n\t\t<\/div>\n\t<\/div>\n<\/div><\/div><\/div><\/div><div id=\"urun-videomuz\" class=\"vc_row wpb_row vc_row-fluid urun-videomuz wd-rs-65256a6058b9e\"><div class=\"wpb_column vc_column_container vc_col-sm-12\"><div class=\"vc_column-inner\"><div class=\"wpb_wrapper\"><div class=\"vc_separator wpb_content_element vc_separator_align_center vc_sep_width_100 vc_sep_pos_align_center vc_sep_color_grey vc_separator-has-text\" ><span class=\"vc_sep_holder vc_sep_holder_l\"><span class=\"vc_sep_line\"><\/span><\/span><h4>Machine Video<\/h4><span class=\"vc_sep_holder vc_sep_holder_r\"><span class=\"vc_sep_line\"><\/span><\/span>\n<\/div>\n\t<div class=\"wpb_video_widget wpb_content_element vc_clearfix vc_video-aspect-ratio-169 vc_video-el-width-100 vc_video-align-left wd-rs-65256a4363a6d\" >\n\t\t<div class=\"wpb_wrapper\">\n\t\t\t\n\t\t\t<div class=\"wpb_video_wrapper\"><iframe loading=\"lazy\" title=\"DRILLTECH KDT-6032TJ VENETTI\" width=\"500\" height=\"281\" src=\"https:\/\/www.youtube.com\/embed\/m05xEw4QJsM?feature=oembed\" frameborder=\"0\" allow=\"accelerometer; autoplay; clipboard-write; encrypted-media; gyroscope; picture-in-picture; web-share\" referrerpolicy=\"strict-origin-when-cross-origin\" allowfullscreen><\/iframe><\/div>\n\t\t<\/div>\n\t<\/div>\n<\/div><\/div><\/div><\/div><div class=\"vc_row wpb_row vc_row-fluid\"><div class=\"wpb_column vc_column_container vc_col-sm-12\"><div class=\"vc_column-inner\"><div class=\"wpb_wrapper\">\n\t<div class=\"wpb_text_column wpb_content_element\" >\n\t\t<div class=\"wpb_wrapper\">\n\t\t\t<p>&nbsp;<\/p>\n\n\t\t<\/div>\n\t<\/div>\n<\/div><\/div><\/div><\/div><div id=\"teknik-parametreler\" class=\"vc_row wpb_row vc_row-fluid teknik-parametreler wd-rs-6523fcabb6c43\"><div class=\"wpb_column vc_column_container vc_col-sm-12\"><div class=\"vc_column-inner\"><div class=\"wpb_wrapper\"><\/div><\/div><\/div><\/div><div id=\"urun-videomuz\" class=\"vc_row wpb_row vc_row-fluid urun-videomuz wd-rs-668e297760c08\"><div class=\"wpb_column vc_column_container vc_col-sm-12\"><div class=\"vc_column-inner\"><div class=\"wpb_wrapper\"><div class=\"vc_separator wpb_content_element vc_separator_align_center vc_sep_width_100 vc_sep_border_width_3 vc_sep_pos_align_center vc_separator_no_text vc_sep_color_grey\" ><span class=\"vc_sep_holder vc_sep_holder_l\"><span class=\"vc_sep_line\"><\/span><\/span><span class=\"vc_sep_holder vc_sep_holder_r\"><span class=\"vc_sep_line\"><\/span><\/span>\n<\/div><\/div><\/div><\/div><\/div>\n<\/div>","protected":false},"excerpt":{"rendered":"<p><strong>Products Details<\/strong><\/p>\n<p>Industrial drawer boring machine<\/p>\n<p>\u015earj\u00f6rl\u00fc<\/p>\n<p>Automatic unloading(servo system)<\/p>\n<p>The model 6032 configuration: 3 Vertical + 2 Horizontal<\/p>\n<p>The model 6022 configuration: 2 Vertical + 2 Horizontal<\/p>\n<p>&nbsp;<\/p>\n<p><a class=\"button\" href=\"#teknik-parametreler\"> TECHNICAL FEATURES<\/a> <a class=\"button\" href=\"#urun-videomuz\">Machine Video<\/a><\/p>","protected":false},"featured_media":1935,"comment_status":"open","ping_status":"closed","template":"","meta":[],"product_cat":[66,34],"product_tag":[24],"class_list":{"0":"post-159","1":"product","2":"type-product","3":"status-publish","4":"has-post-thumbnail","6":"product_cat-cekmece-delik-makinalari","7":"product_cat-sarjorlu-delik-makinalari","8":"product_tag-delik-makinalari","10":"first","11":"instock","12":"shipping-taxable","13":"product-type-simple"},"_links":{"self":[{"href":"https:\/\/kdtmiddleast.com\/en\/wp-json\/wp\/v2\/product\/159","targetHints":{"allow":["GET"]}}],"collection":[{"href":"https:\/\/kdtmiddleast.com\/en\/wp-json\/wp\/v2\/product"}],"about":[{"href":"https:\/\/kdtmiddleast.com\/en\/wp-json\/wp\/v2\/types\/product"}],"replies":[{"embeddable":true,"href":"https:\/\/kdtmiddleast.com\/en\/wp-json\/wp\/v2\/comments?post=159"}],"wp:featuredmedia":[{"embeddable":true,"href":"https:\/\/kdtmiddleast.com\/en\/wp-json\/wp\/v2\/media\/1935"}],"wp:attachment":[{"href":"https:\/\/kdtmiddleast.com\/en\/wp-json\/wp\/v2\/media?parent=159"}],"wp:term":[{"taxonomy":"product_cat","embeddable":true,"href":"https:\/\/kdtmiddleast.com\/en\/wp-json\/wp\/v2\/product_cat?post=159"},{"taxonomy":"product_tag","embeddable":true,"href":"https:\/\/kdtmiddleast.com\/en\/wp-json\/wp\/v2\/product_tag?post=159"}],"curies":[{"name":"wp","href":"https:\/\/api.w.org\/{rel}","templated":true}]}}