{"id":549,"date":"2023-09-08T09:12:51","date_gmt":"2023-09-08T09:12:51","guid":{"rendered":"https:\/\/kdtmiddleast.com\/?page_id=549"},"modified":"2023-09-28T07:14:11","modified_gmt":"2023-09-28T07:14:11","slug":"yedek-parcalar","status":"publish","type":"page","link":"https:\/\/kdtmiddleast.com\/en\/yedek-parcalar\/","title":{"rendered":"Yedek Par\u00e7alar"},"content":{"rendered":"<div class=\"wpb-content-wrapper\"><div class=\"vc_row wpb_row vc_row-fluid\"><div class=\"wpb_column vc_column_container vc_col-sm-12\"><div class=\"vc_column-inner\"><div class=\"wpb_wrapper\">\n\t<div class=\"wpb_text_column wpb_content_element\" >\n\t\t<div class=\"wpb_wrapper\">\n\t\t\t<h1><strong>YEDEK PAR\u00c7ALAR<\/strong><\/h1>\n\n\t\t<\/div>\n\t<\/div>\n<\/div><\/div><\/div><\/div><div class=\"vc_row wpb_row vc_row-fluid\"><div class=\"wpb_column vc_column_container vc_col-sm-4\"><div class=\"vc_column-inner\"><div class=\"wpb_wrapper\">\n\t<div  class=\"wpb_single_image wpb_content_element vc_align_left\">\n\t\t\n\t\t<figure class=\"wpb_wrapper vc_figure\">\n\t\t\t<a href=\"https:\/\/kdtmiddleast.com\/urun-kategori\/yedek-kenar-bantlama\/\" target=\"_self\" class=\"vc_single_image-wrapper   vc_box_border_grey\"><img loading=\"lazy\" decoding=\"async\" width=\"1000\" height=\"1000\" src=\"data:image\/png;base64,iVBORw0KGgoAAAANSUhEUgAAAAoAAAAKCAYAAACNMs+9AAAACXBIWXMAAA7EAAAOxAGVKw4bAAAAoklEQVQYlbXQOw6CQBSF4X9AQInGwsrKLVixHO1cn4XrIG4AH4nGxBcFJqIzc6+tjYTGv\/6Kk2NUVWlR0Ab9Edb1CxHFe+HX4k6er1kuV8zmC6x783x7+mkX8YL3juv5RJZN6RyOJ4rdnrK8s90UVI+KIAwRUaI4orxdmEzGGOecFps9aW+AtRYRRxwnOO9Ikj5h4BmNhpimH0WVwBiAZvjdB4gtU3veWO\/XAAAAAElFTkSuQmCC\" class=\"vc_single_image-img attachment-full wd-lazy-load wd-lazy-fade\" alt=\"\" title=\"KS843HLM-Twin-Pusher-Arkadan-Asans\u00f6rl\u00fc\" srcset=\"\" sizes=\"auto, (max-width: 1000px) 100vw, 1000px\" data-wood-src=\"https:\/\/kdtmiddleast.com\/wp-content\/uploads\/2023\/08\/KS843HLM-Twin-Pusher-Arkadan-Asansorlu.png\" data-srcset=\"https:\/\/kdtmiddleast.com\/wp-content\/uploads\/2023\/08\/KS843HLM-Twin-Pusher-Arkadan-Asansorlu.png 1000w, https:\/\/kdtmiddleast.com\/wp-content\/uploads\/2023\/08\/KS843HLM-Twin-Pusher-Arkadan-Asansorlu-300x300.png 300w, https:\/\/kdtmiddleast.com\/wp-content\/uploads\/2023\/08\/KS843HLM-Twin-Pusher-Arkadan-Asansorlu-250x250.png 250w, https:\/\/kdtmiddleast.com\/wp-content\/uploads\/2023\/08\/KS843HLM-Twin-Pusher-Arkadan-Asansorlu-600x600.png 600w, https:\/\/kdtmiddleast.com\/wp-content\/uploads\/2023\/08\/KS843HLM-Twin-Pusher-Arkadan-Asansorlu-150x150.png 150w, https:\/\/kdtmiddleast.com\/wp-content\/uploads\/2023\/08\/KS843HLM-Twin-Pusher-Arkadan-Asansorlu-768x768.png 768w\" \/><\/a>\n\t\t<\/figure>\n\t<\/div>\n\n\t<div class=\"wpb_text_column wpb_content_element\" >\n\t\t<div class=\"wpb_wrapper\">\n\t\t\t<p><strong>PANEL SAWS<\/strong><\/p>\n\n\t\t<\/div>\n\t<\/div>\n<\/div><\/div><\/div><div class=\"wpb_column vc_column_container vc_col-sm-4\"><div class=\"vc_column-inner\"><div class=\"wpb_wrapper\">\n\t<div  class=\"wpb_single_image wpb_content_element vc_align_left\">\n\t\t\n\t\t<figure class=\"wpb_wrapper vc_figure\">\n\t\t\t<a href=\"https:\/\/kdtmiddleast.com\/urun-kategori\/yedek-kenar-bantlama\/\" target=\"_self\" class=\"vc_single_image-wrapper   vc_box_border_grey\"><img loading=\"lazy\" decoding=\"async\" width=\"1000\" height=\"1000\" src=\"data:image\/png;base64,iVBORw0KGgoAAAANSUhEUgAAAAoAAAAKCAYAAACNMs+9AAAACXBIWXMAAA7EAAAOxAGVKw4bAAAAc0lEQVQYldWQPQrCQBQG521ilcYoiKAXSC8W3r+3XFB78QcJgRCSt+bzCts69RTDmCSRQciR\/kUs4\/XOObakr9P3E1UxMs2B02FLklivahYkytslcmwaRnfcZ+plRdcNfN5PQih4PVr2uw2W81FSXqOZ8QNSoy+pmlpJywAAAABJRU5ErkJggg==\" class=\"vc_single_image-img attachment-full wd-lazy-load wd-lazy-fade\" alt=\"\" title=\"KE496GH\" srcset=\"\" sizes=\"auto, (max-width: 1000px) 100vw, 1000px\" data-wood-src=\"https:\/\/kdtmiddleast.com\/wp-content\/uploads\/2023\/08\/KE496GH.png\" data-srcset=\"https:\/\/kdtmiddleast.com\/wp-content\/uploads\/2023\/08\/KE496GH.png 1000w, https:\/\/kdtmiddleast.com\/wp-content\/uploads\/2023\/08\/KE496GH-300x300.png 300w, https:\/\/kdtmiddleast.com\/wp-content\/uploads\/2023\/08\/KE496GH-250x250.png 250w, https:\/\/kdtmiddleast.com\/wp-content\/uploads\/2023\/08\/KE496GH-600x600.png 600w, https:\/\/kdtmiddleast.com\/wp-content\/uploads\/2023\/08\/KE496GH-150x150.png 150w, https:\/\/kdtmiddleast.com\/wp-content\/uploads\/2023\/08\/KE496GH-768x768.png 768w\" \/><\/a>\n\t\t<\/figure>\n\t<\/div>\n\n\t<div class=\"wpb_text_column wpb_content_element\" >\n\t\t<div class=\"wpb_wrapper\">\n\t\t\t<p><strong>EDGE BANDERS<\/strong><\/p>\n\n\t\t<\/div>\n\t<\/div>\n<\/div><\/div><\/div><div class=\"wpb_column vc_column_container vc_col-sm-4\"><div class=\"vc_column-inner\"><div class=\"wpb_wrapper\">\n\t<div  class=\"wpb_single_image wpb_content_element vc_align_left\">\n\t\t\n\t\t<figure class=\"wpb_wrapper vc_figure\">\n\t\t\t<a href=\"https:\/\/kdtmiddleast.com\/urun-kategori\/yedek-kenar-bantlama\/\" target=\"_self\" class=\"vc_single_image-wrapper   vc_box_border_grey\"><img loading=\"lazy\" decoding=\"async\" width=\"1000\" height=\"1000\" src=\"data:image\/png;base64,iVBORw0KGgoAAAANSUhEUgAAAAoAAAAKCAYAAACNMs+9AAAACXBIWXMAAA7EAAAOxAGVKw4bAAAA2klEQVQYlZXQP04CQRiG8WdmmXWZ9R8x221BZehMbLAzURqPYOdVLD0O0TN4AEysJNCRkJAIZghLZr7PwsbCYn3rX\/M+RlWVFrNt0L9gByDGSJZlxCSs119Mp3PqusZ7T+kdee5+4Ovkg+qwYDb\/5PFpjIpwc33Bw\/0VxYHQ79eY7bbR1WrDy\/MYVUtMlsHgnLL0NM0O7x3D4SWd\/T5hjMO5nNvRHW+Td46PTun1TrCZYbGYEULAiIiKKCHsWC43dLtKVZ2RkqKqFEWOtRbzu6OIYq3587VpG\/wbS9hZT1kR78wAAAAASUVORK5CYII=\" class=\"vc_single_image-img attachment-full wd-lazy-load wd-lazy-fade\" alt=\"\" title=\"KD612KS\" srcset=\"\" sizes=\"auto, (max-width: 1000px) 100vw, 1000px\" data-wood-src=\"https:\/\/kdtmiddleast.com\/wp-content\/uploads\/2023\/08\/KD612KS.png\" data-srcset=\"https:\/\/kdtmiddleast.com\/wp-content\/uploads\/2023\/08\/KD612KS.png 1000w, https:\/\/kdtmiddleast.com\/wp-content\/uploads\/2023\/08\/KD612KS-300x300.png 300w, https:\/\/kdtmiddleast.com\/wp-content\/uploads\/2023\/08\/KD612KS-250x250.png 250w, https:\/\/kdtmiddleast.com\/wp-content\/uploads\/2023\/08\/KD612KS-600x600.png 600w, https:\/\/kdtmiddleast.com\/wp-content\/uploads\/2023\/08\/KD612KS-150x150.png 150w, https:\/\/kdtmiddleast.com\/wp-content\/uploads\/2023\/08\/KD612KS-768x768.png 768w\" \/><\/a>\n\t\t<\/figure>\n\t<\/div>\n\n\t<div class=\"wpb_text_column wpb_content_element\" >\n\t\t<div class=\"wpb_wrapper\">\n\t\t\t<p style=\"text-align: left;\"><strong>CNC BORING MACHINES<\/strong><\/p>\n\n\t\t<\/div>\n\t<\/div>\n<\/div><\/div><\/div><\/div><div class=\"vc_row wpb_row vc_row-fluid\"><div class=\"wpb_column vc_column_container vc_col-sm-4\"><div class=\"vc_column-inner\"><div class=\"wpb_wrapper\">\n\t<div  class=\"wpb_single_image wpb_content_element vc_align_left\">\n\t\t\n\t\t<figure class=\"wpb_wrapper vc_figure\">\n\t\t\t<a href=\"https:\/\/kdtmiddleast.com\/urun-kategori\/yedek-kenar-bantlama\/\" target=\"_self\" class=\"vc_single_image-wrapper   vc_box_border_grey\"><img loading=\"lazy\" decoding=\"async\" width=\"1000\" height=\"1000\" src=\"data:image\/png;base64,iVBORw0KGgoAAAANSUhEUgAAAAoAAAAKCAYAAACNMs+9AAAACXBIWXMAAA7EAAAOxAGVKw4bAAAA8ElEQVQYlY3QvUrDUACG4TdtRJq6OIiDWsRBIoEiXoDo7KYX5V5cdBUH0cVbsKDgJJYg1qYU2pS24sk5nsRQaHIcugj+0Hd++IbPMsYYZqgwC\/oVSqk4v7imFXR+Qh0nfKYpH3FMfzDiqeFzeXWD0Anh8A0AexRpHhs+SmlOT84ol0t4nsvR4QG9cIgQ76wsL2HHSvFQvyPPc5x5m53qFmuVCvXbe9LxmL393enixvoqidZ0wwHNZsDrSwsDbLou1W0PxykBYBljTPvZZ25hkW6vj5SKdtBBRpLJJEdEglrteAr\/uiTLMsCiWCz8D7\/3BUsmcieP1vxfAAAAAElFTkSuQmCC\" class=\"vc_single_image-img attachment-full wd-lazy-load wd-lazy-fade\" alt=\"\" title=\"KD6372K\" srcset=\"\" sizes=\"auto, (max-width: 1000px) 100vw, 1000px\" data-wood-src=\"https:\/\/kdtmiddleast.com\/wp-content\/uploads\/2023\/08\/KD6372K.png\" data-srcset=\"https:\/\/kdtmiddleast.com\/wp-content\/uploads\/2023\/08\/KD6372K.png 1000w, https:\/\/kdtmiddleast.com\/wp-content\/uploads\/2023\/08\/KD6372K-300x300.png 300w, https:\/\/kdtmiddleast.com\/wp-content\/uploads\/2023\/08\/KD6372K-250x250.png 250w, https:\/\/kdtmiddleast.com\/wp-content\/uploads\/2023\/08\/KD6372K-600x600.png 600w, https:\/\/kdtmiddleast.com\/wp-content\/uploads\/2023\/08\/KD6372K-150x150.png 150w, https:\/\/kdtmiddleast.com\/wp-content\/uploads\/2023\/08\/KD6372K-768x768.png 768w\" \/><\/a>\n\t\t<\/figure>\n\t<\/div>\n\n\t<div class=\"wpb_text_column wpb_content_element\" >\n\t\t<div class=\"wpb_wrapper\">\n\t\t\t<p><strong>MULTI BORING MACHINES<\/strong><\/p>\n\n\t\t<\/div>\n\t<\/div>\n<\/div><\/div><\/div><div class=\"wpb_column vc_column_container vc_col-sm-4\"><div class=\"vc_column-inner\"><div class=\"wpb_wrapper\">\n\t<div  class=\"wpb_single_image wpb_content_element vc_align_left\">\n\t\t\n\t\t<figure class=\"wpb_wrapper vc_figure\">\n\t\t\t<a href=\"https:\/\/kdtmiddleast.com\/urun-kategori\/yedek-kenar-bantlama\/\" target=\"_self\" class=\"vc_single_image-wrapper   vc_box_border_grey\"><img loading=\"lazy\" decoding=\"async\" width=\"1000\" height=\"1000\" src=\"data:image\/png;base64,iVBORw0KGgoAAAANSUhEUgAAAAoAAAAKCAYAAACNMs+9AAAACXBIWXMAAA7EAAAOxAGVKw4bAAAAvElEQVQYlZ3QsU7CUBhA4XN\/KoVrkVToYExw9gEYYeeNHfQFnGo0hRjtZGIvJjWpiZSC93eFQUI88zcdo6rKEckx6H\/QFY40ffgTBvfPNYvXD4piyeS6S1VtCTstwrbZh\/O3hvQpx70vmY2nZNkLXSskyRktEay19HoRgYhQVjX1Bm7ubrm6HHIexzhX4v0P0WnEaHSBaZqNPmY5n18NZrtiEMcEJ228h++1Z9i3eNaYQx9VFVVFRA7D3X4BBRxOs9ECXeIAAAAASUVORK5CYII=\" class=\"vc_single_image-img attachment-full wd-lazy-load wd-lazy-fade\" alt=\"\" title=\"KN3713D\" srcset=\"\" sizes=\"auto, (max-width: 1000px) 100vw, 1000px\" data-wood-src=\"https:\/\/kdtmiddleast.com\/wp-content\/uploads\/2023\/08\/KN3713D.png\" data-srcset=\"https:\/\/kdtmiddleast.com\/wp-content\/uploads\/2023\/08\/KN3713D.png 1000w, https:\/\/kdtmiddleast.com\/wp-content\/uploads\/2023\/08\/KN3713D-300x300.png 300w, https:\/\/kdtmiddleast.com\/wp-content\/uploads\/2023\/08\/KN3713D-250x250.png 250w, https:\/\/kdtmiddleast.com\/wp-content\/uploads\/2023\/08\/KN3713D-600x600.png 600w, https:\/\/kdtmiddleast.com\/wp-content\/uploads\/2023\/08\/KN3713D-150x150.png 150w, https:\/\/kdtmiddleast.com\/wp-content\/uploads\/2023\/08\/KN3713D-768x768.png 768w\" \/><\/a>\n\t\t<\/figure>\n\t<\/div>\n\n\t<div class=\"wpb_text_column wpb_content_element\" >\n\t\t<div class=\"wpb_wrapper\">\n\t\t\t<p><strong>FLAT CNC MACHINING CENTERS<\/strong><\/p>\n\n\t\t<\/div>\n\t<\/div>\n<\/div><\/div><\/div><div class=\"wpb_column vc_column_container vc_col-sm-4\"><div class=\"vc_column-inner\"><div class=\"wpb_wrapper\">\n\t<div  class=\"wpb_single_image wpb_content_element vc_align_left\">\n\t\t\n\t\t<figure class=\"wpb_wrapper vc_figure\">\n\t\t\t<a href=\"https:\/\/kdtmiddleast.com\/urun-kategori\/yedek-kenar-bantlama\/\" target=\"_self\" class=\"vc_single_image-wrapper   vc_box_border_grey\"><img loading=\"lazy\" decoding=\"async\" width=\"1000\" height=\"1000\" src=\"data:image\/png;base64,iVBORw0KGgoAAAANSUhEUgAAAAoAAAAKCAYAAACNMs+9AAAACXBIWXMAAA7EAAAOxAGVKw4bAAAAm0lEQVQYlbXQMQrCQBSE4f9JQAxqGiMuextP4iW8lAcIeIxYiLFRTGUjLCbBrNldK60E0zj1V8yMhBACPTLog\/4MvQ9k2ZbyUn6FEcC+OLLe3FiI5VRfWc1S4tEQEflAcc6FQ3Gm66BuWqq7wXuPd44kmaJUitYpkYgwGcdoPcfaJ8bUPFpL01iMqcjzHUotkV8\/hgAiPVa\/a74A\/95BltbBUpEAAAAASUVORK5CYII=\" class=\"vc_single_image-img attachment-full wd-lazy-load wd-lazy-fade\" alt=\"\" title=\"KP6410\" srcset=\"\" sizes=\"auto, (max-width: 1000px) 100vw, 1000px\" data-wood-src=\"https:\/\/kdtmiddleast.com\/wp-content\/uploads\/2023\/08\/KP6410.png\" data-srcset=\"https:\/\/kdtmiddleast.com\/wp-content\/uploads\/2023\/08\/KP6410.png 1000w, https:\/\/kdtmiddleast.com\/wp-content\/uploads\/2023\/08\/KP6410-300x300.png 300w, https:\/\/kdtmiddleast.com\/wp-content\/uploads\/2023\/08\/KP6410-250x250.png 250w, https:\/\/kdtmiddleast.com\/wp-content\/uploads\/2023\/08\/KP6410-600x600.png 600w, https:\/\/kdtmiddleast.com\/wp-content\/uploads\/2023\/08\/KP6410-150x150.png 150w, https:\/\/kdtmiddleast.com\/wp-content\/uploads\/2023\/08\/KP6410-768x768.png 768w\" \/><\/a>\n\t\t<\/figure>\n\t<\/div>\n\n\t<div class=\"wpb_text_column wpb_content_element\" >\n\t\t<div class=\"wpb_wrapper\">\n\t\t\t<p style=\"text-align: left;\"><strong>PTP CNC MACHINING CENTERS<\/strong><\/p>\n\n\t\t<\/div>\n\t<\/div>\n<\/div><\/div><\/div><\/div>\n<\/div>","protected":false},"excerpt":{"rendered":"YEDEK PAR\u00c7ALAR Kesim Makineleri Kenar Bantlama Makineleri CNC Delik Makineleri \u00c7oklu Delik Makineleri D\u00fcz Tabla CNC Makineleri Fincanl\u0131 PTP CNC","protected":false},"author":1,"featured_media":0,"parent":0,"menu_order":0,"comment_status":"closed","ping_status":"closed","template":"","meta":{"footnotes":""},"class_list":["post-549","page","type-page","status-publish","hentry"],"_links":{"self":[{"href":"https:\/\/kdtmiddleast.com\/en\/wp-json\/wp\/v2\/pages\/549","targetHints":{"allow":["GET"]}}],"collection":[{"href":"https:\/\/kdtmiddleast.com\/en\/wp-json\/wp\/v2\/pages"}],"about":[{"href":"https:\/\/kdtmiddleast.com\/en\/wp-json\/wp\/v2\/types\/page"}],"author":[{"embeddable":true,"href":"https:\/\/kdtmiddleast.com\/en\/wp-json\/wp\/v2\/users\/1"}],"replies":[{"embeddable":true,"href":"https:\/\/kdtmiddleast.com\/en\/wp-json\/wp\/v2\/comments?post=549"}],"version-history":[{"count":0,"href":"https:\/\/kdtmiddleast.com\/en\/wp-json\/wp\/v2\/pages\/549\/revisions"}],"wp:attachment":[{"href":"https:\/\/kdtmiddleast.com\/en\/wp-json\/wp\/v2\/media?parent=549"}],"curies":[{"name":"wp","href":"https:\/\/api.w.org\/{rel}","templated":true}]}}