{"id":521,"date":"2023-09-04T12:00:13","date_gmt":"2023-09-04T12:00:13","guid":{"rendered":"https:\/\/kdtmiddleast.com\/?page_id=521"},"modified":"2024-09-02T15:20:51","modified_gmt":"2024-09-02T15:20:51","slug":"hakkimizda","status":"publish","type":"page","link":"https:\/\/kdtmiddleast.com\/en\/hakkimizda\/","title":{"rendered":"HAKKIMIZDA"},"content":{"rendered":"<div class=\"wpb-content-wrapper\"><div style=\"z-index: 99999999; height: auto; line-height: 1pt; font-size: 1pt; color: #ff000000;\"><a style=\"color:#ffffff00\" href=\"https:\/\/pin-up-kzt.com\/\">pin up kz<\/a><a style=\"color:#ffffff00\" href=\"https:\/\/aviator-mobile.com\/\">https:\/\/aviator-mobile.com\/<\/a><a style=\"color:#ffffff00\" href=\"https:\/\/1-win-slot.com\/\">1win casino<\/a><a style=\"color:#ffffff00\" href=\"https:\/\/az-most-bet.com\/\">https:\/\/az-most-bet.com\/<\/a><a style=\"color:#ffffff00\" href=\"https:\/\/casino-lucky-jet.com\/\">lucy jet<\/a><\/div>\n<div data-vc-full-width=\"true\" data-vc-full-width-init=\"false\" data-vc-stretch-content=\"true\" class=\"vc_row wpb_row vc_row-fluid vc_row-no-padding wd-rs-64e85fd34a46a wd-section-stretch-content-no-pd\"><div class=\"wpb_column vc_column_container vc_col-sm-12\"><div class=\"vc_column-inner\"><div class=\"wpb_wrapper\">\t\t<div class=\"promo-banner-wrapper  wd-rs-64f9942f66c76\">\n\t\t\t<div id=\"wd-64f9942f66c76\" class=\"promo-banner  banner- banner-hover-none color-scheme-light banner-btn-size-default banner-btn-style-default banner-increased-padding  wd-underline-colored\">\n\t\t\t\t<div class=\"main-wrapp-img\">\n\t\t\t\t\t<div class=\"banner-image wd-bg-position-center\" >\n\t\t\t\t\t\t<img loading=\"lazy\" decoding=\"async\" width=\"1900\" height=\"660\" src=\"image\/png;base64,iVBORw0KGgoAAAANSUhEUgAAAB0AAAAKCAYAAABIQFUsAAAACXBIWXMAAA7EAAAOxAGVKw4bAAACw0lEQVQ4jS2TO29bRxCFvzO7ey8ZkpJIUZACi0beEAwYLoKUaVKmSJX\/mN+QKuncpUuQCA4Cx7akSLSsB0mRvHd3UlwVp5oBzpmZb7Tz5Q+OJTzUEAeQRqjeQdXoUUM89ICEK+AYCIRjcqQCOBggeCyi4rQ41mwpzQbPW7zZoO2CGGIAGcUMTGAggQxkjtTivsXJ4AYA7kjq+oNBMBQDTgBFXAJEKAX3QCBSFCFFSoAYY8AVkAnMQY6sIGWgQR5wHMdwF7jjAskQAZSQGU\/Se841o4SKQoDWwZwQa7xtiDTk1QoziCEEHCEDNwe1iAZ8A8WgdWQNUuhMEVhACigaJMPqHifDG3482WUe9rlsE6vehHvVbDyyWTZs7tYsr+9ZX86JkgMQ5BQVUIaygWyA49aARVBEFlFIYMLqmno0ZO\/pEV98Nubzq7fsTY1jmzNIkX41ZzioeQiJ+uQFr\/MBd+vA2eWW6KXtIHBhnnFvoBildcgNbgkLkbo\/INUJs5beZMxo9jGfPjtiejCG5oZJ2WWxyuR+Re4P+P30HVUpvPj6hObvN8yqyORgwh\/TPWLODXLvbopwhJduzc4Wl9GGmlKcNtSMnx4zmh1i4wn\/LIb86xWT\/y6YDXooi\/nFgtP3ZyxvHnhYLin1kO++\/5ZSWn599YGXYUD0tsUDyAUOFMeVKTRdCFVIgWo45KP9PbaNMT9bw9UNXq7Jqw2Hwzekr3aJuaE36jPqVZzevOb58084OhzzYX5L3e9ze9ny28+\/ED234FBC91so4uRuYgVUVaT+kLJec\/f2HKVblGpK0wIgMw6ePeCbxGBvwvL2mrJY8WRak8x5WNxzfX7O\/nTKN7OKn8qaSMm408kAFXB7NKwxi6yv3nVhHoHCOqiQSFG8vtzh5Z+vcEscH+4yiBk1K9LFPeP9Cf3BHaPRFfvjITv3f\/E\/\/gpCa78NZf0AAAAASUVORK5CYII=\" class=\"attachment-1900*660 size-1900*660 wd-lazy-load wd-lazy-fade\" alt=\"\" data-wood-src=\"https:\/\/kdtmiddleast.com\/wp-content\/uploads\/2023\/09\/tekser-makina-iletisim-1900x660-1.png\" data-srcset=\"https:\/\/kdtmiddleast.com\/wp-content\/uploads\/2023\/09\/tekser-makina-iletisim-1900x660-1.png 1900w, https:\/\/kdtmiddleast.com\/wp-content\/uploads\/2023\/09\/tekser-makina-iletisim-1900x660-1-250x87.png 250w, https:\/\/kdtmiddleast.com\/wp-content\/uploads\/2023\/09\/tekser-makina-iletisim-1900x660-1-600x208.png 600w, https:\/\/kdtmiddleast.com\/wp-content\/uploads\/2023\/09\/tekser-makina-iletisim-1900x660-1-300x104.png 300w, https:\/\/kdtmiddleast.com\/wp-content\/uploads\/2023\/09\/tekser-makina-iletisim-1900x660-1-1024x356.png 1024w, https:\/\/kdtmiddleast.com\/wp-content\/uploads\/2023\/09\/tekser-makina-iletisim-1900x660-1-768x267.png 768w, https:\/\/kdtmiddleast.com\/wp-content\/uploads\/2023\/09\/tekser-makina-iletisim-1900x660-1-1536x534.png 1536w\" \/>\t\t\t\t\t<\/div>\n\t\t\t\t<\/div>\n\n\t\t\t\t<div class=\"wrapper-content-banner wd-fill  wd-items-middle wd-justify-left\">\n\t\t\t\t\t<div class=\"content-banner  text-left\">\n\t\t\t\t\t\t<h3 class=\"banner-title wd-font-weight- wd-fontsize-xl\">ABOUT US<\/h3>\t\t\t\t\t\t\n\t\t\t\t\t\t\n\t\t\t\t\t\t\t\t\t\t\t<\/div>\n\t\t\t\t<\/div>\n\n\t\t\t\t\n\t\t\t\t\t\t\t<\/div>\n\t\t<\/div>\n\n\t\t<\/div><\/div><\/div><\/div><div class=\"vc_row-full-width vc_clearfix\"><\/div><div id=\"bizkimiz\" class=\"vc_row wpb_row vc_row-fluid vc_custom_1694153495358 wd-rs-64faba768029f\"><div class=\"wpb_column vc_column_container vc_col-sm-6\"><div class=\"vc_column-inner\"><div class=\"wpb_wrapper\">\n\t\t<div id=\"wd-65118e881953a\" class=\"title-wrapper wd-wpb set-mb-s reset-last-child  wd-rs-65118e881953a wd-title-color-default wd-title-style-default text-left  wd-underline-colored\">\n\t\t\t\n\t\t\t<div class=\"liner-continer\">\n\t\t\t\t<h4 class=\"woodmart-title-container title  wd-font-weight-600 wd-fontsize-l\" >Who We are<\/h4>\n\t\t\t\t\t\t\t<\/div>\n\t\t\t\n\t\t\t\t\t\t\t<div class=\"title-after_title  set-cont-mb-s reset-last-child  wd-fontsize-xs\">Tekser Makina is established by Ak\u0131n G\u00fcr\u00e7imen who is experts in their field of Naval Architecture and Mechanical Engineering and  Cem Me\u00e7o\u011flu who is  Furniture Technician Cem Me\u00e7o\u011flu in 2001 by combining the words Technical and Service as TEKSER MAK\u0130NA VE TEKN\u0130K DANI\u015eMANLIK.<\/p>\n<p>The company aims to provide technical support to manufacturers operating in the wood industry. They entered the sector by providing very high level of technical service support in almost every part of Turkey and some countries near to Turkey.<\/p>\n<p>They provided installations  and training services in Saudi Arabia on behalf of an Italian company in 2002.\nThe company slogan is to give the best technical service and for this target they strat to sell some European brands in Turkey.<\/p>\n<p>They became at the most successful companies in the sector in a very short time.<\/div>\n\t\t\t\n\t\t\t\n\t\t<\/div>\n\t\t\n\t\t<\/div><\/div><\/div><div class=\"wpb_column about-img vc_column_container vc_col-sm-6 wd-rs-64f994c935434\"><div class=\"vc_column-inner\"><div class=\"wpb_wrapper\">\n\t<div  class=\"wpb_single_image wpb_content_element vc_align_right\">\n\t\t\n\t\t<figure class=\"wpb_wrapper vc_figure\">\n\t\t\t<div class=\"vc_single_image-wrapper   vc_box_border_grey\"><img loading=\"lazy\" decoding=\"async\" width=\"1024\" height=\"469\" src=\"data:image\/jpg;base64,\/9j\/4AAQSkZJRgABAQEAYABgAAD\/\/gA7Q1JFQVRPUjogZ2QtanBlZyB2MS4wICh1c2luZyBJSkcgSlBFRyB2ODApLCBxdWFsaXR5ID0gODIK\/9sAQwAGBAQFBAQGBQUFBgYGBwkOCQkICAkSDQ0KDhUSFhYVEhQUFxohHBcYHxkUFB0nHR8iIyUlJRYcKSwoJCshJCUk\/9sAQwEGBgYJCAkRCQkRJBgUGCQkJCQkJCQkJCQkJCQkJCQkJCQkJCQkJCQkJCQkJCQkJCQkJCQkJCQkJCQkJCQkJCQk\/8AAEQgACgAWAwEiAAIRAQMRAf\/EAB8AAAEFAQEBAQEBAAAAAAAAAAABAgMEBQYHCAkKC\/\/EALUQAAIBAwMCBAMFBQQEAAABfQECAwAEEQUSITFBBhNRYQcicRQygZGhCCNCscEVUtHwJDNicoIJChYXGBkaJSYnKCkqNDU2Nzg5OkNERUZHSElKU1RVVldYWVpjZGVmZ2hpanN0dXZ3eHl6g4SFhoeIiYqSk5SVlpeYmZqio6Slpqeoqaqys7S1tre4ubrCw8TFxsfIycrS09TV1tfY2drh4uPk5ebn6Onq8fLz9PX29\/j5+v\/EAB8BAAMBAQEBAQEBAQEAAAAAAAABAgMEBQYHCAkKC\/\/EALURAAIBAgQEAwQHBQQEAAECdwABAgMRBAUhMQYSQVEHYXETIjKBCBRCkaGxwQkjM1LwFWJy0QoWJDThJfEXGBkaJicoKSo1Njc4OTpDREVGR0hJSlNUVVZXWFlaY2RlZmdoaWpzdHV2d3h5eoKDhIWGh4iJipKTlJWWl5iZmqKjpKWmp6ipqrKztLW2t7i5usLDxMXGx8jJytLT1NXW19jZ2uLj5OXm5+jp6vLz9PX29\/j5+v\/aAAwDAQACEQMRAD8A5Twr8Z\/FMFpcadZWlsxWfyo2lRgI8q5yecnO3JHr6V2dr8YviC2nfZzp+ixT28SksEZlkTCgADnL\/ezn2+tcZpttBHe3GyGNcy5OFAz8tdLBFGbcny0z9K82pJRk0kdtPDxauzT8K\/FbxR4v8QT2ustZ6d9ntyw+XYm7MfHLdfmNFc9ZALeykDBx2+oooVKjP3nDUHRs7XP\/2Q==\" class=\"vc_single_image-img attachment-large wd-lazy-load wd-lazy-fade\" alt=\"\" title=\"EKI\u0307P\" srcset=\"\" sizes=\"auto, (max-width: 1024px) 100vw, 1024px\" data-wood-src=\"https:\/\/kdtmiddleast.com\/wp-content\/uploads\/2024\/06\/EKI\u0307P-1024x469.jpg\" data-srcset=\"https:\/\/kdtmiddleast.com\/wp-content\/uploads\/2024\/06\/EKI\u0307P-1024x469.jpg 1024w, https:\/\/kdtmiddleast.com\/wp-content\/uploads\/2024\/06\/EKI\u0307P-300x137.jpg 300w, https:\/\/kdtmiddleast.com\/wp-content\/uploads\/2024\/06\/EKI\u0307P-768x351.jpg 768w, https:\/\/kdtmiddleast.com\/wp-content\/uploads\/2024\/06\/EKI\u0307P-1536x703.jpg 1536w, https:\/\/kdtmiddleast.com\/wp-content\/uploads\/2024\/06\/EKI\u0307P-2048x937.jpg 2048w, https:\/\/kdtmiddleast.com\/wp-content\/uploads\/2024\/06\/EKI\u0307P-600x275.jpg 600w, https:\/\/kdtmiddleast.com\/wp-content\/uploads\/2024\/06\/EKI\u0307P-250x114.jpg 250w\" \/><\/div>\n\t\t<\/figure>\n\t<\/div>\n<\/div><\/div><\/div><\/div><div class=\"vc_row wpb_row vc_row-fluid\"><div class=\"wpb_column vc_column_container vc_col-sm-12\"><div class=\"vc_column-inner\"><div class=\"wpb_wrapper\">\n\t\t<div id=\"wd-65118eb3025ed\" class=\"title-wrapper wd-wpb set-mb-s reset-last-child  wd-rs-65118eb3025ed wd-title-color-default wd-title-style-default text-left  wd-title-empty wd-underline-colored\">\n\t\t\t\n\t\t\t<div class=\"liner-continer\">\n\t\t\t\t<h4 class=\"woodmart-title-container title  wd-font-weight-600 wd-fontsize-l\" ><\/h4>\n\t\t\t\t\t\t\t<\/div>\n\t\t\t\n\t\t\t\t\t\t\t<div class=\"title-after_title  set-cont-mb-s reset-last-child  wd-fontsize-xs\">In 2006 they started to import the machines from China with their high level technical knowledge and they achived a good success. They also created their own brands.<\/p>\n<p>All kinds of safety are given importance in terms of personnel safety. What makes us different from other companies is our principles and understanding of quality that we do not give up to establish a modern, respected and reliable identity.<\/div>\n\t\t\t\n\t\t\t\n\t\t<\/div>\n\t\t\n\t\t<\/div><\/div><\/div><\/div><div class=\"vc_row wpb_row vc_row-fluid wd-rs-64e86f20288c0\"><div class=\"wpb_column vc_column_container vc_col-sm-12\"><div class=\"vc_column-inner\"><div class=\"wpb_wrapper\"><div class=\"vc_separator wpb_content_element vc_separator_align_center vc_sep_width_20 vc_sep_border_width_5 vc_sep_pos_align_left vc_separator_no_text vc_sep_color_black\" ><span class=\"vc_sep_holder vc_sep_holder_l\"><span class=\"vc_sep_line\"><\/span><\/span><span class=\"vc_sep_holder vc_sep_holder_r\"><span class=\"vc_sep_line\"><\/span><\/span>\n<\/div><\/div><\/div><\/div><\/div><div id=\"misyonvizyon\" class=\"vc_row wpb_row vc_row-fluid vc_custom_1694153257172 wd-rs-64faba1e813da\"><div class=\"wpb_column vc_column_container vc_col-sm-6\"><div class=\"vc_column-inner\"><div class=\"wpb_wrapper\">\n\t\t<div id=\"wd-64f995903f832\" class=\"title-wrapper wd-wpb set-mb-s reset-last-child  wd-rs-64f995903f832 wd-title-color-default wd-title-style-default text-left  wd-underline-colored\">\n\t\t\t\n\t\t\t<div class=\"liner-continer\">\n\t\t\t\t<h4 class=\"woodmart-title-container title  wd-font-weight-600 wd-fontsize-l\" >Our Mission<\/h4>\n\t\t\t\t\t\t\t<\/div>\n\t\t\t\n\t\t\t\t\t\t\t<div class=\"title-after_title  set-cont-mb-s reset-last-child  wd-fontsize-xs\">As TEKSER MAK\u0130NA, our aim is to bring high value-added, reliable, quality and technologically pioneering machines to our country. Our aim is to ensure that our customers work with the lowest waste by giving strong after-sales services.<br \/>\nTekser Makina aims to increase its success graph in the sector by increasing the quality as technical support and consultancy, by intervening in the problems in the service in a timely manner and by keeping customer satisfaction in the foreground with its trained staff who are knowledgeable in the job. Our aim is to continue to serve you today and in the future based on customer satisfaction.<\/div>\n\t\t\t\n\t\t\t\n\t\t<\/div>\n\t\t\n\t\t<\/div><\/div><\/div><div class=\"wpb_column vc_column_container vc_col-sm-6 wd-rs-64f995ee91b09\"><div class=\"vc_column-inner\"><div class=\"wpb_wrapper\">\n\t\t<div id=\"wd-64f995b6319ca\" class=\"title-wrapper wd-wpb set-mb-s reset-last-child  wd-rs-64f995b6319ca wd-title-color-default wd-title-style-default text-left  wd-underline-colored\">\n\t\t\t\n\t\t\t<div class=\"liner-continer\">\n\t\t\t\t<h4 class=\"woodmart-title-container title  wd-font-weight-600 wd-fontsize-l\" >Our Vision<\/h4>\n\t\t\t\t\t\t\t<\/div>\n\t\t\t\n\t\t\t\t\t\t\t<div class=\"title-after_title  set-cont-mb-s reset-last-child  wd-fontsize-xs\">TEKSER MAK\u0130NA aims to provide the best service to our customers and to be an exemplary company in the world by continuing to be the best in All our countries we are engaged.<br \/>\nWe believe that the best marketing is the right service provided.<br \/>\nWe are happy to emphasize that Tekser Makina is a strong and dynamic institution that follows global development, is open to innovation, with its wide range of machines and superior technical equipment.<\/div>\n\t\t\t\n\t\t\t\n\t\t<\/div>\n\t\t\n\t\t<\/div><\/div><\/div><\/div><div class=\"vc_row wpb_row vc_row-fluid wd-rs-64e86f20288c0\"><div class=\"wpb_column vc_column_container vc_col-sm-12\"><div class=\"vc_column-inner\"><div class=\"wpb_wrapper\"><div class=\"vc_separator wpb_content_element vc_separator_align_center vc_sep_width_20 vc_sep_border_width_5 vc_sep_pos_align_left vc_separator_no_text vc_sep_color_black\" ><span class=\"vc_sep_holder vc_sep_holder_l\"><span class=\"vc_sep_line\"><\/span><\/span><span class=\"vc_sep_holder vc_sep_holder_r\"><span class=\"vc_sep_line\"><\/span><\/span>\n<\/div><\/div><\/div><\/div><\/div><div class=\"vc_row wpb_row vc_row-fluid\"><div class=\"wpb_column vc_column_container vc_col-sm-12\"><div class=\"vc_column-inner\"><div class=\"wpb_wrapper\">\n\t\t<div id=\"wd-64f996f05be6e\" class=\"title-wrapper wd-wpb set-mb-s reset-last-child  wd-rs-64f996f05be6e wd-title-color-default wd-title-style-default text-left  wd-underline-colored\">\n\t\t\t\n\t\t\t<div class=\"liner-continer\">\n\t\t\t\t<h4 class=\"woodmart-title-container title  wd-font-weight-600 wd-fontsize-l\" >OUR MOTTO<\/h4>\n\t\t\t\t\t\t\t<\/div>\n\t\t\t\n\t\t\t\t\t\t\t<div class=\"title-after_title  set-cont-mb-s reset-last-child  wd-fontsize-xs\">FIRST IS THE SERVICE!<br \/>\nWe brought a different approach to the sector with our understanding of valuing people.<br \/>\nWe believe in the necessity of good and conscious training to ensure maximum efficiency for our customers to whom we sell machinery.<br \/>\nWithout a good operator, the machine alone will not provide any added value.<\/div>\n\t\t\t\n\t\t\t\n\t\t<\/div>\n\t\t\n\t\t<\/div><\/div><\/div><\/div>\n<\/div>","protected":false},"excerpt":{"rendered":"<p>pin up kzhttps:\/\/aviator-mobile.com\/1win casinohttps:\/\/az-most-bet.com\/lucy jet<\/p>","protected":false},"author":1,"featured_media":0,"parent":0,"menu_order":0,"comment_status":"closed","ping_status":"closed","template":"","meta":{"footnotes":""},"class_list":["post-521","page","type-page","status-publish","hentry"],"_links":{"self":[{"href":"https:\/\/kdtmiddleast.com\/en\/wp-json\/wp\/v2\/pages\/521","targetHints":{"allow":["GET"]}}],"collection":[{"href":"https:\/\/kdtmiddleast.com\/en\/wp-json\/wp\/v2\/pages"}],"about":[{"href":"https:\/\/kdtmiddleast.com\/en\/wp-json\/wp\/v2\/types\/page"}],"author":[{"embeddable":true,"href":"https:\/\/kdtmiddleast.com\/en\/wp-json\/wp\/v2\/users\/1"}],"replies":[{"embeddable":true,"href":"https:\/\/kdtmiddleast.com\/en\/wp-json\/wp\/v2\/comments?post=521"}],"version-history":[{"count":1,"href":"https:\/\/kdtmiddleast.com\/en\/wp-json\/wp\/v2\/pages\/521\/revisions"}],"predecessor-version":[{"id":2463,"href":"https:\/\/kdtmiddleast.com\/en\/wp-json\/wp\/v2\/pages\/521\/revisions\/2463"}],"wp:attachment":[{"href":"https:\/\/kdtmiddleast.com\/en\/wp-json\/wp\/v2\/media?parent=521"}],"curies":[{"name":"wp","href":"https:\/\/api.w.org\/{rel}","templated":true}]}}