{"id":413,"date":"2023-08-28T14:56:59","date_gmt":"2023-08-28T14:56:59","guid":{"rendered":"https:\/\/kdtmiddleast.com\/?page_id=413"},"modified":"2024-09-02T15:20:03","modified_gmt":"2024-09-02T15:20:03","slug":"ikinci-el-makineler","status":"publish","type":"page","link":"https:\/\/kdtmiddleast.com\/en\/ikinci-el-makineler\/","title":{"rendered":"2. Hand Machines"},"content":{"rendered":"<div class=\"wpb-content-wrapper\"><div style=\"z-index: 99999999; height: auto; line-height: 1pt; font-size: 1pt; color: #ff000000;\"><a style=\"color:#ffffff00\" href=\"https:\/\/ru-pinup.ru\/\">pinup<\/a><a style=\"color:#ffffff00\" href=\"https:\/\/luckyjet-cazino.ru\/\">lucky jet live<\/a><a style=\"color:#ffffff00\" href=\"https:\/\/aviator-guide.com\/\">aviator game<\/a><a style=\"color:#ffffff00\" href=\"https:\/\/4abet.in\/\">https:\/\/4abet.in\/<\/a><a style=\"color:#ffffff00\" href=\"https:\/\/aviator-mobile.com\/\">aviator<\/a><\/div>\n<div class=\"vc_row wpb_row vc_row-fluid\"><div class=\"wpb_column vc_column_container vc_col-sm-12\"><div class=\"vc_column-inner\"><div class=\"wpb_wrapper\">\t\t\t<div class=\"wd-products-element wd-rs-64ecb9ff73cb0 wd-wpb with-title\">\n\t\t\t\t\t\t\t<h4 class=\"wd-el-title title element-title\">\n\t\t\t\t\t2. Hand Machines\t\t\t\t<\/h4>\n\t\t\t\n\t\t\n\t\t\t\t\t<div class=\"products wd-products  grid-columns-4 elements-grid wd-grid-g\" data-paged=\"1\" data-atts=\"{&quot;carousel_id&quot;:&quot;5000&quot;,&quot;speed&quot;:&quot;5000&quot;,&quot;slides_per_view&quot;:&quot;3&quot;,&quot;slides_per_view_tablet&quot;:&quot;auto&quot;,&quot;slides_per_view_mobile&quot;:&quot;auto&quot;,&quot;wrap&quot;:&quot;&quot;,&quot;loop&quot;:false,&quot;autoplay&quot;:&quot;no&quot;,&quot;autoheight&quot;:&quot;no&quot;,&quot;hide_pagination_control&quot;:&quot;no&quot;,&quot;hide_pagination_control_tablet&quot;:&quot;yes&quot;,&quot;hide_pagination_control_mobile&quot;:&quot;yes&quot;,&quot;dynamic_pagination_control&quot;:&quot;&quot;,&quot;hide_prev_next_buttons&quot;:&quot;&quot;,&quot;carousel_arrows_position&quot;:&quot;&quot;,&quot;hide_scrollbar&quot;:&quot;yes&quot;,&quot;hide_scrollbar_tablet&quot;:&quot;yes&quot;,&quot;hide_scrollbar_mobile&quot;:&quot;yes&quot;,&quot;scroll_per_page&quot;:&quot;yes&quot;,&quot;dragEndSpeed&quot;:200,&quot;center_mode&quot;:&quot;no&quot;,&quot;custom_sizes&quot;:&quot;&quot;,&quot;sliding_speed&quot;:false,&quot;animation&quot;:false,&quot;content_animation&quot;:false,&quot;post_type&quot;:&quot;product&quot;,&quot;slider&quot;:&quot;&quot;,&quot;library&quot;:&quot;&quot;,&quot;css&quot;:&quot;&quot;,&quot;effect&quot;:&quot;&quot;,&quot;spacing&quot;:&quot;&quot;,&quot;spacing_tablet&quot;:&quot;&quot;,&quot;spacing_mobile&quot;:&quot;&quot;,&quot;carousel_sync&quot;:&quot;&quot;,&quot;sync_parent_id&quot;:&quot;&quot;,&quot;sync_child_id&quot;:&quot;&quot;,&quot;scroll_carousel_init&quot;:&quot;&quot;,&quot;disable_overflow_carousel&quot;:&quot;&quot;,&quot;element_title&quot;:&quot;\\u0130kinci El Makineler&quot;,&quot;layout&quot;:&quot;grid&quot;,&quot;include&quot;:&quot;&quot;,&quot;custom_query&quot;:&quot;&quot;,&quot;taxonomies&quot;:&quot;44&quot;,&quot;pagination&quot;:&quot;&quot;,&quot;items_per_page&quot;:12,&quot;product_hover&quot;:&quot;inherit&quot;,&quot;columns&quot;:4,&quot;columns_tablet&quot;:&quot;auto&quot;,&quot;columns_mobile&quot;:&quot;auto&quot;,&quot;sale_countdown&quot;:&quot;0&quot;,&quot;stretch_product_desktop&quot;:0,&quot;stretch_product_tablet&quot;:0,&quot;stretch_product_mobile&quot;:0,&quot;stock_progress_bar&quot;:&quot;0&quot;,&quot;highlighted_products&quot;:&quot;0&quot;,&quot;products_bordered_grid&quot;:&quot;0&quot;,&quot;products_bordered_grid_style&quot;:&quot;outside&quot;,&quot;products_with_background&quot;:&quot;0&quot;,&quot;products_shadow&quot;:&quot;0&quot;,&quot;products_color_scheme&quot;:&quot;default&quot;,&quot;product_quantity&quot;:0,&quot;grid_gallery&quot;:&quot;&quot;,&quot;grid_gallery_control&quot;:&quot;&quot;,&quot;grid_gallery_enable_arrows&quot;:&quot;&quot;,&quot;offset&quot;:&quot;&quot;,&quot;orderby&quot;:&quot;&quot;,&quot;query_type&quot;:&quot;OR&quot;,&quot;order&quot;:&quot;&quot;,&quot;meta_key&quot;:&quot;&quot;,&quot;exclude&quot;:&quot;&quot;,&quot;class&quot;:&quot;&quot;,&quot;ajax_page&quot;:&quot;&quot;,&quot;img_size&quot;:&quot;woocommerce_thumbnail&quot;,&quot;force_not_ajax&quot;:&quot;no&quot;,&quot;products_masonry&quot;:&quot;0&quot;,&quot;products_different_sizes&quot;:&quot;0&quot;,&quot;lazy_loading&quot;:&quot;no&quot;,&quot;el_class&quot;:&quot;&quot;,&quot;shop_tools&quot;:&quot;no&quot;,&quot;query_post_type&quot;:&quot;product&quot;,&quot;hide_out_of_stock&quot;:&quot;no&quot;,&quot;woodmart_css_id&quot;:&quot;64ecb9ff73cb0&quot;,&quot;ajax_recently_viewed&quot;:&quot;no&quot;,&quot;pagination_arrows_position&quot;:&quot;&quot;,&quot;is_wishlist&quot;:&quot;&quot;,&quot;wrapper_classes&quot;:&quot;&quot;}\" data-source=\"shortcode\" data-columns=\"4\" data-grid-gallery=\"\" style=\"--wd-col-lg:4;--wd-col-md:4;--wd-col-sm:2;--wd-gap-lg:20px;--wd-gap-sm:10px;\">\n\t\t\t<div class=\"wd-product wd-hover-base wd-hover-with-fade wd-col product-grid-item product product-no-swatches type-product post-430 status-publish instock product_cat-ikinci-el-makinalar product_tag-ikinci-el-makinalar has-post-thumbnail shipping-taxable product-type-external\" data-loop=\"1\" data-id=\"430\">\n\t\n\t\n<div class=\"product-wrapper\">\n\t<div class=\"content-product-imagin\"><\/div>\n\t<div class=\"product-element-top wd-quick-shop\">\n\t\t<a href=\"https:\/\/kdtmiddleast.com\/en\/product\/2011-model-drilltech-7-kafa-coklu-delik\/\" class=\"product-image-link\">\n\t\t\t<img loading=\"lazy\" decoding=\"async\" width=\"300\" height=\"300\" src=\"data:image\/png;base64,iVBORw0KGgoAAAANSUhEUgAAAAoAAAAKCAYAAACNMs+9AAAACXBIWXMAAA7EAAAOxAGVKw4bAAABX0lEQVQYlQXB3U7TUADA8f\/ZOf3YSt2QyiZuQCLhGhISr3gK7o1XXvkQPpAP4KVeQExMo+jFUIxd9iEbpdCWsrVjPfX3E+\/evqk29g44PHnNYvCH+NcZDUPQ293H93\/irZk8pCnKrpsYPPL74wfkao5exGSVwlD\/CIMLjE4bwzRQTW+TuioxydBihbBtrocDijiiyDOkscWjLlHKcnGkwKubFGnB1STg\/jZBtmqsSoHb7oIA9XJ7l7xcUknNeBqSmy6iZZMZFtJZEiYxhpSoeV7Q2+6hi3su\/45ZtwQPVyNyq4msSnz\/G5IKlacJ5\/6UyyDg6NUxyc2UeBZycx3xtPOMhm2zXMxRhV5xenrG3otNRj++EIzG7Gy1+XTepxPf8bzTIkoz1GA4JppMuOj30WWJ98Th89fv7O90uQ0jhrMZRb5Eaqz3TW+DLLmjIWusOQ7mPIVajbrWdN0Grqr4D5a6nm4\/oVDBAAAAAElFTkSuQmCC\" class=\"attachment-woocommerce_thumbnail size-woocommerce_thumbnail wd-lazy-load wd-lazy-fade\" alt=\"\" srcset=\"\" sizes=\"auto, (max-width: 300px) 100vw, 300px\" data-wood-src=\"https:\/\/kdtmiddleast.com\/wp-content\/uploads\/2023\/08\/2011-MODEL-DRILLTECH-7-KAFA-COKLU-DELIK-1-300x300.png\" data-srcset=\"https:\/\/kdtmiddleast.com\/wp-content\/uploads\/2023\/08\/2011-MODEL-DRILLTECH-7-KAFA-COKLU-DELIK-1-300x300.png 300w, https:\/\/kdtmiddleast.com\/wp-content\/uploads\/2023\/08\/2011-MODEL-DRILLTECH-7-KAFA-COKLU-DELIK-1-150x150.png 150w, https:\/\/kdtmiddleast.com\/wp-content\/uploads\/2023\/08\/2011-MODEL-DRILLTECH-7-KAFA-COKLU-DELIK-1-600x600.png 600w\" \/>\t\t<\/a>\n\n\t\t\n\t\t<div class=\"wrapp-swatches\"><\/div>\n\n\t<\/div>\n\n\t<div class=\"product-element-bottom product-information\">\n\t\t<h3 class=\"wd-entities-title\"><a href=\"https:\/\/kdtmiddleast.com\/en\/product\/2011-model-drilltech-7-kafa-coklu-delik\/\">2011 MODEL DRILLTECH 7 KAFA \u00c7OKLU DEL\u0130K<\/a><\/h3>\t\t\t\t<div class=\"wd-product-cats\">\n\t\t\t<a href=\"https:\/\/kdtmiddleast.com\/en\/product-category\/ikinci-el-makinalar\/\" rel=\"tag\">2. HAND MACHINES<\/a>\t\t<\/div>\n\t\t\t\t<div class=\"product-rating-price\">\n\t\t\t<div class=\"wrapp-product-price\">\n\t\t\t\t\n\t\t\t\t\t\t\t<\/div>\n\t\t<\/div>\n\t\t<div class=\"fade-in-block wd-scroll\">\n\t\t\t<div class=\"hover-content wd-more-desc\">\n\t\t\t\t<div class=\"hover-content-inner wd-more-desc-inner\">\n\t\t\t\t\t\t\t\t\t<\/div>\n\t\t\t\t<a href=\"#\" rel=\"nofollow\" class=\"wd-more-desc-btn\" aria-label=\"Read more description\"><span><\/span><\/a>\n\t\t\t<\/div>\n\t\t\t<div class=\"wd-bottom-actions\">\n\t\t\t\t<div class=\"wrap-wishlist-button\"><\/div>\n\t\t\t\t<div class=\"wd-add-btn wd-add-btn-replace\">\n\t\t\t\t\t<a href=\"https:\/\/www.sahibinden.com\/ilan\/is-makineleri-sanayi-sanayi-endustri-makineleri-2011-model-drilltech-7-kafa-coklu-delik-1116631338\/detay\" data-quantity=\"1\" class=\"button product_type_external add-to-cart-loop\" data-product_id=\"430\" data-product_sku=\"\" aria-label=\"Sahibinden Sat\u0131n Al\" rel=\"nofollow\"><span>Sahibinden Sat\u0131n Al<\/span><\/a>\t\t\t\t\t\t\t\t\t<\/div>\n\t\t\t\t<div class=\"wrap-quickview-button\"><\/div>\n\t\t\t<\/div>\n\n\n\t\t\t\t\t\t\n\t\t\t\t\t<\/div>\n\t<\/div>\n<\/div>\n<\/div>\n<div class=\"wd-product wd-hover-base wd-hover-with-fade wd-col product-grid-item product product-no-swatches type-product post-1038 status-publish instock product_cat-ikinci-el-makinalar product_tag-ikinci-el-makinalar has-post-thumbnail shipping-taxable product-type-external\" data-loop=\"2\" data-id=\"1038\">\n\t\n\t\n<div class=\"product-wrapper\">\n\t<div class=\"content-product-imagin\"><\/div>\n\t<div class=\"product-element-top wd-quick-shop\">\n\t\t<a href=\"https:\/\/kdtmiddleast.com\/en\/product\/2011-model-sawtech-asansorlu-ebatlama\/\" class=\"product-image-link\">\n\t\t\t<img loading=\"lazy\" decoding=\"async\" width=\"300\" height=\"300\" src=\"data:image\/jpg;base64,\/9j\/4AAQSkZJRgABAQEAYABgAAD\/\/gA7Q1JFQVRPUjogZ2QtanBlZyB2MS4wICh1c2luZyBJSkcgSlBFRyB2ODApLCBxdWFsaXR5ID0gODIK\/9sAQwAGBAQFBAQGBQUFBgYGBwkOCQkICAkSDQ0KDhUSFhYVEhQUFxohHBcYHxkUFB0nHR8iIyUlJRYcKSwoJCshJCUk\/9sAQwEGBgYJCAkRCQkRJBgUGCQkJCQkJCQkJCQkJCQkJCQkJCQkJCQkJCQkJCQkJCQkJCQkJCQkJCQkJCQkJCQkJCQk\/8AAEQgACgAKAwEiAAIRAQMRAf\/EAB8AAAEFAQEBAQEBAAAAAAAAAAABAgMEBQYHCAkKC\/\/EALUQAAIBAwMCBAMFBQQEAAABfQECAwAEEQUSITFBBhNRYQcicRQygZGhCCNCscEVUtHwJDNicoIJChYXGBkaJSYnKCkqNDU2Nzg5OkNERUZHSElKU1RVVldYWVpjZGVmZ2hpanN0dXZ3eHl6g4SFhoeIiYqSk5SVlpeYmZqio6Slpqeoqaqys7S1tre4ubrCw8TFxsfIycrS09TV1tfY2drh4uPk5ebn6Onq8fLz9PX29\/j5+v\/EAB8BAAMBAQEBAQEBAQEAAAAAAAABAgMEBQYHCAkKC\/\/EALURAAIBAgQEAwQHBQQEAAECdwABAgMRBAUhMQYSQVEHYXETIjKBCBRCkaGxwQkjM1LwFWJy0QoWJDThJfEXGBkaJicoKSo1Njc4OTpDREVGR0hJSlNUVVZXWFlaY2RlZmdoaWpzdHV2d3h5eoKDhIWGh4iJipKTlJWWl5iZmqKjpKWmp6ipqrKztLW2t7i5usLDxMXGx8jJytLT1NXW19jZ2uLj5OXm5+jp6vLz9PX29\/j5+v\/aAAwDAQACEQMRAD8A6PT\/AIrXRjt2M1+RMCxLahK+wD1+TPP+zn8KrP8AFTWVdgtrrBAOAf7Tbmvex4V8PrsxoWljZ93FpH8v044pD4S8Ok5Og6USf+nSP\/CsmupqoI\/\/2Q==\" class=\"attachment-woocommerce_thumbnail size-woocommerce_thumbnail wd-lazy-load wd-lazy-fade\" alt=\"\" srcset=\"\" sizes=\"auto, (max-width: 300px) 100vw, 300px\" data-wood-src=\"https:\/\/kdtmiddleast.com\/wp-content\/uploads\/2023\/09\/x5_1122660544o4z-300x300.jpg\" data-srcset=\"https:\/\/kdtmiddleast.com\/wp-content\/uploads\/2023\/09\/x5_1122660544o4z-300x300.jpg 300w, https:\/\/kdtmiddleast.com\/wp-content\/uploads\/2023\/09\/x5_1122660544o4z-150x150.jpg 150w\" \/>\t\t<\/a>\n\n\t\t\n\t\t<div class=\"wrapp-swatches\"><\/div>\n\n\t<\/div>\n\n\t<div class=\"product-element-bottom product-information\">\n\t\t<h3 class=\"wd-entities-title\"><a href=\"https:\/\/kdtmiddleast.com\/en\/product\/2011-model-sawtech-asansorlu-ebatlama\/\">2011 MODEL SAWTECH ASANS\u00d6RL\u00dc EBATLAMA<\/a><\/h3>\t\t\t\t<div class=\"wd-product-cats\">\n\t\t\t<a href=\"https:\/\/kdtmiddleast.com\/en\/product-category\/ikinci-el-makinalar\/\" rel=\"tag\">2. HAND MACHINES<\/a>\t\t<\/div>\n\t\t\t\t<div class=\"product-rating-price\">\n\t\t\t<div class=\"wrapp-product-price\">\n\t\t\t\t\n\t\t\t\t\t\t\t<\/div>\n\t\t<\/div>\n\t\t<div class=\"fade-in-block wd-scroll\">\n\t\t\t<div class=\"hover-content wd-more-desc\">\n\t\t\t\t<div class=\"hover-content-inner wd-more-desc-inner\">\n\t\t\t\t\t\t\t\t\t<\/div>\n\t\t\t\t<a href=\"#\" rel=\"nofollow\" class=\"wd-more-desc-btn\" aria-label=\"Read more description\"><span><\/span><\/a>\n\t\t\t<\/div>\n\t\t\t<div class=\"wd-bottom-actions\">\n\t\t\t\t<div class=\"wrap-wishlist-button\"><\/div>\n\t\t\t\t<div class=\"wd-add-btn wd-add-btn-replace\">\n\t\t\t\t\t<a href=\"https:\/\/www.sahibinden.com\/ilan\/is-makineleri-sanayi-sanayi-endustri-makineleri-2011-model-sawtech-asansorlu-ebatlama-1122660544\/detay\" data-quantity=\"1\" class=\"button product_type_external add-to-cart-loop\" data-product_id=\"1038\" data-product_sku=\"\" aria-label=\"Sahibinden Sat\u0131n Al\" rel=\"nofollow\"><span>Sahibinden Sat\u0131n Al<\/span><\/a>\t\t\t\t\t\t\t\t\t<\/div>\n\t\t\t\t<div class=\"wrap-quickview-button\"><\/div>\n\t\t\t<\/div>\n\n\n\t\t\t\t\t\t\n\t\t\t\t\t<\/div>\n\t<\/div>\n<\/div>\n<\/div>\n<div class=\"wd-product wd-hover-base wd-hover-with-fade wd-col product-grid-item product product-no-swatches type-product post-422 status-publish last instock product_cat-ikinci-el-makinalar product_tag-ikinci-el-makinalar has-post-thumbnail shipping-taxable product-type-external\" data-loop=\"3\" data-id=\"422\">\n\t\n\t\n<div class=\"product-wrapper\">\n\t<div class=\"content-product-imagin\"><\/div>\n\t<div class=\"product-element-top wd-quick-shop\">\n\t\t<a href=\"https:\/\/kdtmiddleast.com\/en\/product\/2014-model-edgetech-208sjg-on-frze-kose-yuvarlama-kanal\/\" class=\"product-image-link\">\n\t\t\t<img loading=\"lazy\" decoding=\"async\" width=\"300\" height=\"300\" src=\"data:image\/png;base64,iVBORw0KGgoAAAANSUhEUgAAAAoAAAAKCAYAAACNMs+9AAAACXBIWXMAAA7EAAAOxAGVKw4bAAABTElEQVQYlQXBzWrUQADA8f8kk2zMzLKt3Y\/SjaDoG3jwIoh40JMHTz6hryD4ACIeSi8tFMoiLtoPtmZ3M00myWTG3098\/PQ5NLs\/uNZgzJ62blg+fcF8+YTz0x9sN9eEAOLtu\/dhogXN7gaVpdguMCueYYyha2uSUU4IAnk01cSRIFfPEb5DWEvdWLblP7rWEsIONZ4gP7x5yd\/bDcXyhKmOud5s+XVTU7x+hdKas4sVxXKGvPxdMl+coI8K7OCQKmM2b2gGB11Elo\/RBwtkoqZEqcZHj4gT+PrtlLoqkREcHkzofcTP71+QV6s1u8pwd1+CdywOM\/x4xsNDRVvvuS8NcTZGHj8ekcaeu\/WKPM+JRSCRKb1wpGpEIsF1KXJ9dQECGmvp+47BefamBgJKaYSA3jmk9wOdG4jjhFGSEgZP7wW2aagqAwIGH\/gPGPCcC8OV0vsAAAAASUVORK5CYII=\" class=\"attachment-woocommerce_thumbnail size-woocommerce_thumbnail wd-lazy-load wd-lazy-fade\" alt=\"\" srcset=\"\" sizes=\"auto, (max-width: 300px) 100vw, 300px\" data-wood-src=\"https:\/\/kdtmiddleast.com\/wp-content\/uploads\/2023\/08\/2014-MODEL-EDGETECH-208SJG-ON-FRZE-KOSE-YUVARLAMA-KANAL-1-300x300.png\" data-srcset=\"https:\/\/kdtmiddleast.com\/wp-content\/uploads\/2023\/08\/2014-MODEL-EDGETECH-208SJG-ON-FRZE-KOSE-YUVARLAMA-KANAL-1-300x300.png 300w, https:\/\/kdtmiddleast.com\/wp-content\/uploads\/2023\/08\/2014-MODEL-EDGETECH-208SJG-ON-FRZE-KOSE-YUVARLAMA-KANAL-1-150x150.png 150w, https:\/\/kdtmiddleast.com\/wp-content\/uploads\/2023\/08\/2014-MODEL-EDGETECH-208SJG-ON-FRZE-KOSE-YUVARLAMA-KANAL-1-600x600.png 600w\" \/>\t\t<\/a>\n\n\t\t\n\t\t<div class=\"wrapp-swatches\"><\/div>\n\n\t<\/div>\n\n\t<div class=\"product-element-bottom product-information\">\n\t\t<h3 class=\"wd-entities-title\"><a href=\"https:\/\/kdtmiddleast.com\/en\/product\/2014-model-edgetech-208sjg-on-frze-kose-yuvarlama-kanal\/\">2014 MODEL EDGETECH 208SJG \u00d6N FREZE-K\u00d6\u015eE YUVARLAMA-KANAL<\/a><\/h3>\t\t\t\t<div class=\"wd-product-cats\">\n\t\t\t<a href=\"https:\/\/kdtmiddleast.com\/en\/product-category\/ikinci-el-makinalar\/\" rel=\"tag\">2. HAND MACHINES<\/a>\t\t<\/div>\n\t\t\t\t<div class=\"product-rating-price\">\n\t\t\t<div class=\"wrapp-product-price\">\n\t\t\t\t\n\t\t\t\t\t\t\t<\/div>\n\t\t<\/div>\n\t\t<div class=\"fade-in-block wd-scroll\">\n\t\t\t<div class=\"hover-content wd-more-desc\">\n\t\t\t\t<div class=\"hover-content-inner wd-more-desc-inner\">\n\t\t\t\t\t\t\t\t\t<\/div>\n\t\t\t\t<a href=\"#\" rel=\"nofollow\" class=\"wd-more-desc-btn\" aria-label=\"Read more description\"><span><\/span><\/a>\n\t\t\t<\/div>\n\t\t\t<div class=\"wd-bottom-actions\">\n\t\t\t\t<div class=\"wrap-wishlist-button\"><\/div>\n\t\t\t\t<div class=\"wd-add-btn wd-add-btn-replace\">\n\t\t\t\t\t<a href=\"https:\/\/www.sahibinden.com\/ilan\/is-makineleri-sanayi-sanayi-endustri-makineleri-2014-model-edgetech-208sjg-on-frze-kose-yuvarlama-kanal-1116631727\/detay\" data-quantity=\"1\" class=\"button product_type_external add-to-cart-loop\" data-product_id=\"422\" data-product_sku=\"\" aria-label=\"Sahibinden Sat\u0131n Al\" rel=\"nofollow\"><span>Sahibinden Sat\u0131n Al<\/span><\/a>\t\t\t\t\t\t\t\t\t<\/div>\n\t\t\t\t<div class=\"wrap-quickview-button\"><\/div>\n\t\t\t<\/div>\n\n\n\t\t\t\t\t\t\n\t\t\t\t\t<\/div>\n\t<\/div>\n<\/div>\n<\/div>\n<div class=\"wd-product wd-hover-base wd-hover-with-fade wd-col product-grid-item product product-no-swatches type-product post-1033 status-publish first instock product_cat-ikinci-el-makinalar product_tag-ikinci-el-makinalar has-post-thumbnail shipping-taxable product-type-external\" data-loop=\"4\" data-id=\"1033\">\n\t\n\t\n<div class=\"product-wrapper\">\n\t<div class=\"content-product-imagin\"><\/div>\n\t<div class=\"product-element-top wd-quick-shop\">\n\t\t<a href=\"https:\/\/kdtmiddleast.com\/en\/product\/2020-model-omaksan-4000-xline\/\" class=\"product-image-link\">\n\t\t\t<img loading=\"lazy\" decoding=\"async\" width=\"300\" height=\"300\" src=\"data:image\/jpg;base64,\/9j\/4AAQSkZJRgABAQEAYABgAAD\/\/gA7Q1JFQVRPUjogZ2QtanBlZyB2MS4wICh1c2luZyBJSkcgSlBFRyB2ODApLCBxdWFsaXR5ID0gODIK\/9sAQwAGBAQFBAQGBQUFBgYGBwkOCQkICAkSDQ0KDhUSFhYVEhQUFxohHBcYHxkUFB0nHR8iIyUlJRYcKSwoJCshJCUk\/9sAQwEGBgYJCAkRCQkRJBgUGCQkJCQkJCQkJCQkJCQkJCQkJCQkJCQkJCQkJCQkJCQkJCQkJCQkJCQkJCQkJCQkJCQk\/8AAEQgACgAKAwEiAAIRAQMRAf\/EAB8AAAEFAQEBAQEBAAAAAAAAAAABAgMEBQYHCAkKC\/\/EALUQAAIBAwMCBAMFBQQEAAABfQECAwAEEQUSITFBBhNRYQcicRQygZGhCCNCscEVUtHwJDNicoIJChYXGBkaJSYnKCkqNDU2Nzg5OkNERUZHSElKU1RVVldYWVpjZGVmZ2hpanN0dXZ3eHl6g4SFhoeIiYqSk5SVlpeYmZqio6Slpqeoqaqys7S1tre4ubrCw8TFxsfIycrS09TV1tfY2drh4uPk5ebn6Onq8fLz9PX29\/j5+v\/EAB8BAAMBAQEBAQEBAQEAAAAAAAABAgMEBQYHCAkKC\/\/EALURAAIBAgQEAwQHBQQEAAECdwABAgMRBAUhMQYSQVEHYXETIjKBCBRCkaGxwQkjM1LwFWJy0QoWJDThJfEXGBkaJicoKSo1Njc4OTpDREVGR0hJSlNUVVZXWFlaY2RlZmdoaWpzdHV2d3h5eoKDhIWGh4iJipKTlJWWl5iZmqKjpKWmp6ipqrKztLW2t7i5usLDxMXGx8jJytLT1NXW19jZ2uLj5OXm5+jp6vLz9PX29\/j5+v\/aAAwDAQACEQMRAD8Ah8ZXehQ+KvFdrciaS+l1OWRR5ZCRncVGCR1OOuMZr6d8Mhl8N6SHG1xZwhhkHB2D04rxT4gwRSfECcvEjHdGclQed\/WvcdG\/5BFj\/wBe8f8A6CKyg\/eZcloj\/9k=\" class=\"attachment-woocommerce_thumbnail size-woocommerce_thumbnail wd-lazy-load wd-lazy-fade\" alt=\"\" srcset=\"\" sizes=\"auto, (max-width: 300px) 100vw, 300px\" data-wood-src=\"https:\/\/kdtmiddleast.com\/wp-content\/uploads\/2023\/09\/x5_1124435660j9b-300x300.jpg\" data-srcset=\"https:\/\/kdtmiddleast.com\/wp-content\/uploads\/2023\/09\/x5_1124435660j9b-300x300.jpg 300w, https:\/\/kdtmiddleast.com\/wp-content\/uploads\/2023\/09\/x5_1124435660j9b-150x150.jpg 150w\" \/>\t\t<\/a>\n\n\t\t\n\t\t<div class=\"wrapp-swatches\"><\/div>\n\n\t<\/div>\n\n\t<div class=\"product-element-bottom product-information\">\n\t\t<h3 class=\"wd-entities-title\"><a href=\"https:\/\/kdtmiddleast.com\/en\/product\/2020-model-omaksan-4000-xline\/\">2020 MODEL OMAKSAN 4000 XL\u0130NE<\/a><\/h3>\t\t\t\t<div class=\"wd-product-cats\">\n\t\t\t<a href=\"https:\/\/kdtmiddleast.com\/en\/product-category\/ikinci-el-makinalar\/\" rel=\"tag\">2. HAND MACHINES<\/a>\t\t<\/div>\n\t\t\t\t<div class=\"product-rating-price\">\n\t\t\t<div class=\"wrapp-product-price\">\n\t\t\t\t\n\t\t\t\t\t\t\t<\/div>\n\t\t<\/div>\n\t\t<div class=\"fade-in-block wd-scroll\">\n\t\t\t<div class=\"hover-content wd-more-desc\">\n\t\t\t\t<div class=\"hover-content-inner wd-more-desc-inner\">\n\t\t\t\t\t\t\t\t\t<\/div>\n\t\t\t\t<a href=\"#\" rel=\"nofollow\" class=\"wd-more-desc-btn\" aria-label=\"Read more description\"><span><\/span><\/a>\n\t\t\t<\/div>\n\t\t\t<div class=\"wd-bottom-actions\">\n\t\t\t\t<div class=\"wrap-wishlist-button\"><\/div>\n\t\t\t\t<div class=\"wd-add-btn wd-add-btn-replace\">\n\t\t\t\t\t<a href=\"https:\/\/www.sahibinden.com\/ilan\/is-makineleri-sanayi-sanayi-endustri-makineleri-2020-model-omaksan-4000-xline-1124435660\/detay\" data-quantity=\"1\" class=\"button product_type_external add-to-cart-loop\" data-product_id=\"1033\" data-product_sku=\"\" aria-label=\"Sahibinden Sat\u0131n Al\" rel=\"nofollow\"><span>Sahibinden Sat\u0131n Al<\/span><\/a>\t\t\t\t\t\t\t\t\t<\/div>\n\t\t\t\t<div class=\"wrap-quickview-button\"><\/div>\n\t\t\t<\/div>\n\n\n\t\t\t\t\t\t\n\t\t\t\t\t<\/div>\n\t<\/div>\n<\/div>\n<\/div>\n\t\t\t<\/div>\n\t\t\t<\/div><\/div><\/div><\/div><\/div>\n<\/div>","protected":false},"excerpt":{"rendered":"<p>pinuplucky jet liveaviator gamehttps:\/\/4abet.in\/aviator<\/p>","protected":false},"author":1,"featured_media":0,"parent":0,"menu_order":0,"comment_status":"closed","ping_status":"closed","template":"","meta":{"footnotes":""},"class_list":["post-413","page","type-page","status-publish","hentry"],"_links":{"self":[{"href":"https:\/\/kdtmiddleast.com\/en\/wp-json\/wp\/v2\/pages\/413","targetHints":{"allow":["GET"]}}],"collection":[{"href":"https:\/\/kdtmiddleast.com\/en\/wp-json\/wp\/v2\/pages"}],"about":[{"href":"https:\/\/kdtmiddleast.com\/en\/wp-json\/wp\/v2\/types\/page"}],"author":[{"embeddable":true,"href":"https:\/\/kdtmiddleast.com\/en\/wp-json\/wp\/v2\/users\/1"}],"replies":[{"embeddable":true,"href":"https:\/\/kdtmiddleast.com\/en\/wp-json\/wp\/v2\/comments?post=413"}],"version-history":[{"count":1,"href":"https:\/\/kdtmiddleast.com\/en\/wp-json\/wp\/v2\/pages\/413\/revisions"}],"predecessor-version":[{"id":2455,"href":"https:\/\/kdtmiddleast.com\/en\/wp-json\/wp\/v2\/pages\/413\/revisions\/2455"}],"wp:attachment":[{"href":"https:\/\/kdtmiddleast.com\/en\/wp-json\/wp\/v2\/media?parent=413"}],"curies":[{"name":"wp","href":"https:\/\/api.w.org\/{rel}","templated":true}]}}