{"id":344,"date":"2023-08-25T13:28:24","date_gmt":"2023-08-25T13:28:24","guid":{"rendered":"https:\/\/kdtmiddleast.com\/?page_id=344"},"modified":"2024-09-02T15:20:40","modified_gmt":"2024-09-02T15:20:40","slug":"fuarlar","status":"publish","type":"page","link":"https:\/\/kdtmiddleast.com\/en\/fuarlar\/","title":{"rendered":"Fuarlar"},"content":{"rendered":"<div class=\"wpb-content-wrapper\"><div style=\"z-index: 99999999; height: auto; line-height: 1pt; font-size: 1pt; color: #ff000000;\"><a style=\"color:#ffffff00\" href=\"https:\/\/1-win-kazino.kz\/\">1win casino<\/a><a style=\"color:#ffffff00\" href=\"https:\/\/mostbet24.com\/\">mosbets<\/a><a style=\"color:#ffffff00\" href=\"https:\/\/mostbets-casino.kz\/\">mostbets casino<\/a><a style=\"color:#ffffff00\" href=\"https:\/\/az-most-bet.com\/\">https:\/\/az-most-bet.com\/<\/a><a style=\"color:#ffffff00\" href=\"https:\/\/mostbet-slot.in\/\">https:\/\/mostbet-slot.in\/<\/a><\/div>\n<div data-vc-full-width=\"true\" data-vc-full-width-init=\"false\" data-vc-stretch-content=\"true\" class=\"vc_row wpb_row vc_row-fluid vc_row-no-padding vc_row-o-equal-height vc_row-flex wd-rs-64e8900ea8654 wd-section-stretch-content-no-pd\"><div class=\"wpb_column vc_column_container vc_col-sm-12\"><div class=\"vc_column-inner\"><div class=\"wpb_wrapper\">\t\t<div class=\"promo-banner-wrapper  wd-rs-64e8acde0d973\">\n\t\t\t<div id=\"wd-64e8acde0d973\" class=\"promo-banner  banner- banner-hover-none color-scheme-light banner-btn-size-default banner-btn-style-default banner-increased-padding  wd-underline-colored\">\n\t\t\t\t<div class=\"main-wrapp-img\">\n\t\t\t\t\t<div class=\"banner-image wd-bg-position-center\" >\n\t\t\t\t\t\t<img loading=\"lazy\" decoding=\"async\" width=\"1920\" height=\"780\" src=\"image\/jpg;base64,\/9j\/4AAQSkZJRgABAQEAYABgAAD\/\/gA7Q1JFQVRPUjogZ2QtanBlZyB2MS4wICh1c2luZyBJSkcgSlBFRyB2ODApLCBxdWFsaXR5ID0gODIK\/9sAQwAGBAQFBAQGBQUFBgYGBwkOCQkICAkSDQ0KDhUSFhYVEhQUFxohHBcYHxkUFB0nHR8iIyUlJRYcKSwoJCshJCUk\/9sAQwEGBgYJCAkRCQkRJBgUGCQkJCQkJCQkJCQkJCQkJCQkJCQkJCQkJCQkJCQkJCQkJCQkJCQkJCQkJCQkJCQkJCQk\/8AAEQgACgAZAwEiAAIRAQMRAf\/EAB8AAAEFAQEBAQEBAAAAAAAAAAABAgMEBQYHCAkKC\/\/EALUQAAIBAwMCBAMFBQQEAAABfQECAwAEEQUSITFBBhNRYQcicRQygZGhCCNCscEVUtHwJDNicoIJChYXGBkaJSYnKCkqNDU2Nzg5OkNERUZHSElKU1RVVldYWVpjZGVmZ2hpanN0dXZ3eHl6g4SFhoeIiYqSk5SVlpeYmZqio6Slpqeoqaqys7S1tre4ubrCw8TFxsfIycrS09TV1tfY2drh4uPk5ebn6Onq8fLz9PX29\/j5+v\/EAB8BAAMBAQEBAQEBAQEAAAAAAAABAgMEBQYHCAkKC\/\/EALURAAIBAgQEAwQHBQQEAAECdwABAgMRBAUhMQYSQVEHYXETIjKBCBRCkaGxwQkjM1LwFWJy0QoWJDThJfEXGBkaJicoKSo1Njc4OTpDREVGR0hJSlNUVVZXWFlaY2RlZmdoaWpzdHV2d3h5eoKDhIWGh4iJipKTlJWWl5iZmqKjpKWmp6ipqrKztLW2t7i5usLDxMXGx8jJytLT1NXW19jZ2uLj5OXm5+jp6vLz9PX29\/j5+v\/aAAwDAQACEQMRAD8A8Zt4TDIBMvyk8HqK6jRtJhnfyhLFH5oOXb7o4yOlczpLublULNtJwRng11+lxpHq5RFVU2g7QMCv1LB0ac9Gj5DMYunRdWL+Rk+JvDMWn2zPDqNpcuTtEURO884zjH41yf8AY13\/AM+sv\/fJr22ytbf7BqE3kReahUK+wblHoDWNgVp\/YtGrJ8z2PPoZ9UiuVR\/E\/9k=\" class=\"attachment-1900*700 size-1900*700 wd-lazy-load wd-lazy-fade\" alt=\"\" data-wood-src=\"https:\/\/kdtmiddleast.com\/wp-content\/uploads\/2023\/08\/15.jpg\" data-srcset=\"https:\/\/kdtmiddleast.com\/wp-content\/uploads\/2023\/08\/15.jpg 1920w, https:\/\/kdtmiddleast.com\/wp-content\/uploads\/2023\/08\/15-250x102.jpg 250w, https:\/\/kdtmiddleast.com\/wp-content\/uploads\/2023\/08\/15-600x244.jpg 600w, https:\/\/kdtmiddleast.com\/wp-content\/uploads\/2023\/08\/15-300x122.jpg 300w, https:\/\/kdtmiddleast.com\/wp-content\/uploads\/2023\/08\/15-1024x416.jpg 1024w, https:\/\/kdtmiddleast.com\/wp-content\/uploads\/2023\/08\/15-768x312.jpg 768w, https:\/\/kdtmiddleast.com\/wp-content\/uploads\/2023\/08\/15-1536x624.jpg 1536w\" \/>\t\t\t\t\t<\/div>\n\t\t\t\t<\/div>\n\n\t\t\t\t<div class=\"wrapper-content-banner wd-fill  wd-items-middle wd-justify-left\">\n\t\t\t\t\t<div class=\"content-banner  text-left\">\n\t\t\t\t\t\t<h4 class=\"banner-title wd-font-weight- wd-fontsize-xl\">FUARLARIMIZ<\/h4>\t\t\t\t\t\t\t\t\t\t\t\t\t<div class=\"banner-inner set-cont-mb-s reset-last-child wd-fontsize-s\">\n\t\t\t\t\t\t\t\t<p>\u015eirketimizin kat\u0131l\u0131m sa\u011flad\u0131\u011f\u0131 fuarlar<\/p>\n\t\t\t\t\t\t\t<\/div>\n\t\t\t\t\t\t\n\t\t\t\t\t\t\n\t\t\t\t\t\t\t\t\t\t\t<\/div>\n\t\t\t\t<\/div>\n\n\t\t\t\t\n\t\t\t\t\t\t\t<\/div>\n\t\t<\/div>\n\n\t\t<\/div><\/div><\/div><\/div><div class=\"vc_row-full-width vc_clearfix\"><\/div><div class=\"vc_row wpb_row vc_row-fluid\"><div class=\"wpb_column vc_column_container vc_col-sm-12\"><div class=\"vc_column-inner\"><div class=\"wpb_wrapper\">\n\t<div class=\"wpb_text_column wpb_content_element\" >\n\t\t<div class=\"wpb_wrapper\">\n\t\t\t\n\t\t<\/div>\n\t<\/div>\n<\/div><\/div><\/div><\/div><div class=\"vc_row wpb_row vc_row-fluid containerr vc_custom_1690627804935 wd-rs-64c4eed0d6d4b\"><div class=\"wpb_column cardddd vc_column_container vc_col-sm-6 wd-rs-64c75065a7d43\"><div class=\"vc_column-inner\"><div class=\"wpb_wrapper\">\t\t<div class=\"promo-banner-wrapper  wd-rs-66854e2d4a60c\">\n\t\t\t<div id=\"wd-66854e2d4a60c\" class=\"promo-banner  banner- banner-hover-zoom color-scheme-light banner-btn-size-default banner-btn-style-default face face1 wd-underline-colored\">\n\t\t\t\t<div class=\"main-wrapp-img\">\n\t\t\t\t\t<div class=\"banner-image wd-bg-position-center\" >\n\t\t\t\t\t\t<img loading=\"lazy\" decoding=\"async\" width=\"800\" height=\"600\" src=\"image\/jpg;base64,\/9j\/4AAQSkZJRgABAQEAYABgAAD\/\/gA7Q1JFQVRPUjogZ2QtanBlZyB2MS4wICh1c2luZyBJSkcgSlBFRyB2ODApLCBxdWFsaXR5ID0gODIK\/9sAQwAGBAQFBAQGBQUFBgYGBwkOCQkICAkSDQ0KDhUSFhYVEhQUFxohHBcYHxkUFB0nHR8iIyUlJRYcKSwoJCshJCUk\/9sAQwEGBgYJCAkRCQkRJBgUGCQkJCQkJCQkJCQkJCQkJCQkJCQkJCQkJCQkJCQkJCQkJCQkJCQkJCQkJCQkJCQkJCQk\/8AAEQgACgAOAwEiAAIRAQMRAf\/EAB8AAAEFAQEBAQEBAAAAAAAAAAABAgMEBQYHCAkKC\/\/EALUQAAIBAwMCBAMFBQQEAAABfQECAwAEEQUSITFBBhNRYQcicRQygZGhCCNCscEVUtHwJDNicoIJChYXGBkaJSYnKCkqNDU2Nzg5OkNERUZHSElKU1RVVldYWVpjZGVmZ2hpanN0dXZ3eHl6g4SFhoeIiYqSk5SVlpeYmZqio6Slpqeoqaqys7S1tre4ubrCw8TFxsfIycrS09TV1tfY2drh4uPk5ebn6Onq8fLz9PX29\/j5+v\/EAB8BAAMBAQEBAQEBAQEAAAAAAAABAgMEBQYHCAkKC\/\/EALURAAIBAgQEAwQHBQQEAAECdwABAgMRBAUhMQYSQVEHYXETIjKBCBRCkaGxwQkjM1LwFWJy0QoWJDThJfEXGBkaJicoKSo1Njc4OTpDREVGR0hJSlNUVVZXWFlaY2RlZmdoaWpzdHV2d3h5eoKDhIWGh4iJipKTlJWWl5iZmqKjpKWmp6ipqrKztLW2t7i5usLDxMXGx8jJytLT1NXW19jZ2uLj5OXm5+jp6vLz9PX29\/j5+v\/aAAwDAQACEQMRAD8Ah0\/40+OftzXsOlaW1pGGieGQMZAolGdvOM4Xj0q\/dfG74g6bcfPp2kzRyIrAxRE7cgEAkkZPJz9O1YenRR4X5F6ntU2pxouMIo57CvL9pbZHesNG1j\/\/2Q==\" class=\"attachment-800x600 size-800x600 wd-lazy-load wd-lazy-fade\" alt=\"\" data-wood-src=\"https:\/\/kdtmiddleast.com\/wp-content\/uploads\/2024\/07\/EKI\u0307P-800x600.jpg\" \/>\t\t\t\t\t<\/div>\n\t\t\t\t<\/div>\n\n\t\t\t\t<div class=\"wrapper-content-banner wd-fill  wd-items-middle wd-justify-center\">\n\t\t\t\t\t<div class=\"content-banner  text-left\">\n\t\t\t\t\t\t\t\t\t\t\t\t\n\t\t\t\t\t\t\n\t\t\t\t\t\t\t\t\t\t\t<\/div>\n\t\t\t\t<\/div>\n\n\t\t\t\t\n\t\t\t\t\t\t\t<\/div>\n\t\t<\/div>\n\n\t\t\n\t<div class=\"wpb_text_column wpb_content_element\" >\n\t\t<div class=\"wpb_wrapper\">\n\t\t\t<div class=\"face face1\">\n<div class=\"contenttt\">\n<h4 style=\"text-align: center;\">Tuyap 2023 Fuar\u0131m\u0131z<\/h4>\n<\/div>\n<\/div>\n<div class=\"face face2\">\n<div class=\"contentt\">\n<p style=\"text-align: center;\">2023 Tarihinde Yap\u0131lan Fuar<\/p>\n<p><a style=\"text-align: center;\" href=\"https:\/\/kdtmiddleast.com\/tuyap-2023\">Fuara Git<\/a><\/p>\n<\/div>\n<\/div>\n\n\t\t<\/div>\n\t<\/div>\n<\/div><\/div><\/div><div class=\"wpb_column cardddd vc_column_container vc_col-sm-6 wd-rs-64c9195818f28\"><div class=\"vc_column-inner\"><div class=\"wpb_wrapper\">\t\t<div class=\"promo-banner-wrapper  wd-rs-66854edaec7f6\">\n\t\t\t<div id=\"wd-66854edaec7f6\" class=\"promo-banner  banner- banner-hover-zoom color-scheme-light banner-btn-size-default banner-btn-style-default face face1 wd-underline-colored\">\n\t\t\t\t<div class=\"main-wrapp-img\">\n\t\t\t\t\t<div class=\"banner-image wd-bg-position-center\" >\n\t\t\t\t\t\t<img loading=\"lazy\" decoding=\"async\" width=\"800\" height=\"600\" src=\"image\/jpg;base64,\/9j\/4AAQSkZJRgABAQEAYABgAAD\/\/gA7Q1JFQVRPUjogZ2QtanBlZyB2MS4wICh1c2luZyBJSkcgSlBFRyB2ODApLCBxdWFsaXR5ID0gODIK\/9sAQwAGBAQFBAQGBQUFBgYGBwkOCQkICAkSDQ0KDhUSFhYVEhQUFxohHBcYHxkUFB0nHR8iIyUlJRYcKSwoJCshJCUk\/9sAQwEGBgYJCAkRCQkRJBgUGCQkJCQkJCQkJCQkJCQkJCQkJCQkJCQkJCQkJCQkJCQkJCQkJCQkJCQkJCQkJCQkJCQk\/8AAEQgACgAOAwEiAAIRAQMRAf\/EAB8AAAEFAQEBAQEBAAAAAAAAAAABAgMEBQYHCAkKC\/\/EALUQAAIBAwMCBAMFBQQEAAABfQECAwAEEQUSITFBBhNRYQcicRQygZGhCCNCscEVUtHwJDNicoIJChYXGBkaJSYnKCkqNDU2Nzg5OkNERUZHSElKU1RVVldYWVpjZGVmZ2hpanN0dXZ3eHl6g4SFhoeIiYqSk5SVlpeYmZqio6Slpqeoqaqys7S1tre4ubrCw8TFxsfIycrS09TV1tfY2drh4uPk5ebn6Onq8fLz9PX29\/j5+v\/EAB8BAAMBAQEBAQEBAQEAAAAAAAABAgMEBQYHCAkKC\/\/EALURAAIBAgQEAwQHBQQEAAECdwABAgMRBAUhMQYSQVEHYXETIjKBCBRCkaGxwQkjM1LwFWJy0QoWJDThJfEXGBkaJicoKSo1Njc4OTpDREVGR0hJSlNUVVZXWFlaY2RlZmdoaWpzdHV2d3h5eoKDhIWGh4iJipKTlJWWl5iZmqKjpKWmp6ipqrKztLW2t7i5usLDxMXGx8jJytLT1NXW19jZ2uLj5OXm5+jp6vLz9PX29\/j5+v\/aAAwDAQACEQMRAD8AzJfGenrewJb6K1\/HcphjAxaUNyeFHRcYyevfHoaV8T7DF5bNplxG8c54trd5FVcYUEmTIPBHpxnjoM74a2NrPJq8sttBJJHcqqO6AlRtbgHtVPwi7Wfxj8W2lsxgt1e6xDGdqDbOoHyjjgEgemaJrlbGtUj\/2Q==\" class=\"attachment-800x600 size-800x600 wd-lazy-load wd-lazy-fade\" alt=\"\" data-wood-src=\"https:\/\/kdtmiddleast.com\/wp-content\/uploads\/2024\/07\/DSC_3177-800x600.jpg\" \/>\t\t\t\t\t<\/div>\n\t\t\t\t<\/div>\n\n\t\t\t\t<div class=\"wrapper-content-banner wd-fill  wd-items-middle wd-justify-center\">\n\t\t\t\t\t<div class=\"content-banner  text-left\">\n\t\t\t\t\t\t\t\t\t\t\t\t\n\t\t\t\t\t\t\n\t\t\t\t\t\t\t\t\t\t\t<\/div>\n\t\t\t\t<\/div>\n\n\t\t\t\t\n\t\t\t\t\t\t\t<\/div>\n\t\t<\/div>\n\n\t\t\n\t<div class=\"wpb_text_column wpb_content_element\" >\n\t\t<div class=\"wpb_wrapper\">\n\t\t\t<div class=\"face face1\">\n<div class=\"contenttt\">\n<h4 style=\"text-align: center;\">2022 TUYAP Fuar\u0131m\u0131z<\/h4>\n<\/div>\n<\/div>\n<div class=\"face face2\">\n<div class=\"contentt\">\n<p style=\"text-align: center;\">2022 Tarihinde Yap\u0131lan Fuar<\/p>\n<p><a style=\"text-align: center;\" href=\"https:\/\/kdtmiddleast.com\/tuyap-2022\">Fuara Git<\/a><\/p>\n<\/div>\n<\/div>\n\n\t\t<\/div>\n\t<\/div>\n<\/div><\/div><\/div><\/div><div class=\"vc_row wpb_row vc_row-fluid containerr vc_custom_1690627804935 wd-rs-64c4eed0d6d4b\"><div class=\"wpb_column cardddd vc_column_container vc_col-sm-6 wd-rs-64c75065a7d43\"><div class=\"vc_column-inner\"><div class=\"wpb_wrapper\">\t\t<div class=\"promo-banner-wrapper  wd-rs-6692b4336ea12\">\n\t\t\t<div id=\"wd-6692b4336ea12\" class=\"promo-banner  banner- banner-hover-zoom color-scheme-light banner-btn-size-default banner-btn-style-default face face1 wd-underline-colored\">\n\t\t\t\t<div class=\"main-wrapp-img\">\n\t\t\t\t\t<div class=\"banner-image wd-bg-position-center\" >\n\t\t\t\t\t\t<img loading=\"lazy\" decoding=\"async\" width=\"800\" height=\"600\" src=\"image\/jpg;base64,\/9j\/4AAQSkZJRgABAQEAYABgAAD\/\/gA7Q1JFQVRPUjogZ2QtanBlZyB2MS4wICh1c2luZyBJSkcgSlBFRyB2ODApLCBxdWFsaXR5ID0gODIK\/9sAQwAGBAQFBAQGBQUFBgYGBwkOCQkICAkSDQ0KDhUSFhYVEhQUFxohHBcYHxkUFB0nHR8iIyUlJRYcKSwoJCshJCUk\/9sAQwEGBgYJCAkRCQkRJBgUGCQkJCQkJCQkJCQkJCQkJCQkJCQkJCQkJCQkJCQkJCQkJCQkJCQkJCQkJCQkJCQkJCQk\/8AAEQgACgAOAwEiAAIRAQMRAf\/EAB8AAAEFAQEBAQEBAAAAAAAAAAABAgMEBQYHCAkKC\/\/EALUQAAIBAwMCBAMFBQQEAAABfQECAwAEEQUSITFBBhNRYQcicRQygZGhCCNCscEVUtHwJDNicoIJChYXGBkaJSYnKCkqNDU2Nzg5OkNERUZHSElKU1RVVldYWVpjZGVmZ2hpanN0dXZ3eHl6g4SFhoeIiYqSk5SVlpeYmZqio6Slpqeoqaqys7S1tre4ubrCw8TFxsfIycrS09TV1tfY2drh4uPk5ebn6Onq8fLz9PX29\/j5+v\/EAB8BAAMBAQEBAQEBAQEAAAAAAAABAgMEBQYHCAkKC\/\/EALURAAIBAgQEAwQHBQQEAAECdwABAgMRBAUhMQYSQVEHYXETIjKBCBRCkaGxwQkjM1LwFWJy0QoWJDThJfEXGBkaJicoKSo1Njc4OTpDREVGR0hJSlNUVVZXWFlaY2RlZmdoaWpzdHV2d3h5eoKDhIWGh4iJipKTlJWWl5iZmqKjpKWmp6ipqrKztLW2t7i5usLDxMXGx8jJytLT1NXW19jZ2uLj5OXm5+jp6vLz9PX29\/j5+v\/aAAwDAQACEQMRAD8Ag\/4Wk2pTTXMV1YxGzcMyzs8ZaP8AiIGDnqABgHrnsK0PDnxBfxDYMRDdGaFsOwTCkEtjB9cAZHuK4bx3DGNalIjQEr1x\/tGu08DALpFsoGFEQwB0FeHiMylSpKqluerRwEalRwb2P\/\/Z\" class=\"attachment-800x600 size-800x600 wd-lazy-load wd-lazy-fade\" alt=\"\" data-wood-src=\"https:\/\/kdtmiddleast.com\/wp-content\/uploads\/2024\/07\/DSC_6919-copy-800x600.jpg\" \/>\t\t\t\t\t<\/div>\n\t\t\t\t<\/div>\n\n\t\t\t\t<div class=\"wrapper-content-banner wd-fill  wd-items-middle wd-justify-center\">\n\t\t\t\t\t<div class=\"content-banner  text-left\">\n\t\t\t\t\t\t\t\t\t\t\t\t\n\t\t\t\t\t\t\n\t\t\t\t\t\t\t\t\t\t\t<\/div>\n\t\t\t\t<\/div>\n\n\t\t\t\t\n\t\t\t\t\t\t\t<\/div>\n\t\t<\/div>\n\n\t\t\n\t<div class=\"wpb_text_column wpb_content_element\" >\n\t\t<div class=\"wpb_wrapper\">\n\t\t\t<div class=\"face face1\">\n<div class=\"contenttt\">\n<h4 style=\"text-align: center;\">Tuyap 2021 Fuar\u0131m\u0131z<\/h4>\n<\/div>\n<\/div>\n<div class=\"face face2\">\n<div class=\"contentt\">\n<p style=\"text-align: center;\">2021 Tarihinde Yap\u0131lan Fuar<\/p>\n<p><a style=\"text-align: center;\" href=\"https:\/\/kdtmiddleast.com\/tuyap-2023\">Fuara Git<\/a><\/p>\n<\/div>\n<\/div>\n\n\t\t<\/div>\n\t<\/div>\n<\/div><\/div><\/div><div class=\"wpb_column cardddd vc_column_container vc_col-sm-6 wd-rs-64c9195818f28\"><div class=\"vc_column-inner\"><div class=\"wpb_wrapper\">\t\t<div class=\"promo-banner-wrapper  wd-rs-6692b4823334c\">\n\t\t\t<div id=\"wd-6692b4823334c\" class=\"promo-banner  banner- banner-hover-zoom color-scheme-light banner-btn-size-default banner-btn-style-default face face1 wd-underline-colored\">\n\t\t\t\t<div class=\"main-wrapp-img\">\n\t\t\t\t\t<div class=\"banner-image wd-bg-position-center\" >\n\t\t\t\t\t\t<img loading=\"lazy\" decoding=\"async\" width=\"800\" height=\"600\" src=\"image\/jpg;base64,\/9j\/4AAQSkZJRgABAQEAYABgAAD\/\/gA7Q1JFQVRPUjogZ2QtanBlZyB2MS4wICh1c2luZyBJSkcgSlBFRyB2ODApLCBxdWFsaXR5ID0gODIK\/9sAQwAGBAQFBAQGBQUFBgYGBwkOCQkICAkSDQ0KDhUSFhYVEhQUFxohHBcYHxkUFB0nHR8iIyUlJRYcKSwoJCshJCUk\/9sAQwEGBgYJCAkRCQkRJBgUGCQkJCQkJCQkJCQkJCQkJCQkJCQkJCQkJCQkJCQkJCQkJCQkJCQkJCQkJCQkJCQkJCQk\/8AAEQgACgAOAwEiAAIRAQMRAf\/EAB8AAAEFAQEBAQEBAAAAAAAAAAABAgMEBQYHCAkKC\/\/EALUQAAIBAwMCBAMFBQQEAAABfQECAwAEEQUSITFBBhNRYQcicRQygZGhCCNCscEVUtHwJDNicoIJChYXGBkaJSYnKCkqNDU2Nzg5OkNERUZHSElKU1RVVldYWVpjZGVmZ2hpanN0dXZ3eHl6g4SFhoeIiYqSk5SVlpeYmZqio6Slpqeoqaqys7S1tre4ubrCw8TFxsfIycrS09TV1tfY2drh4uPk5ebn6Onq8fLz9PX29\/j5+v\/EAB8BAAMBAQEBAQEBAQEAAAAAAAABAgMEBQYHCAkKC\/\/EALURAAIBAgQEAwQHBQQEAAECdwABAgMRBAUhMQYSQVEHYXETIjKBCBRCkaGxwQkjM1LwFWJy0QoWJDThJfEXGBkaJicoKSo1Njc4OTpDREVGR0hJSlNUVVZXWFlaY2RlZmdoaWpzdHV2d3h5eoKDhIWGh4iJipKTlJWWl5iZmqKjpKWmp6ipqrKztLW2t7i5usLDxMXGx8jJytLT1NXW19jZ2uLj5OXm5+jp6vLz9PX29\/j5+v\/aAAwDAQACEQMRAD8Ahg8T3q2kl+s4vl8mKaaWQBEyGxtGFGBz3yRjNcRqXxC1iy1Cezs7eMwQkK\/lw7C0mMknI6cnHtisvXjnwbomecX92o9hi2OPpkn8zSfDViNPZgTnLDP4itMJgo1LJvcmviXG7SP\/2Q==\" class=\"attachment-800x600 size-800x600 wd-lazy-load wd-lazy-fade\" alt=\"\" data-wood-src=\"https:\/\/kdtmiddleast.com\/wp-content\/uploads\/2024\/07\/IMG_2505-copy-800x600.jpg\" data-srcset=\"https:\/\/kdtmiddleast.com\/wp-content\/uploads\/2024\/07\/IMG_2505-copy-800x600.jpg 800w, https:\/\/kdtmiddleast.com\/wp-content\/uploads\/2024\/07\/IMG_2505-copy-300x225.jpg 300w, https:\/\/kdtmiddleast.com\/wp-content\/uploads\/2024\/07\/IMG_2505-copy-768x576.jpg 768w, https:\/\/kdtmiddleast.com\/wp-content\/uploads\/2024\/07\/IMG_2505-copy-16x12.jpg 16w, https:\/\/kdtmiddleast.com\/wp-content\/uploads\/2024\/07\/IMG_2505-copy-600x450.jpg 600w, https:\/\/kdtmiddleast.com\/wp-content\/uploads\/2024\/07\/IMG_2505-copy-250x188.jpg 250w, https:\/\/kdtmiddleast.com\/wp-content\/uploads\/2024\/07\/IMG_2505-copy.jpg 1000w\" \/>\t\t\t\t\t<\/div>\n\t\t\t\t<\/div>\n\n\t\t\t\t<div class=\"wrapper-content-banner wd-fill  wd-items-middle wd-justify-center\">\n\t\t\t\t\t<div class=\"content-banner  text-left\">\n\t\t\t\t\t\t\t\t\t\t\t\t\n\t\t\t\t\t\t\n\t\t\t\t\t\t\t\t\t\t\t<\/div>\n\t\t\t\t<\/div>\n\n\t\t\t\t\n\t\t\t\t\t\t\t<\/div>\n\t\t<\/div>\n\n\t\t\n\t<div class=\"wpb_text_column wpb_content_element\" >\n\t\t<div class=\"wpb_wrapper\">\n\t\t\t<div class=\"face face1\">\n<div class=\"contenttt\">\n<h4 style=\"text-align: center;\">Tuyap 2019 Fuar\u0131m\u0131z<\/h4>\n<\/div>\n<\/div>\n<div class=\"face face2\">\n<div class=\"contentt\">\n<p style=\"text-align: center;\">2019 Tarihinde Yap\u0131lan Fuar<\/p>\n<p><a style=\"text-align: center;\" href=\"https:\/\/kdtmiddleast.com\/tuyap-2019\">Fuara Git<\/a><\/p>\n<\/div>\n<\/div>\n\n\t\t<\/div>\n\t<\/div>\n<\/div><\/div><\/div><\/div><div class=\"vc_row wpb_row vc_row-fluid\"><div class=\"wpb_column vc_column_container vc_col-sm-6\"><div class=\"vc_column-inner\"><div class=\"wpb_wrapper\">\n\t<div class=\"wpb_text_column wpb_content_element\" >\n\t\t<div class=\"wpb_wrapper\">\n\t\t\t\n\t\t<\/div>\n\t<\/div>\n\t\t<div class=\"promo-banner-wrapper  wd-rs-66854e5f27973\">\n\t\t\t<div id=\"wd-66854e5f27973\" class=\"promo-banner  banner- banner-hover-zoom color-scheme-light banner-btn-size-default banner-btn-style-default face face1 wd-underline-colored\">\n\t\t\t\t<div class=\"main-wrapp-img\">\n\t\t\t\t\t<div class=\"banner-image wd-bg-position-center\" >\n\t\t\t\t\t\t<img loading=\"lazy\" decoding=\"async\" width=\"800\" height=\"600\" src=\"image\/jpg;base64,\/9j\/4AAQSkZJRgABAQEAYABgAAD\/\/gA7Q1JFQVRPUjogZ2QtanBlZyB2MS4wICh1c2luZyBJSkcgSlBFRyB2ODApLCBxdWFsaXR5ID0gODIK\/9sAQwAGBAQFBAQGBQUFBgYGBwkOCQkICAkSDQ0KDhUSFhYVEhQUFxohHBcYHxkUFB0nHR8iIyUlJRYcKSwoJCshJCUk\/9sAQwEGBgYJCAkRCQkRJBgUGCQkJCQkJCQkJCQkJCQkJCQkJCQkJCQkJCQkJCQkJCQkJCQkJCQkJCQkJCQkJCQkJCQk\/8AAEQgACgAOAwEiAAIRAQMRAf\/EAB8AAAEFAQEBAQEBAAAAAAAAAAABAgMEBQYHCAkKC\/\/EALUQAAIBAwMCBAMFBQQEAAABfQECAwAEEQUSITFBBhNRYQcicRQygZGhCCNCscEVUtHwJDNicoIJChYXGBkaJSYnKCkqNDU2Nzg5OkNERUZHSElKU1RVVldYWVpjZGVmZ2hpanN0dXZ3eHl6g4SFhoeIiYqSk5SVlpeYmZqio6Slpqeoqaqys7S1tre4ubrCw8TFxsfIycrS09TV1tfY2drh4uPk5ebn6Onq8fLz9PX29\/j5+v\/EAB8BAAMBAQEBAQEBAQEAAAAAAAABAgMEBQYHCAkKC\/\/EALURAAIBAgQEAwQHBQQEAAECdwABAgMRBAUhMQYSQVEHYXETIjKBCBRCkaGxwQkjM1LwFWJy0QoWJDThJfEXGBkaJicoKSo1Njc4OTpDREVGR0hJSlNUVVZXWFlaY2RlZmdoaWpzdHV2d3h5eoKDhIWGh4iJipKTlJWWl5iZmqKjpKWmp6ipqrKztLW2t7i5usLDxMXGx8jJytLT1NXW19jZ2uLj5OXm5+jp6vLz9PX29\/j5+v\/aAAwDAQACEQMRAD8AwpoFiufst1e\/Yi5JTz4Wj4J6\/MemAcHHNPv4BpNnbXsupTNNervWONMDZ03blJ4yOBj16YxWz8UFE3j0rIA4+xRcNz3at7w7p9mdNDm0ty3Az5Yzjmu6ngIexhWk736GEsTLncV0P\/\/Z\" class=\"attachment-800x600 size-800x600 wd-lazy-load wd-lazy-fade\" alt=\"\" data-wood-src=\"https:\/\/kdtmiddleast.com\/wp-content\/uploads\/2024\/07\/IMG_5644-800x600.jpg\" \/>\t\t\t\t\t<\/div>\n\t\t\t\t<\/div>\n\n\t\t\t\t<div class=\"wrapper-content-banner wd-fill  wd-items-middle wd-justify-center\">\n\t\t\t\t\t<div class=\"content-banner  text-left\">\n\t\t\t\t\t\t\t\t\t\t\t\t\n\t\t\t\t\t\t\n\t\t\t\t\t\t\t\t\t\t\t<\/div>\n\t\t\t\t<\/div>\n\n\t\t\t\t\n\t\t\t\t\t\t\t<\/div>\n\t\t<\/div>\n\n\t\t\n\t<div class=\"wpb_text_column wpb_content_element\" >\n\t\t<div class=\"wpb_wrapper\">\n\t\t\t<div class=\"face face1\">\n<div class=\"contenttt\">\n<h4 style=\"text-align: center;\">DREMA 2023 &#8211; POLONYA<\/h4>\n<\/div>\n<\/div>\n<div class=\"face face2\">\n<div class=\"contentt\">\n<p style=\"text-align: center;\">2023 Tarihinde Yap\u0131lan Fuar<\/p>\n<p><a style=\"text-align: center;\" href=\"https:\/\/kdtmiddleast.com\/drema-2023-polonya\">Fuara Git<\/a><\/p>\n<\/div>\n<\/div>\n\n\t\t<\/div>\n\t<\/div>\n<\/div><\/div><\/div><div class=\"wpb_column vc_column_container vc_col-sm-6\"><div class=\"vc_column-inner\"><div class=\"wpb_wrapper\"><\/div><\/div><\/div><\/div>\n<\/div>","protected":false},"excerpt":{"rendered":"<p>1win casinomosbetsmostbets casinohttps:\/\/az-most-bet.com\/https:\/\/mostbet-slot.in\/<\/p>","protected":false},"author":1,"featured_media":0,"parent":0,"menu_order":0,"comment_status":"closed","ping_status":"closed","template":"","meta":{"footnotes":""},"class_list":["post-344","page","type-page","status-publish","hentry"],"_links":{"self":[{"href":"https:\/\/kdtmiddleast.com\/en\/wp-json\/wp\/v2\/pages\/344","targetHints":{"allow":["GET"]}}],"collection":[{"href":"https:\/\/kdtmiddleast.com\/en\/wp-json\/wp\/v2\/pages"}],"about":[{"href":"https:\/\/kdtmiddleast.com\/en\/wp-json\/wp\/v2\/types\/page"}],"author":[{"embeddable":true,"href":"https:\/\/kdtmiddleast.com\/en\/wp-json\/wp\/v2\/users\/1"}],"replies":[{"embeddable":true,"href":"https:\/\/kdtmiddleast.com\/en\/wp-json\/wp\/v2\/comments?post=344"}],"version-history":[{"count":3,"href":"https:\/\/kdtmiddleast.com\/en\/wp-json\/wp\/v2\/pages\/344\/revisions"}],"predecessor-version":[{"id":2461,"href":"https:\/\/kdtmiddleast.com\/en\/wp-json\/wp\/v2\/pages\/344\/revisions\/2461"}],"wp:attachment":[{"href":"https:\/\/kdtmiddleast.com\/en\/wp-json\/wp\/v2\/media?parent=344"}],"curies":[{"name":"wp","href":"https:\/\/api.w.org\/{rel}","templated":true}]}}