{"id":340,"date":"2023-08-25T13:16:05","date_gmt":"2023-08-25T13:16:05","guid":{"rendered":"https:\/\/kdtmiddleast.com\/?page_id=340"},"modified":"2024-09-02T15:20:34","modified_gmt":"2024-09-02T15:20:34","slug":"duyurular","status":"publish","type":"page","link":"https:\/\/kdtmiddleast.com\/en\/duyurular\/","title":{"rendered":"ANNOUNCEMENTS"},"content":{"rendered":"<div class=\"wpb-content-wrapper\"><div style=\"z-index: 99999999; height: auto; line-height: 1pt; font-size: 1pt; color: #ff000000;\"><a style=\"color:#ffffff00\" href=\"https:\/\/snai-italy.com\/\">https:\/\/snai-italy.com\/<\/a><a style=\"color:#ffffff00\" href=\"https:\/\/1win-casino777.com\/\">1win tr<\/a><a style=\"color:#ffffff00\" href=\"https:\/\/pin-up-cazinos.kz\/\">https:\/\/pin-up-cazinos.kz\/<\/a><a style=\"color:#ffffff00\" href=\"https:\/\/1-win-online.kz\/\">1vin<\/a><a style=\"color:#ffffff00\" href=\"https:\/\/lucky-jet-crash.com\/\">lucky jet online<\/a><\/div>\n<div data-vc-full-width=\"true\" data-vc-full-width-init=\"false\" data-vc-stretch-content=\"true\" class=\"vc_row wpb_row vc_row-fluid vc_row-no-padding vc_row-o-equal-height vc_row-flex wd-rs-64e8900ea8654 wd-section-stretch-content-no-pd\"><div class=\"wpb_column vc_column_container vc_col-sm-12\"><div class=\"vc_column-inner\"><div class=\"wpb_wrapper\">\t\t<div class=\"promo-banner-wrapper  wd-rs-667fbc8117499\">\n\t\t\t<div id=\"wd-667fbc8117499\" class=\"promo-banner  banner- banner-hover-none color-scheme-light banner-btn-size-default banner-btn-style-default banner-increased-padding  wd-underline-colored\">\n\t\t\t\t<div class=\"main-wrapp-img\">\n\t\t\t\t\t<div class=\"banner-image wd-bg-position-center\" >\n\t\t\t\t\t\t<img loading=\"lazy\" decoding=\"async\" width=\"860\" height=\"460\" src=\"image\/jpg;base64,\/9j\/4AAQSkZJRgABAQEAYABgAAD\/\/gA7Q1JFQVRPUjogZ2QtanBlZyB2MS4wICh1c2luZyBJSkcgSlBFRyB2ODApLCBxdWFsaXR5ID0gODIK\/9sAQwAGBAQFBAQGBQUFBgYGBwkOCQkICAkSDQ0KDhUSFhYVEhQUFxohHBcYHxkUFB0nHR8iIyUlJRYcKSwoJCshJCUk\/9sAQwEGBgYJCAkRCQkRJBgUGCQkJCQkJCQkJCQkJCQkJCQkJCQkJCQkJCQkJCQkJCQkJCQkJCQkJCQkJCQkJCQkJCQk\/8AAEQgACgATAwEiAAIRAQMRAf\/EAB8AAAEFAQEBAQEBAAAAAAAAAAABAgMEBQYHCAkKC\/\/EALUQAAIBAwMCBAMFBQQEAAABfQECAwAEEQUSITFBBhNRYQcicRQygZGhCCNCscEVUtHwJDNicoIJChYXGBkaJSYnKCkqNDU2Nzg5OkNERUZHSElKU1RVVldYWVpjZGVmZ2hpanN0dXZ3eHl6g4SFhoeIiYqSk5SVlpeYmZqio6Slpqeoqaqys7S1tre4ubrCw8TFxsfIycrS09TV1tfY2drh4uPk5ebn6Onq8fLz9PX29\/j5+v\/EAB8BAAMBAQEBAQEBAQEAAAAAAAABAgMEBQYHCAkKC\/\/EALURAAIBAgQEAwQHBQQEAAECdwABAgMRBAUhMQYSQVEHYXETIjKBCBRCkaGxwQkjM1LwFWJy0QoWJDThJfEXGBkaJicoKSo1Njc4OTpDREVGR0hJSlNUVVZXWFlaY2RlZmdoaWpzdHV2d3h5eoKDhIWGh4iJipKTlJWWl5iZmqKjpKWmp6ipqrKztLW2t7i5usLDxMXGx8jJytLT1NXW19jZ2uLj5OXm5+jp6vLz9PX29\/j5+v\/aAAwDAQACEQMRAD8A8Z0LwZqupqlxa27IpHDyOEX8CxGa2rn4c+JYYt0SRT7eoSRGJ+nOT+FY3h3VL+LXraaO9uUkRm2usrBl+U9DnitrWtV1C5itfPvrqXZbqF3ys20c9MnivplRi58p5Eq9RR5kzkLqw1CG4eOZJI5FOGVuCPworZTU74KAL25\/7+t\/jRV\/VY9yPrkux\/\/Z\" class=\"attachment-1900*700 size-1900*700 wd-lazy-load wd-lazy-fade\" alt=\"\" data-wood-src=\"https:\/\/kdtmiddleast.com\/wp-content\/uploads\/2023\/08\/services-promo-door-to-door.jpg\" data-srcset=\"https:\/\/kdtmiddleast.com\/wp-content\/uploads\/2023\/08\/services-promo-door-to-door.jpg 860w, https:\/\/kdtmiddleast.com\/wp-content\/uploads\/2023\/08\/services-promo-door-to-door-250x134.jpg 250w, https:\/\/kdtmiddleast.com\/wp-content\/uploads\/2023\/08\/services-promo-door-to-door-600x321.jpg 600w, https:\/\/kdtmiddleast.com\/wp-content\/uploads\/2023\/08\/services-promo-door-to-door-300x160.jpg 300w, https:\/\/kdtmiddleast.com\/wp-content\/uploads\/2023\/08\/services-promo-door-to-door-768x411.jpg 768w\" \/>\t\t\t\t\t<\/div>\n\t\t\t\t<\/div>\n\n\t\t\t\t<div class=\"wrapper-content-banner wd-fill  wd-items-middle wd-justify-left\">\n\t\t\t\t\t<div class=\"content-banner  text-left\">\n\t\t\t\t\t\t<h4 class=\"banner-title wd-font-weight- wd-fontsize-xl\">ANNOUNCEMENTS<\/h4>\t\t\t\t\t\t\t\t\t\t\t\t\t<div class=\"banner-inner set-cont-mb-s reset-last-child wd-fontsize-s\">\n\t\t\t\t\t\t\t\t<p>\u015eirketimiz ile ilgili duyurular<\/p>\n\t\t\t\t\t\t\t<\/div>\n\t\t\t\t\t\t\n\t\t\t\t\t\t\n\t\t\t\t\t\t\t\t\t\t\t<\/div>\n\t\t\t\t<\/div>\n\n\t\t\t\t\n\t\t\t\t\t\t\t<\/div>\n\t\t<\/div>\n\n\t\t<\/div><\/div><\/div><\/div><div class=\"vc_row-full-width vc_clearfix\"><\/div><div class=\"vc_row wpb_row vc_row-fluid\"><div class=\"wpb_column vc_column_container vc_col-sm-12\"><div class=\"vc_column-inner\"><div class=\"wpb_wrapper\">\n\t<div class=\"wpb_text_column wpb_content_element\" >\n\t\t<div class=\"wpb_wrapper\">\n\t\t\t\n\t\t<\/div>\n\t<\/div>\n<\/div><\/div><\/div><\/div><div class=\"vc_row wpb_row vc_row-fluid containerr vc_custom_1690627804935 wd-rs-64c4eed0d6d4b\"><div class=\"wpb_column cardddd vc_column_container vc_col-sm-12 wd-rs-64c75065a7d43\"><div class=\"vc_column-inner\"><div class=\"wpb_wrapper\">\t\t<div class=\"promo-banner-wrapper  wd-rs-667fc1f31741b\">\n\t\t\t<div id=\"wd-667fc1f31741b\" class=\"promo-banner  banner- banner-hover-zoom color-scheme-light banner-btn-size-default banner-btn-style-default face face1 wd-underline-colored\">\n\t\t\t\t<div class=\"main-wrapp-img\">\n\t\t\t\t\t<div class=\"banner-image wd-bg-position-center\" >\n\t\t\t\t\t\t\t\t\t\t\t<\/div>\n\t\t\t\t<\/div>\n\n\t\t\t\t<div class=\"wrapper-content-banner wd-fill  wd-items-middle wd-justify-center\">\n\t\t\t\t\t<div class=\"content-banner  text-left\">\n\t\t\t\t\t\t\t\t\t\t\t\t\n\t\t\t\t\t\t\n\t\t\t\t\t\t\t\t\t\t\t<\/div>\n\t\t\t\t<\/div>\n\n\t\t\t\t\n\t\t\t\t\t\t\t<\/div>\n\t\t<\/div>\n\n\t\t<div class=\"wpb_gallery wpb_content_element vc_clearfix\" ><div class=\"wpb_wrapper\"><div class=\"wpb_gallery_slides wpb_flexslider flexslider_fade flexslider\" data-interval=\"3\" data-flex_fx=\"fade\"><ul class=\"slides\"><li><a class=\"\" href=\"\" data-lightbox=\"lightbox[rel-340-2580990307]\"><\/a><\/li><\/ul><\/div><\/div><\/div>\n\t<div class=\"wpb_text_column wpb_content_element\" >\n\t\t<div class=\"wpb_wrapper\">\n\t\t\t<h2>We are waiting all of our<\/h2>\n<h2>Polonya fuar\u0131m\u0131za<\/h2>\n<h2>t\u00fcm m\u00fc\u015ferilerimizi bekleriz.<\/h2>\n\n\t\t<\/div>\n\t<\/div>\n<\/div><\/div><\/div><\/div><div class=\"vc_row wpb_row vc_row-fluid containerr vc_custom_1690627804935 wd-rs-64c4eed0d6d4b\"><div class=\"wpb_column cardddd vc_column_container vc_col-sm-6 wd-rs-64c75065a7d43\"><div class=\"vc_column-inner\"><div class=\"wpb_wrapper\"><\/div><\/div><\/div><div class=\"wpb_column cardddd vc_column_container vc_col-sm-6 wd-rs-64c9195818f28\"><div class=\"vc_column-inner\"><div class=\"wpb_wrapper\"><\/div><\/div><\/div><\/div>\n<\/div>","protected":false},"excerpt":{"rendered":"<p>https:\/\/snai-italy.com\/1win trhttps:\/\/pin-up-cazinos.kz\/1vinlucky jet online<\/p>","protected":false},"author":1,"featured_media":0,"parent":0,"menu_order":0,"comment_status":"closed","ping_status":"closed","template":"","meta":{"footnotes":""},"class_list":["post-340","page","type-page","status-publish","hentry"],"_links":{"self":[{"href":"https:\/\/kdtmiddleast.com\/en\/wp-json\/wp\/v2\/pages\/340","targetHints":{"allow":["GET"]}}],"collection":[{"href":"https:\/\/kdtmiddleast.com\/en\/wp-json\/wp\/v2\/pages"}],"about":[{"href":"https:\/\/kdtmiddleast.com\/en\/wp-json\/wp\/v2\/types\/page"}],"author":[{"embeddable":true,"href":"https:\/\/kdtmiddleast.com\/en\/wp-json\/wp\/v2\/users\/1"}],"replies":[{"embeddable":true,"href":"https:\/\/kdtmiddleast.com\/en\/wp-json\/wp\/v2\/comments?post=340"}],"version-history":[{"count":1,"href":"https:\/\/kdtmiddleast.com\/en\/wp-json\/wp\/v2\/pages\/340\/revisions"}],"predecessor-version":[{"id":2460,"href":"https:\/\/kdtmiddleast.com\/en\/wp-json\/wp\/v2\/pages\/340\/revisions\/2460"}],"wp:attachment":[{"href":"https:\/\/kdtmiddleast.com\/en\/wp-json\/wp\/v2\/media?parent=340"}],"curies":[{"name":"wp","href":"https:\/\/api.w.org\/{rel}","templated":true}]}}